{"id":5973,"date":"2024-03-04T16:57:58","date_gmt":"2024-03-04T14:57:58","guid":{"rendered":"https:\/\/www.foveaip.com\/ueber-uns\/technology\/"},"modified":"2024-07-25T17:32:58","modified_gmt":"2024-07-25T15:32:58","slug":"technologie","status":"publish","type":"page","link":"https:\/\/www.foveaip.com\/de\/ueber-uns\/technologie\/","title":{"rendered":"Technologie"},"content":{"rendered":"<div class=\"wpb-content-wrapper\"><p>[vc_row full_width=&#8220;stretch_row&#8220; content_placement=&#8220;middle&#8220; row_height=&#8220;row_500px&#8220; row_color=&#8220;black&#8220; cat_circle=&#8220;cta-circle-yes&#8220; css=&#8220;.vc_custom_1713439298710{background-image: url(https:\/\/www.foveaip.com\/wp-content\/uploads\/2024\/04\/technology.jpg?id=4985) !important;}&#8220;][vc_column]\r\n        <div class=\"sd-cta-circle\">\r\n            <div class=\"circle-inner color-blue\">\r\n        <div class=\"sd-block-title \">\r\n            <h1 class=\"sd-block-title-htag  font-huge color-white align-center margin-bottom-30px\">Unsere fortschrittliche Technologie<\/h1>\r\n        <\/div>\r\n        <div class=\"sd-block-text margin-bottom-0px \r\n            size-large \r\n            color-white\r\n            \r\n            \r\n            \">\r\n            <p>Der sch\u00e4rfste Blick auf IP<\/p>\n\r\n        <\/div>\r\n            <\/div>\r\n        <\/div>[\/vc_column][\/vc_row][vc_row full_width=&#8220;stretch_row&#8220; content_placement=&#8220;top&#8220;][vc_column width=&#8220;7\/12&#8243;]\r\n        <div class=\"sd-block-title \">\r\n            <h3 class=\"sd-block-title-htag  font-middle color-black align-left margin-bottom-30px\">Entdecken Sie die Fovea IP-Technologie: Revolutionierung des Zugangs zu umfangreichen IP-Daten<\/h3>\r\n        <\/div>\r\n        <div class=\"sd-block-title \">\r\n            <h3 class=\"sd-block-title-htag  font-small color-black align-left margin-bottom-30px\">Fortschittliches Recherche- und \u00dcberwachungssystem<\/h3>\r\n        <\/div>\r\n        <div class=\"sd-block-text margin-bottom-60px \r\n            size-regular \r\n            color-black\r\n            \r\n            \r\n            \">\r\n            <p>Unsere hochmoderne globale Plattform f\u00fcr die Recherche und \u00dcberwachung von IP-Daten nutzt neueste Technologien f\u00fcr unvergleichliche Suchmaschinenfunktionen. Wir haben in eine ausgefeilte Architektur investiert, die weit \u00fcber die herk\u00f6mmlichen Datenl\u00f6sungen hinausgeht und komplexe Verbindungen, Beziehungen und die zugrundeliegenden Datenmodelle vereint. Dieses fortschrittliche System erm\u00f6glicht es Fovea IP, Recherchen mit au\u00dfergew\u00f6hnlicher Effizienz, Geschwindigkeit und Relevanz durchzuf\u00fchren. Durch den Einsatz selbst entwickelter KI-Technologien rationalisiert und verbessert Fovea IP die Prozesse und reduziert den Zeit- und Ressourcenaufwand f\u00fcr umfassende Markenanalysen erheblich.<\/p>\n\r\n        <\/div>\r\n        <div class=\"sd-block-title \">\r\n            <h3 class=\"sd-block-title-htag  font-small color-black align-left margin-bottom-30px\">Umfassende Erfahrung und Qualit\u00e4tsstandards<\/h3>\r\n        <\/div>\r\n        <div class=\"sd-block-text margin-bottom-60px \r\n            size-regular \r\n            color-black\r\n            \r\n            \r\n            \">\r\n            <p>Fovea IP erf\u00fcllt stets die h\u00f6chsten Qualit\u00e4tsstandards &#8211; unterst\u00fctzt von einem dynamischen Team erfahrener IP-Recherche und \u00dcberwachungsspezialisten, sowie mit Hilfe modernster Technologien. Unsere Plattform ist nicht nur die zuverl\u00e4ssigste und relevanteste, sondern erreicht auch eine bis zu 5-mal schnellere Leistung, die f\u00fcr die Nutzung gro\u00dfer Datenmengen optimiert ist. Diese Optimierung wird sowohl den Bed\u00fcrfnissen professioneller Nutzer als auch denen von Gelegenheitsnutzern gerecht.<\/p>\n<p>Erleben Sie den Fovea IP-Vorteil noch heute und verschaffen Sie sich einen unvergleichlichen Zugang zu den umfangreichsten IP-Daten mit un\u00fcbertroffener Geschwindigkeit.<\/p>\n<p>Fovea IP. Der sch\u00e4rfste Blick auf IP.<\/p>\n\r\n        <\/div>[\/vc_column][vc_column width=&#8220;1\/12&#8243;][\/vc_column][vc_column width=&#8220;4\/12&#8243;]\r\n        <div class=\"sd-cta-text \r\n            margin-bottom-0px \r\n            cta-text. \r\n            bg-yellow sticky\"\r\n            >\r\n                <a href=\"https:\/\/www.foveaip.com\/de\/downloads\/kostenloser-testzugang\/\">\r\n                <p>\u00dcberzeugen Sie sich selbst von der Einzigartigkeit unserer Plattform<\/p>\r\n        <div class=\"sd-block-button  margin-bottom-0px no-background size-regular text-color-black align-left\">\r\n                <span class=\"inner-button\"\r\n                href=\"\" title=\"Kostenlosen Testzugang anfordern\">Kostenlosen Testzugang anfordern<svg xmlns=\"http:\/\/www.w3.org\/2000\/svg\" viewBox=\"0 0 16 16\"><path fill=\"currentColor\" d=\"M12.2,9H0V7h12.2L6.6,1.4L8,0l8,8l-8,8l-1.4-1.4L12.2,9z\"\/><\/svg><\/span>\r\n        <\/div>\r\n                <\/a>\r\n        <\/div>[\/vc_column][\/vc_row]<\/p>\n<\/div>","protected":false},"excerpt":{"rendered":"<p>[vc_row full_width=&#8220;stretch_row&#8220; content_placement=&#8220;middle&#8220; row_height=&#8220;row_500px&#8220; row_color=&#8220;black&#8220; cat_circle=&#8220;cta-circle-yes&#8220; css=&#8220;.vc_custom_1713439298710{background-image: url(https:\/\/www.foveaip.com\/wp-content\/uploads\/2024\/04\/technology.jpg?id=4985) !important;}&#8220;][vc_column][\/vc_column][\/vc_row][vc_row full_width=&#8220;stretch_row&#8220; content_placement=&#8220;top&#8220;][vc_column width=&#8220;7\/12&#8243;][\/vc_column][vc_column width=&#8220;1\/12&#8243;][\/vc_column][vc_column width=&#8220;4\/12&#8243;][\/vc_column][\/vc_row]<\/p>\n","protected":false},"author":1,"featured_media":0,"parent":5958,"menu_order":5,"comment_status":"closed","ping_status":"closed","template":"","meta":{"_acf_changed":false,"content-type":"","footnotes":""},"class_list":["post-5973","page","type-page","status-publish","hentry"],"acf":[],"yoast_head":"<!-- This site is optimized with the Yoast SEO plugin v26.8 - https:\/\/yoast.com\/product\/yoast-seo-wordpress\/ -->\n<title>Fovea IP-Technologie | Fovea IP<\/title>\n<meta name=\"description\" content=\"Entdecken Sie die Fovea IP-Technologie: Revolutionierung des Zugangs zu umfangreichen IP-Daten\" \/>\n<meta name=\"robots\" content=\"index, follow, max-snippet:-1, max-image-preview:large, max-video-preview:-1\" \/>\n<link rel=\"canonical\" href=\"https:\/\/www.foveaip.com\/de\/ueber-uns\/technologie\/\" \/>\n<meta property=\"og:locale\" content=\"de_DE\" \/>\n<meta property=\"og:type\" content=\"article\" \/>\n<meta property=\"og:title\" content=\"Fovea IP-Technologie | Fovea IP\" \/>\n<meta property=\"og:description\" content=\"Entdecken Sie die Fovea IP-Technologie: Revolutionierung des Zugangs zu umfangreichen IP-Daten\" \/>\n<meta property=\"og:url\" content=\"https:\/\/www.foveaip.com\/de\/ueber-uns\/technologie\/\" \/>\n<meta property=\"og:site_name\" content=\"Fovea IP\" \/>\n<meta property=\"article:modified_time\" content=\"2024-07-25T15:32:58+00:00\" \/>\n<meta property=\"og:image\" content=\"https:\/\/www.foveaip.com\/wp-content\/uploads\/2024\/03\/foveaip-social-share-afbeelding-voor-yoast.jpg\" \/>\n\t<meta property=\"og:image:width\" content=\"1200\" \/>\n\t<meta property=\"og:image:height\" content=\"630\" \/>\n\t<meta property=\"og:image:type\" content=\"image\/jpeg\" \/>\n<meta name=\"twitter:card\" content=\"summary_large_image\" \/>\n<meta name=\"twitter:label1\" content=\"Gesch\u00e4tzte Lesezeit\" \/>\n\t<meta name=\"twitter:data1\" content=\"2\u00a0Minuten\" \/>\n<script type=\"application\/ld+json\" class=\"yoast-schema-graph\">{\"@context\":\"https:\/\/schema.org\",\"@graph\":[{\"@type\":\"WebPage\",\"@id\":\"https:\/\/www.foveaip.com\/de\/ueber-uns\/technologie\/\",\"url\":\"https:\/\/www.foveaip.com\/de\/ueber-uns\/technologie\/\",\"name\":\"Fovea IP-Technologie | Fovea IP\",\"isPartOf\":{\"@id\":\"https:\/\/www.foveaip.com\/de\/#website\"},\"datePublished\":\"2024-03-04T14:57:58+00:00\",\"dateModified\":\"2024-07-25T15:32:58+00:00\",\"description\":\"Entdecken Sie die Fovea IP-Technologie: Revolutionierung des Zugangs zu umfangreichen IP-Daten\",\"breadcrumb\":{\"@id\":\"https:\/\/www.foveaip.com\/de\/ueber-uns\/technologie\/#breadcrumb\"},\"inLanguage\":\"de\",\"potentialAction\":[{\"@type\":\"ReadAction\",\"target\":[\"https:\/\/www.foveaip.com\/de\/ueber-uns\/technologie\/\"]}]},{\"@type\":\"BreadcrumbList\",\"@id\":\"https:\/\/www.foveaip.com\/de\/ueber-uns\/technologie\/#breadcrumb\",\"itemListElement\":[{\"@type\":\"ListItem\",\"position\":1,\"name\":\"Home\",\"item\":\"https:\/\/www.foveaip.com\/de\/\"},{\"@type\":\"ListItem\",\"position\":2,\"name\":\"\u00dcber uns\",\"item\":\"https:\/\/www.foveaip.com\/de\/ueber-uns\/\"},{\"@type\":\"ListItem\",\"position\":3,\"name\":\"Technologie\"}]},{\"@type\":\"WebSite\",\"@id\":\"https:\/\/www.foveaip.com\/de\/#website\",\"url\":\"https:\/\/www.foveaip.com\/de\/\",\"name\":\"Fovea IP\",\"description\":\"The sharpest Eye on IP\",\"publisher\":{\"@id\":\"https:\/\/www.foveaip.com\/de\/#organization\"},\"inLanguage\":\"de\"},{\"@type\":\"Organization\",\"@id\":\"https:\/\/www.foveaip.com\/de\/#organization\",\"name\":\"Fovea IP\",\"url\":\"https:\/\/www.foveaip.com\/de\/\",\"logo\":{\"@type\":\"ImageObject\",\"inLanguage\":\"de\",\"@id\":\"https:\/\/www.foveaip.com\/de\/#\/schema\/logo\/image\/\",\"url\":\"https:\/\/www.foveaip.com\/wp-content\/uploads\/2024\/03\/foveaip-social-share-afbeelding-voor-yoast.jpg\",\"contentUrl\":\"https:\/\/www.foveaip.com\/wp-content\/uploads\/2024\/03\/foveaip-social-share-afbeelding-voor-yoast.jpg\",\"width\":1200,\"height\":630,\"caption\":\"Fovea IP\"},\"image\":{\"@id\":\"https:\/\/www.foveaip.com\/de\/#\/schema\/logo\/image\/\"},\"sameAs\":[\"https:\/\/www.linkedin.com\/company\/foveaip\/\"]}]}<\/script>\n<!-- \/ Yoast SEO plugin. -->","yoast_head_json":{"title":"Fovea IP-Technologie | Fovea IP","description":"Entdecken Sie die Fovea IP-Technologie: Revolutionierung des Zugangs zu umfangreichen IP-Daten","robots":{"index":"index","follow":"follow","max-snippet":"max-snippet:-1","max-image-preview":"max-image-preview:large","max-video-preview":"max-video-preview:-1"},"canonical":"https:\/\/www.foveaip.com\/de\/ueber-uns\/technologie\/","og_locale":"de_DE","og_type":"article","og_title":"Fovea IP-Technologie | Fovea IP","og_description":"Entdecken Sie die Fovea IP-Technologie: Revolutionierung des Zugangs zu umfangreichen IP-Daten","og_url":"https:\/\/www.foveaip.com\/de\/ueber-uns\/technologie\/","og_site_name":"Fovea IP","article_modified_time":"2024-07-25T15:32:58+00:00","og_image":[{"width":1200,"height":630,"url":"https:\/\/www.foveaip.com\/wp-content\/uploads\/2024\/03\/foveaip-social-share-afbeelding-voor-yoast.jpg","type":"image\/jpeg"}],"twitter_card":"summary_large_image","twitter_misc":{"Gesch\u00e4tzte Lesezeit":"2\u00a0Minuten"},"schema":{"@context":"https:\/\/schema.org","@graph":[{"@type":"WebPage","@id":"https:\/\/www.foveaip.com\/de\/ueber-uns\/technologie\/","url":"https:\/\/www.foveaip.com\/de\/ueber-uns\/technologie\/","name":"Fovea IP-Technologie | Fovea IP","isPartOf":{"@id":"https:\/\/www.foveaip.com\/de\/#website"},"datePublished":"2024-03-04T14:57:58+00:00","dateModified":"2024-07-25T15:32:58+00:00","description":"Entdecken Sie die Fovea IP-Technologie: Revolutionierung des Zugangs zu umfangreichen IP-Daten","breadcrumb":{"@id":"https:\/\/www.foveaip.com\/de\/ueber-uns\/technologie\/#breadcrumb"},"inLanguage":"de","potentialAction":[{"@type":"ReadAction","target":["https:\/\/www.foveaip.com\/de\/ueber-uns\/technologie\/"]}]},{"@type":"BreadcrumbList","@id":"https:\/\/www.foveaip.com\/de\/ueber-uns\/technologie\/#breadcrumb","itemListElement":[{"@type":"ListItem","position":1,"name":"Home","item":"https:\/\/www.foveaip.com\/de\/"},{"@type":"ListItem","position":2,"name":"\u00dcber uns","item":"https:\/\/www.foveaip.com\/de\/ueber-uns\/"},{"@type":"ListItem","position":3,"name":"Technologie"}]},{"@type":"WebSite","@id":"https:\/\/www.foveaip.com\/de\/#website","url":"https:\/\/www.foveaip.com\/de\/","name":"Fovea IP","description":"The sharpest Eye on IP","publisher":{"@id":"https:\/\/www.foveaip.com\/de\/#organization"},"inLanguage":"de"},{"@type":"Organization","@id":"https:\/\/www.foveaip.com\/de\/#organization","name":"Fovea IP","url":"https:\/\/www.foveaip.com\/de\/","logo":{"@type":"ImageObject","inLanguage":"de","@id":"https:\/\/www.foveaip.com\/de\/#\/schema\/logo\/image\/","url":"https:\/\/www.foveaip.com\/wp-content\/uploads\/2024\/03\/foveaip-social-share-afbeelding-voor-yoast.jpg","contentUrl":"https:\/\/www.foveaip.com\/wp-content\/uploads\/2024\/03\/foveaip-social-share-afbeelding-voor-yoast.jpg","width":1200,"height":630,"caption":"Fovea IP"},"image":{"@id":"https:\/\/www.foveaip.com\/de\/#\/schema\/logo\/image\/"},"sameAs":["https:\/\/www.linkedin.com\/company\/foveaip\/"]}]}},"_links":{"self":[{"href":"https:\/\/www.foveaip.com\/de\/wp-json\/wp\/v2\/pages\/5973","targetHints":{"allow":["GET"]}}],"collection":[{"href":"https:\/\/www.foveaip.com\/de\/wp-json\/wp\/v2\/pages"}],"about":[{"href":"https:\/\/www.foveaip.com\/de\/wp-json\/wp\/v2\/types\/page"}],"author":[{"embeddable":true,"href":"https:\/\/www.foveaip.com\/de\/wp-json\/wp\/v2\/users\/1"}],"replies":[{"embeddable":true,"href":"https:\/\/www.foveaip.com\/de\/wp-json\/wp\/v2\/comments?post=5973"}],"version-history":[{"count":3,"href":"https:\/\/www.foveaip.com\/de\/wp-json\/wp\/v2\/pages\/5973\/revisions"}],"predecessor-version":[{"id":7260,"href":"https:\/\/www.foveaip.com\/de\/wp-json\/wp\/v2\/pages\/5973\/revisions\/7260"}],"up":[{"embeddable":true,"href":"https:\/\/www.foveaip.com\/de\/wp-json\/wp\/v2\/pages\/5958"}],"wp:attachment":[{"href":"https:\/\/www.foveaip.com\/de\/wp-json\/wp\/v2\/media?parent=5973"}],"curies":[{"name":"wp","href":"https:\/\/api.w.org\/{rel}","templated":true}]}}