{"id":5997,"date":"2024-04-02T14:48:54","date_gmt":"2024-04-02T12:48:54","guid":{"rendered":"https:\/\/www.foveaip.com\/cookie-policy\/"},"modified":"2024-08-23T13:20:36","modified_gmt":"2024-08-23T11:20:36","slug":"cookie-richtlinie","status":"publish","type":"page","link":"https:\/\/www.foveaip.com\/de\/cookie-richtlinie\/","title":{"rendered":"Cookie-Richtlinie"},"content":{"rendered":"<div class=\"wpb-content-wrapper\"><p>[vc_row full_width=&#8220;stretch_row&#8220; content_placement=&#8220;middle&#8220; row_height=&#8220;row_500px&#8220; row_color=&#8220;blue&#8220; cat_circle=&#8220;cta-circle-yes&#8220;][vc_column]\r\n        <div class=\"sd-cta-circle\">\r\n            <div class=\"circle-inner color-blue\">\r\n        <div class=\"sd-block-title \">\r\n            <h1 class=\"sd-block-title-htag  font-huge color-white align-center margin-bottom-0px\">COOKIE-RICHTLINIEN<\/h1>\r\n        <\/div>\r\n            <\/div>\r\n        <\/div>[\/vc_column][\/vc_row][vc_row][vc_column width=&#8220;7\/12&#8243;]\r\n        <div class=\"sd-block-title \">\r\n            <h2 class=\"sd-block-title-htag  font-large color-black align-left margin-bottom-30px\">Der Schutz Ihrer Privatsph\u00e4re: unsere Priorit\u00e4t, unser Schutz<\/h2>\r\n        <\/div>\r\n        <div class=\"sd-block-text margin-bottom-60px \r\n            size-regular \r\n            color-black\r\n            \r\n            \r\n            \">\r\n            <p>Wir verwenden eine Standardtechnologie mit \u201eCookies&#8220; und Webserverprotokollen, um Einblicke in die Nutzung unseres Dienstes zu erhalten, \u00e4hnlich wie andere kommerzielle Webseiten. <\/p>\n\r\n        <\/div>\r\n        <div class=\"sd-block-title \">\r\n            <h3 class=\"sd-block-title-htag  font-middle color-black align-left margin-bottom-30px\">Cookies und Datenerfassung verstehen<\/h3>\r\n        <\/div>\r\n        <div class=\"sd-block-text margin-bottom-60px \r\n            size-regular \r\n            color-black\r\n            \r\n            \r\n            \">\r\n            <p>Cookies, die in die Software von Webbrowsern integriert sind, erm\u00f6glichen es Webservern, den Computer zu identifizieren, der eine Webseite besucht. Diese kleinen Datenfragmente werden von dem Webbrowser eines Nutzers auf dessen Festplatte gespeichert.<\/p>\n<p>Cookies unterscheiden sich nach Art und Zweck der Datenerfassung. Die aus Cookies und Webserverprotokollen gewonnenen Informationen k\u00f6nnen Besuchszeitstempel, aufgerufene Seiten, Verweildauer auf unserer Webseite sowie vor und nach unserer Webseite besuchte Webseiten umfassen.<\/p>\n<p>W\u00e4hrend Ihrer Besuche auf der Webseite k\u00f6nnen tempor\u00e4re \u201eSession&#8220;-Cookies auf Ihrem Ger\u00e4t abgelegt werden, um die Navigation zu erleichtern und Ihre Identit\u00e4t zu best\u00e4tigen. Diese Sitzungscookies werden automatisch gel\u00f6scht, wenn Sie Ihre Browsersitzung beenden. Die \u00fcber Sitzungscookies gesammelten Daten werden aggregiert, so dass die Anonymit\u00e4t des Einzelnen gew\u00e4hrleistet ist. <\/p>\n\r\n        <\/div>\r\n        <div class=\"sd-block-title \">\r\n            <h3 class=\"sd-block-title-htag  font-middle color-black align-left margin-bottom-30px\">Analytische Dienstleistungen von Drittanbietern<\/h3>\r\n        <\/div>\r\n        <div class=\"sd-block-text margin-bottom-60px \r\n            size-regular \r\n            color-black\r\n            \r\n            \r\n            \">\r\n            <p>Wir k\u00f6nnen Dienste von Drittanbietern in Anspruch nehmen, um Daten \u00fcber die Nutzerverwendunge unserer Webseite zu sammeln, damit wir Berichte erstellen und die Funktionalit\u00e4t verbessern k\u00f6nnen. Einige dieser Dienste erfassen gesammelte, nicht personenbezogene Daten, einschlie\u00dflich vom Browser gesendete Daten mit Webseitenanfragen, IP-Adressen, Besuchsdauern und Verweisquellen (z. B. Suchmaschinen oder soziale Medien). <\/p>\n\r\n        <\/div>\r\n        <div class=\"sd-block-title \">\r\n            <h3 class=\"sd-block-title-htag  font-middle color-black align-left margin-bottom-30px\">Verwaltung Ihrer Cookies<\/h3>\r\n        <\/div>\r\n        <div class=\"sd-block-text margin-bottom-60px \r\n            size-regular \r\n            color-black\r\n            \r\n            \r\n            \">\r\n            <p>Da viele Webseiten, darunter auch unsere, Cookies oder \u00e4hnliche Tracking-Tools verwenden, um die Benutzererfahrung anzupassen, sind die meisten Internetbrowser zun\u00e4chst so konfiguriert, dass sie diese akzeptieren. Sie haben die M\u00f6glichkeit, Cookies oder Tracking-Tools \u00fcber die Einstellungen Ihres Browsers zu deaktivieren, obwohl bestimmte Funktionen der Webseite ohne sie m\u00f6glicherweise nicht optimal funktionieren. Bitte lesen Sie in den Einstellungen Ihres Browsers nach, wie Sie Cookies gegebenenfalls deaktivieren k\u00f6nnen. <\/p>\n\r\n        <\/div>\r\n        <div class=\"sd-block-title \">\r\n            <h3 class=\"sd-block-title-htag  font-middle color-black align-left margin-bottom-30px\">``Nicht Verfolgen``-Funktion<\/h3>\r\n        <\/div>\r\n        <div class=\"sd-block-text margin-bottom-0px \r\n            size-regular \r\n            color-black\r\n            \r\n            \r\n            \">\r\n            <p>Einige moderne Internet-Browser bieten eine \u201eNicht Verfolgen\u201c-Funktion, mit der Sie Webseiten signalisieren k\u00f6nnen, dass Sie beim Surfen nicht verfolgt werden m\u00f6chten. Die Webseiten reagieren unterschiedlich auf dieses Signal, da es keine einheitliche Interpretation gibt. Daher erkennt unsere Webseite derzeit das \u201eNicht Verfolgen\u201c-Signal von Browsern nicht an, und die meisten Cookies bleiben bestehen, bis sie manuell gel\u00f6scht werden. <\/p>\n\r\n        <\/div>[\/vc_column][vc_column width=&#8220;1\/12&#8243;][\/vc_column][vc_column width=&#8220;4\/12&#8243;][\/vc_column][\/vc_row]<\/p>\n<\/div>","protected":false},"excerpt":{"rendered":"<p>[vc_row full_width=&#8220;stretch_row&#8220; content_placement=&#8220;middle&#8220; row_height=&#8220;row_500px&#8220; row_color=&#8220;blue&#8220; cat_circle=&#8220;cta-circle-yes&#8220;][vc_column][\/vc_column][\/vc_row][vc_row][vc_column width=&#8220;7\/12&#8243;][\/vc_column][vc_column width=&#8220;1\/12&#8243;][\/vc_column][vc_column width=&#8220;4\/12&#8243;][\/vc_column][\/vc_row]<\/p>\n","protected":false},"author":1,"featured_media":0,"parent":0,"menu_order":0,"comment_status":"closed","ping_status":"closed","template":"","meta":{"_acf_changed":false,"content-type":"","footnotes":""},"class_list":["post-5997","page","type-page","status-publish","hentry"],"acf":[],"yoast_head":"<!-- This site is optimized with the Yoast SEO plugin v26.8 - https:\/\/yoast.com\/product\/yoast-seo-wordpress\/ -->\n<title>Bedingungen und Konditionen | Fovea IP<\/title>\n<meta name=\"description\" content=\"Der Schutz Ihrer Privatsph\u00e4re: unsere Priorit\u00e4t, unser Schutz\" \/>\n<meta name=\"robots\" content=\"index, follow, max-snippet:-1, max-image-preview:large, max-video-preview:-1\" \/>\n<link rel=\"canonical\" href=\"https:\/\/www.foveaip.com\/de\/cookie-richtlinie\/\" \/>\n<meta property=\"og:locale\" content=\"de_DE\" \/>\n<meta property=\"og:type\" content=\"article\" \/>\n<meta property=\"og:title\" content=\"Bedingungen und Konditionen | Fovea IP\" \/>\n<meta property=\"og:description\" content=\"Der Schutz Ihrer Privatsph\u00e4re: unsere Priorit\u00e4t, unser Schutz\" \/>\n<meta property=\"og:url\" content=\"https:\/\/www.foveaip.com\/de\/cookie-richtlinie\/\" \/>\n<meta property=\"og:site_name\" content=\"Fovea IP\" \/>\n<meta property=\"article:modified_time\" content=\"2024-08-23T11:20:36+00:00\" \/>\n<meta property=\"og:image\" content=\"https:\/\/www.foveaip.com\/wp-content\/uploads\/2024\/03\/foveaip-social-share-afbeelding-voor-yoast.jpg\" \/>\n\t<meta property=\"og:image:width\" content=\"1200\" \/>\n\t<meta property=\"og:image:height\" content=\"630\" \/>\n\t<meta property=\"og:image:type\" content=\"image\/jpeg\" \/>\n<meta name=\"twitter:card\" content=\"summary_large_image\" \/>\n<meta name=\"twitter:label1\" content=\"Gesch\u00e4tzte Lesezeit\" \/>\n\t<meta name=\"twitter:data1\" content=\"2\u00a0Minuten\" \/>\n<script type=\"application\/ld+json\" class=\"yoast-schema-graph\">{\"@context\":\"https:\/\/schema.org\",\"@graph\":[{\"@type\":\"WebPage\",\"@id\":\"https:\/\/www.foveaip.com\/de\/cookie-richtlinie\/\",\"url\":\"https:\/\/www.foveaip.com\/de\/cookie-richtlinie\/\",\"name\":\"Bedingungen und Konditionen | Fovea IP\",\"isPartOf\":{\"@id\":\"https:\/\/www.foveaip.com\/de\/#website\"},\"datePublished\":\"2024-04-02T12:48:54+00:00\",\"dateModified\":\"2024-08-23T11:20:36+00:00\",\"description\":\"Der Schutz Ihrer Privatsph\u00e4re: unsere Priorit\u00e4t, unser Schutz\",\"breadcrumb\":{\"@id\":\"https:\/\/www.foveaip.com\/de\/cookie-richtlinie\/#breadcrumb\"},\"inLanguage\":\"de\",\"potentialAction\":[{\"@type\":\"ReadAction\",\"target\":[\"https:\/\/www.foveaip.com\/de\/cookie-richtlinie\/\"]}]},{\"@type\":\"BreadcrumbList\",\"@id\":\"https:\/\/www.foveaip.com\/de\/cookie-richtlinie\/#breadcrumb\",\"itemListElement\":[{\"@type\":\"ListItem\",\"position\":1,\"name\":\"Home\",\"item\":\"https:\/\/www.foveaip.com\/de\/\"},{\"@type\":\"ListItem\",\"position\":2,\"name\":\"Cookie-Richtlinie\"}]},{\"@type\":\"WebSite\",\"@id\":\"https:\/\/www.foveaip.com\/de\/#website\",\"url\":\"https:\/\/www.foveaip.com\/de\/\",\"name\":\"Fovea IP\",\"description\":\"The sharpest Eye on IP\",\"publisher\":{\"@id\":\"https:\/\/www.foveaip.com\/de\/#organization\"},\"inLanguage\":\"de\"},{\"@type\":\"Organization\",\"@id\":\"https:\/\/www.foveaip.com\/de\/#organization\",\"name\":\"Fovea IP\",\"url\":\"https:\/\/www.foveaip.com\/de\/\",\"logo\":{\"@type\":\"ImageObject\",\"inLanguage\":\"de\",\"@id\":\"https:\/\/www.foveaip.com\/de\/#\/schema\/logo\/image\/\",\"url\":\"https:\/\/www.foveaip.com\/wp-content\/uploads\/2024\/03\/foveaip-social-share-afbeelding-voor-yoast.jpg\",\"contentUrl\":\"https:\/\/www.foveaip.com\/wp-content\/uploads\/2024\/03\/foveaip-social-share-afbeelding-voor-yoast.jpg\",\"width\":1200,\"height\":630,\"caption\":\"Fovea IP\"},\"image\":{\"@id\":\"https:\/\/www.foveaip.com\/de\/#\/schema\/logo\/image\/\"},\"sameAs\":[\"https:\/\/www.linkedin.com\/company\/foveaip\/\"]}]}<\/script>\n<!-- \/ Yoast SEO plugin. -->","yoast_head_json":{"title":"Bedingungen und Konditionen | Fovea IP","description":"Der Schutz Ihrer Privatsph\u00e4re: unsere Priorit\u00e4t, unser Schutz","robots":{"index":"index","follow":"follow","max-snippet":"max-snippet:-1","max-image-preview":"max-image-preview:large","max-video-preview":"max-video-preview:-1"},"canonical":"https:\/\/www.foveaip.com\/de\/cookie-richtlinie\/","og_locale":"de_DE","og_type":"article","og_title":"Bedingungen und Konditionen | Fovea IP","og_description":"Der Schutz Ihrer Privatsph\u00e4re: unsere Priorit\u00e4t, unser Schutz","og_url":"https:\/\/www.foveaip.com\/de\/cookie-richtlinie\/","og_site_name":"Fovea IP","article_modified_time":"2024-08-23T11:20:36+00:00","og_image":[{"width":1200,"height":630,"url":"https:\/\/www.foveaip.com\/wp-content\/uploads\/2024\/03\/foveaip-social-share-afbeelding-voor-yoast.jpg","type":"image\/jpeg"}],"twitter_card":"summary_large_image","twitter_misc":{"Gesch\u00e4tzte Lesezeit":"2\u00a0Minuten"},"schema":{"@context":"https:\/\/schema.org","@graph":[{"@type":"WebPage","@id":"https:\/\/www.foveaip.com\/de\/cookie-richtlinie\/","url":"https:\/\/www.foveaip.com\/de\/cookie-richtlinie\/","name":"Bedingungen und Konditionen | Fovea IP","isPartOf":{"@id":"https:\/\/www.foveaip.com\/de\/#website"},"datePublished":"2024-04-02T12:48:54+00:00","dateModified":"2024-08-23T11:20:36+00:00","description":"Der Schutz Ihrer Privatsph\u00e4re: unsere Priorit\u00e4t, unser Schutz","breadcrumb":{"@id":"https:\/\/www.foveaip.com\/de\/cookie-richtlinie\/#breadcrumb"},"inLanguage":"de","potentialAction":[{"@type":"ReadAction","target":["https:\/\/www.foveaip.com\/de\/cookie-richtlinie\/"]}]},{"@type":"BreadcrumbList","@id":"https:\/\/www.foveaip.com\/de\/cookie-richtlinie\/#breadcrumb","itemListElement":[{"@type":"ListItem","position":1,"name":"Home","item":"https:\/\/www.foveaip.com\/de\/"},{"@type":"ListItem","position":2,"name":"Cookie-Richtlinie"}]},{"@type":"WebSite","@id":"https:\/\/www.foveaip.com\/de\/#website","url":"https:\/\/www.foveaip.com\/de\/","name":"Fovea IP","description":"The sharpest Eye on IP","publisher":{"@id":"https:\/\/www.foveaip.com\/de\/#organization"},"inLanguage":"de"},{"@type":"Organization","@id":"https:\/\/www.foveaip.com\/de\/#organization","name":"Fovea IP","url":"https:\/\/www.foveaip.com\/de\/","logo":{"@type":"ImageObject","inLanguage":"de","@id":"https:\/\/www.foveaip.com\/de\/#\/schema\/logo\/image\/","url":"https:\/\/www.foveaip.com\/wp-content\/uploads\/2024\/03\/foveaip-social-share-afbeelding-voor-yoast.jpg","contentUrl":"https:\/\/www.foveaip.com\/wp-content\/uploads\/2024\/03\/foveaip-social-share-afbeelding-voor-yoast.jpg","width":1200,"height":630,"caption":"Fovea IP"},"image":{"@id":"https:\/\/www.foveaip.com\/de\/#\/schema\/logo\/image\/"},"sameAs":["https:\/\/www.linkedin.com\/company\/foveaip\/"]}]}},"_links":{"self":[{"href":"https:\/\/www.foveaip.com\/de\/wp-json\/wp\/v2\/pages\/5997","targetHints":{"allow":["GET"]}}],"collection":[{"href":"https:\/\/www.foveaip.com\/de\/wp-json\/wp\/v2\/pages"}],"about":[{"href":"https:\/\/www.foveaip.com\/de\/wp-json\/wp\/v2\/types\/page"}],"author":[{"embeddable":true,"href":"https:\/\/www.foveaip.com\/de\/wp-json\/wp\/v2\/users\/1"}],"replies":[{"embeddable":true,"href":"https:\/\/www.foveaip.com\/de\/wp-json\/wp\/v2\/comments?post=5997"}],"version-history":[{"count":5,"href":"https:\/\/www.foveaip.com\/de\/wp-json\/wp\/v2\/pages\/5997\/revisions"}],"predecessor-version":[{"id":8629,"href":"https:\/\/www.foveaip.com\/de\/wp-json\/wp\/v2\/pages\/5997\/revisions\/8629"}],"wp:attachment":[{"href":"https:\/\/www.foveaip.com\/de\/wp-json\/wp\/v2\/media?parent=5997"}],"curies":[{"name":"wp","href":"https:\/\/api.w.org\/{rel}","templated":true}]}}