{"id":6061,"date":"2024-04-19T11:35:34","date_gmt":"2024-04-19T09:35:34","guid":{"rendered":"https:\/\/www.foveaip.com\/online-recherche\/domain-names\/"},"modified":"2024-08-22T15:25:05","modified_gmt":"2024-08-22T13:25:05","slug":"domains","status":"publish","type":"page","link":"https:\/\/www.foveaip.com\/de\/online-suche\/domains\/","title":{"rendered":"Domains"},"content":{"rendered":"<div class=\"wpb-content-wrapper\"><p>[vc_row full_width=&#8220;stretch_row&#8220; content_placement=&#8220;middle&#8220; row_height=&#8220;row_500px&#8220; row_color=&#8220;light-green&#8220; cat_circle=&#8220;cta-circle-yes&#8220; css=&#8220;.vc_custom_1713603880099{background-image: url(https:\/\/www.foveaip.com\/wp-content\/uploads\/2024\/03\/FoveaIP_corporate-1920&#215;500-2.jpg?id=3838) !important;background-position: center !important;background-repeat: no-repeat !important;background-size: cover !important;}&#8220;][vc_column]\r\n        <div class=\"sd-cta-circle\">\r\n            <div class=\"circle-inner color-green\">\r\n        <div class=\"sd-block-title \">\r\n            <h1 class=\"sd-block-title-htag  font-huge color-white align-center margin-bottom-30px\">Online-Suche nach Domainnamen<\/h1>\r\n        <\/div>\r\n        <div class=\"sd-block-text margin-bottom-0px \r\n            size-large \r\n            color-white\r\n            \r\n            \r\n            \">\r\n            <p>Bis zu 5-mal schnellere Ergebnisse und 60% weniger Kosten<\/p>\n\r\n        <\/div>\r\n            <\/div>\r\n        <\/div>[\/vc_column][\/vc_row][vc_row][vc_column width=&#8220;7\/12&#8243;]\r\n        <div class=\"sd-block-title \">\r\n            <h2 class=\"sd-block-title-htag  font-middle color-black align-left margin-bottom-30px\">Fovea IP ist der einzige Anbieter weltweit, der alle globalen IP-Daten einschlie\u00dflich Domainnamen auf einer Plattform anbietet<\/h2>\r\n        <\/div>\r\n        <div class=\"sd-block-text margin-bottom-30px \r\n            size-large \r\n            color-black\r\n            \r\n            \r\n            \">\r\n            <p>Wir bieten eine Suche nach Domainnamen, die genauso leistungsstark ist und die gleiche Benutzerfreundlichkeit bietet, wie die Suche nach allen anderen IP-Rechten. Der Zugriff erfolgt \u00fcber dieselbe intuitive Schnittstelle, die Fovea IP bereits f\u00fcr Marken, Patente, Designs und pharmazeutische Namen zur Verf\u00fcgung stellt. Durch die Kombination dieser Datenquellen ist Fovea IP der einzige Anbieter weltweit, bei dem Sie alle Daten zum geistigen Eigentum auf einer Plattform und \u00fcber eine einzige Schnittstelle durchsuchen k\u00f6nnen.<\/p>\n\r\n        <\/div>\r\n        <div class=\"sd-block-text margin-bottom-60px \r\n            size-large \r\n            color-black\r\n            \r\n            \r\n            \">\r\n            <p><strong>Sie k\u00f6nnen verschiedene Module ausw\u00e4hlen, um effizient und professionell nach Domainnamen zu suchen, analysieren und zu \u00a0berichten &#8211; bis zu f\u00fcnfmal schneller und 60% kosteng\u00fcnstiger.<\/strong><\/p>\n\r\n        <\/div>\r\n        <div class=\"sd-block-title \">\r\n            <h3 class=\"sd-block-title-htag  font-middle color-black align-left margin-bottom-30px\">Ergebnisse in nur 5 einfachen Schritten<\/h3>\r\n        <\/div>\r\n        <div class=\"sd-block-text margin-bottom-60px \r\n            size-regular \r\n            color-black\r\n            \r\n            \r\n            \">\r\n            <ol>\n<li>W\u00e4hlen Sie die geografische Region aus;<\/li>\n<li>Erstellen Sie Ihre Suchstrategie mit Hilfe von 40 Suchkriterien;<\/li>\n<li>Analysieren Sie Ihre Daten;<\/li>\n<li>Sortieren und w\u00e4hlen Sie die Informationen so aus, wie Sie sie Ihrem Kunden pr\u00e4sentieren m\u00f6chten;<\/li>\n<li>Erstellen Sie Ihren ma\u00dfgeschneiderten \/ individuellen Bericht mit den von Ihnen gew\u00e4hlten Texten und Grafiken.<\/li>\n<\/ol>\n\r\n        <\/div>\r\n        <div class=\"sd-block-title \">\r\n            <h3 class=\"sd-block-title-htag  font-middle color-black align-left margin-bottom-30px\">Suchmodule<\/h3>\r\n        <\/div>\r\n        <div class=\"sd-block-text margin-bottom-60px \r\n            size-regular \r\n            color-black\r\n            \r\n            \r\n            \">\r\n            <p>Generieren Sie relevante Suchanfragen je nach Ihren Bed\u00fcrfnissen.<\/p>\n\r\n        <\/div>\r\n        <div class=\"sd-block-accordion margin-bottom-30px background-light-blue\">\r\n            <div class=\"accordion-inner \">\r\n                <div class=\"accordion-title\">\r\n                    \r\n        <div class=\"sd-block-title \">\r\n            <h3 class=\"sd-block-title-htag  font-tiny color-black align-left margin-bottom-30px\">Multikriterien-Suche<\/h3>\r\n        <\/div>\r\n                    <svg xmlns=\"http:\/\/www.w3.org\/2000\/svg\" viewBox=\"0 0 14 14\"><path fill=\"currentColor\" d=\"M6,8H0V6h6V0h2v6h6v2H8v6H6V8z\"\/><\/svg>\r\n                <\/div>\r\n                <div class=\"accordion-content\">\r\n                    <p>Die meisten Fachleute des gewerblichen Rechtsschutzes haben einen spezifischen Suchbedarf, der von der jeweiligen Angelegenheit abh\u00e4ngt. Die Multikriterien-Suche ist das ideale Werkzeug daf\u00fcr. Kombinieren Sie mehr als 40 verschiedene Suchkriterien mit Booleschen Operatoren und verwenden Sie Platzhalter, um die Suchergebnisse weiter zu verfeinern.<\/p>\n\r\n                <\/div>\r\n            <\/div>\r\n        <\/div>\r\n        <div class=\"sd-block-title \">\r\n            <h3 class=\"sd-block-title-htag  font-middle color-black align-left margin-bottom-30px\">Zusatzdienste inklusive<\/h3>\r\n        <\/div>\r\n        <div class=\"sd-block-accordion margin-bottom-30px background-light-blue\">\r\n            <div class=\"accordion-inner \">\r\n                <div class=\"accordion-title\">\r\n                    \r\n        <div class=\"sd-block-title \">\r\n            <h3 class=\"sd-block-title-htag  font-tiny color-black align-left margin-bottom-30px\">Ihr \u201eWerkzeugkasten\u201d f\u00fcr die Datenanalyse<\/h3>\r\n        <\/div>\r\n                    <svg xmlns=\"http:\/\/www.w3.org\/2000\/svg\" viewBox=\"0 0 14 14\"><path fill=\"currentColor\" d=\"M6,8H0V6h6V0h2v6h6v2H8v6H6V8z\"\/><\/svg>\r\n                <\/div>\r\n                <div class=\"accordion-content\">\r\n                    <ul>\n<li>Fovea IP stellt innovative Werkzeuge zur Verf\u00fcgung, um Daten mit verschiedenen und intuitiven Filtern sowie Sortier- und Hervorhebungsfunktionen effektiv zu analysieren<\/li>\n<li>Verschiedene Anzeigeoptionen erm\u00f6glichen es Ihnen, die Daten auf relevante Weise zu betrachten (Detail-, Listen-, Galerie-, Design-, Infografik- und Kartenansicht).<\/li>\n<\/ul>\n\r\n                <\/div>\r\n            <\/div>\r\n        <\/div>\r\n        <div class=\"sd-block-accordion margin-bottom-30px background-light-blue\">\r\n            <div class=\"accordion-inner \">\r\n                <div class=\"accordion-title\">\r\n                    \r\n        <div class=\"sd-block-title \">\r\n            <h3 class=\"sd-block-title-htag  font-tiny color-black align-left margin-bottom-30px\">Benutzerdefinierte Berichte<\/h3>\r\n        <\/div>\r\n                    <svg xmlns=\"http:\/\/www.w3.org\/2000\/svg\" viewBox=\"0 0 14 14\"><path fill=\"currentColor\" d=\"M6,8H0V6h6V0h2v6h6v2H8v6H6V8z\"\/><\/svg>\r\n                <\/div>\r\n                <div class=\"accordion-content\">\r\n                    <ul>\n<li>Die Suchergebnisse lassen sich mit Hilfe von individuell anpassbaren Berichten einfach abbilden. Sie bestimmen, welche Inhalte in welchem Stil, angepasst auf die jeweiligen Bed\u00fcrfnisse, dargestellt werden.<\/li>\n<li>Vollst\u00e4ndig angepasste Vorlagen k\u00f6nnen f\u00fcr PDF, Word oder Excel erstellt und mit anderen Benutzern geteilt werden.<\/li>\n<\/ul>\n\r\n                <\/div>\r\n            <\/div>\r\n        <\/div>\r\n        <div class=\"sd-block-accordion margin-bottom-30px background-light-blue\">\r\n            <div class=\"accordion-inner \">\r\n                <div class=\"accordion-title\">\r\n                    \r\n        <div class=\"sd-block-title \">\r\n            <h3 class=\"sd-block-title-htag  font-tiny color-black align-left margin-bottom-30px\">Reaktionsschnellster Kundensupport inklusive<\/h3>\r\n        <\/div>\r\n                    <svg xmlns=\"http:\/\/www.w3.org\/2000\/svg\" viewBox=\"0 0 14 14\"><path fill=\"currentColor\" d=\"M6,8H0V6h6V0h2v6h6v2H8v6H6V8z\"\/><\/svg>\r\n                <\/div>\r\n                <div class=\"accordion-content\">\r\n                    <p>Fovea IP bietet den reaktionsschnellsten Kundensupport in Nordamerika, Asien-Pazifik und Europa.<\/p>\n<p>Unser Kundensupport-Team besteht aus erfahrenen IP-Experten. Sie stehen Ihnen per E-Mail (info@foveaip.com) oder telefonisch (+32 2 4253537) zur Verf\u00fcgung, um Ihre Fragen zu Angeboten, allgemeinen Informationen, technischer Unterst\u00fctzung und anderen Themen w\u00e4hrend der Gesch\u00e4ftszeiten von Montag bis Freitag zu beantworten.<\/p>\n\r\n                <\/div>\r\n            <\/div>\r\n        <\/div>\r\n        <div class=\"sd-block-accordion margin-bottom-30px background-light-blue\">\r\n            <div class=\"accordion-inner \">\r\n                <div class=\"accordion-title\">\r\n                    \r\n        <div class=\"sd-block-title \">\r\n            <h3 class=\"sd-block-title-htag  font-tiny color-black align-left margin-bottom-30px\">Kostenloses Online-Training<\/h3>\r\n        <\/div>\r\n                    <svg xmlns=\"http:\/\/www.w3.org\/2000\/svg\" viewBox=\"0 0 14 14\"><path fill=\"currentColor\" d=\"M6,8H0V6h6V0h2v6h6v2H8v6H6V8z\"\/><\/svg>\r\n                <\/div>\r\n                <div class=\"accordion-content\">\r\n                    <p>Die Tools von Fovea IP sind intuitiv und einfach zu bedienen. Wir veranstalten regelm\u00e4\u00dfig kostenlose Webinare und Schulungen.<\/p>\n\r\n                <\/div>\r\n            <\/div>\r\n        <\/div>\r\n        <div class=\"sd-block-accordion margin-bottom-0px background-light-blue mobile-margin-bottom-60px\">\r\n            <div class=\"accordion-inner \">\r\n                <div class=\"accordion-title\">\r\n                    \r\n        <div class=\"sd-block-title \">\r\n            <h3 class=\"sd-block-title-htag  font-tiny color-black align-left margin-bottom-30px\">Die Online-Plattform ist in 10 verschiedenen Sprachen verf\u00fcgbar<\/h3>\r\n        <\/div>\r\n                    <svg xmlns=\"http:\/\/www.w3.org\/2000\/svg\" viewBox=\"0 0 14 14\"><path fill=\"currentColor\" d=\"M6,8H0V6h6V0h2v6h6v2H8v6H6V8z\"\/><\/svg>\r\n                <\/div>\r\n                <div class=\"accordion-content\">\r\n                    <ol>\n<li>Englisch (UK)<\/li>\n<li>Englisch (US)<\/li>\n<li>Franz\u00f6sisch<\/li>\n<li>Deutsch<\/li>\n<li>Niederl\u00e4ndisch<\/li>\n<li>Italienisch<\/li>\n<li>Spanisch<\/li>\n<li>Portugiesisch<\/li>\n<li>Chinesisch<\/li>\n<li><span style=\"font-size: 1rem;\">Japanisch<\/span><\/li>\n<\/ol>\n\r\n                <\/div>\r\n            <\/div>\r\n        <\/div>[\/vc_column][vc_column width=&#8220;1\/12&#8243;][\/vc_column][vc_column width=&#8220;4\/12&#8243;]\r\n        <div class=\"sd-cta-text \r\n            margin-bottom-0px \r\n            cta-text. \r\n            bg-green sticky\"\r\n             data-sticky=\"contact\">\r\n                <a href=\"#contact\">\r\n                <p>Noch Fragen? Wir sind hier, um zu helfen<\/p>\r\n        <div class=\"sd-block-button  margin-bottom-0px no-background size-regular text-color-white align-left\">\r\n                <span class=\"inner-button\"\r\n                href=\"\" title=\"Kontaktieren Sie uns\">Kontaktieren Sie uns<svg xmlns=\"http:\/\/www.w3.org\/2000\/svg\" viewBox=\"0 0 16 16\"><path fill=\"currentColor\" d=\"M12.2,9H0V7h12.2L6.6,1.4L8,0l8,8l-8,8l-1.4-1.4L12.2,9z\"\/><\/svg><\/span>\r\n        <\/div>\r\n                <\/a>\r\n        <\/div>[\/vc_column][\/vc_row][vc_row full_width=&#8220;stretch_row&#8220; row_color=&#8220;light-blue&#8220;][vc_column width=&#8220;7\/12&#8243;]\r\n        <div class=\"sd-block-title \">\r\n            <h3 class=\"sd-block-title-htag  font-middle color-black align-left margin-bottom-30px\">Die vollst\u00e4ndigste globale Datenabdeckung<\/h3>\r\n        <\/div>\r\n        <div class=\"sd-block-text margin-bottom-60px \r\n            size-regular \r\n            color-black\r\n            \r\n            \r\n            \">\r\n            <p>Die Fovea-IP-Datenbank umfasst \u00fcber 300 Millionen Domains, darunter auch:<\/p>\n<ul>\n<li>Alle .COM-, .EU- und nationalen Endungen.<\/li>\n<li>\u00dcber 1.200 \u201egenerische Top-Level Domains&#8220;.<\/li>\n<li>\u00dcber 300 \u201el\u00e4nderspezifische Top-Level Domains&#8220;.<\/li>\n<li>Die neuen ccTLDs und gTLDs werden hinzugef\u00fcgt, sobald sie verf\u00fcgbar sind.<\/li>\n<\/ul>\n\r\n        <\/div>\r\n        <div class=\"sd-block-title \">\r\n            <h3 class=\"sd-block-title-htag  font-middle color-black align-left margin-bottom-30px\">Preise<\/h3>\r\n        <\/div>\r\n        <div class=\"sd-block-text margin-bottom-0px \r\n            size-regular \r\n            color-black\r\n            \r\n             mobile-margin-bottom-0px\r\n            \">\r\n            <p>Der Online-Zugang wird als unbegrenzte Nutzung gegen eine feste Geb\u00fchr angeboten. Fovea IP bietet unschlagbare Preise f\u00fcr hochqualitative globale IP-Recherche- und \u00dcberwachungdienstleistungen.<\/p>\n<p>Bitte beachten Sie unsere <a href=\"https:\/\/www.foveaip.com\/de\/downloads\/preisliste\/\">Preisliste<\/a>.<\/p>\n\r\n        <\/div>[\/vc_column][vc_column width=&#8220;1\/12&#8243;][\/vc_column][vc_column width=&#8220;4\/12&#8243;][\/vc_column][\/vc_row][vc_row full_width=&#8220;stretch_row&#8220; el_id=&#8220;contact&#8220;][vc_column width=&#8220;1\/2&#8243;]\r\n        <div class=\"sd-block-title \">\r\n            <h2 class=\"sd-block-title-htag  font-large color-black align-left margin-bottom-30px\">M\u00f6chten Sie unsere Recherche- und \u00dcberwachungsplattform testen?<\/h2>\r\n        <\/div>\r\n        <div class=\"sd-block-text margin-bottom-30px \r\n            size-regular \r\n            color-black\r\n            \r\n            \r\n            \">\r\n            <p>Beantragen Sie Ihre einw\u00f6chige kostenlose Testversion.<\/p>\n\r\n        <\/div>\r\n        <div class=\"sd-block-button  margin-bottom-0px background size-regular background-color-yellow align-inline mobile-margin-bottom-0px\">\r\n                <a class=\"inner-button\"\r\n                href=\"https:\/\/www.foveaip.com\/downloads\/free-trial\/\" title=\"Kostenloser Testzugang\">Kostenloser Testzugang<svg xmlns=\"http:\/\/www.w3.org\/2000\/svg\" viewBox=\"0 0 16 16\"><path fill=\"currentColor\" d=\"M12.2,9H0V7h12.2L6.6,1.4L8,0l8,8l-8,8l-1.4-1.4L12.2,9z\"\/><\/svg><\/a>\r\n        <\/div>\r\n        <div class=\"sd-block-button  margin-bottom-0px background size-regular background-color-black-outline align-inline mobile-margin-bottom-0px\">\r\n                <a class=\"inner-button\"\r\n                href=\"https:\/\/www.foveaip.com\/contact\/\" title=\"Oder kontaktieren Sie uns\">Oder kontaktieren Sie uns<svg xmlns=\"http:\/\/www.w3.org\/2000\/svg\" viewBox=\"0 0 16 16\"><path fill=\"currentColor\" d=\"M12.2,9H0V7h12.2L6.6,1.4L8,0l8,8l-8,8l-1.4-1.4L12.2,9z\"\/><\/svg><\/a>\r\n        <\/div>[\/vc_column][vc_column width=&#8220;1\/2&#8243;][\/vc_column][\/vc_row]<\/p>\n<\/div>","protected":false},"excerpt":{"rendered":"<p>[vc_row full_width=&#8220;stretch_row&#8220; content_placement=&#8220;middle&#8220; row_height=&#8220;row_500px&#8220; row_color=&#8220;light-green&#8220; cat_circle=&#8220;cta-circle-yes&#8220; css=&#8220;.vc_custom_1713603880099{background-image: url(https:\/\/www.foveaip.com\/wp-content\/uploads\/2024\/03\/FoveaIP_corporate-1920&#215;500-2.jpg?id=3838) !important;background-position: center !important;background-repeat: no-repeat !important;background-size: cover !important;}&#8220;][vc_column][\/vc_column][\/vc_row][vc_row][vc_column width=&#8220;7\/12&#8243;][\/vc_column][vc_column width=&#8220;1\/12&#8243;][\/vc_column][vc_column width=&#8220;4\/12&#8243;][\/vc_column][\/vc_row][vc_row full_width=&#8220;stretch_row&#8220; row_color=&#8220;light-blue&#8220;][vc_column width=&#8220;7\/12&#8243;][\/vc_column][vc_column width=&#8220;1\/12&#8243;][\/vc_column][vc_column width=&#8220;4\/12&#8243;][\/vc_column][\/vc_row][vc_row full_width=&#8220;stretch_row&#8220; el_id=&#8220;contact&#8220;][vc_column width=&#8220;1\/2&#8243;][\/vc_column][vc_column width=&#8220;1\/2&#8243;][\/vc_column][\/vc_row]<\/p>\n","protected":false},"author":1,"featured_media":0,"parent":5945,"menu_order":4,"comment_status":"closed","ping_status":"closed","template":"","meta":{"_acf_changed":false,"content-type":"","footnotes":""},"class_list":["post-6061","page","type-page","status-publish","hentry"],"acf":[],"yoast_head":"<!-- This site is optimized with the Yoast SEO plugin v26.8 - https:\/\/yoast.com\/product\/yoast-seo-wordpress\/ -->\n<title>Online-Recherche nach Domainnamen | Fovea IP<\/title>\n<meta name=\"description\" content=\"Fovea IP ist der einzige Anbieter weltweit, der alle globalen IP-Daten einschlie\u00dflich Domainnamen auf einer Plattform anbietet\" \/>\n<meta name=\"robots\" content=\"index, follow, max-snippet:-1, max-image-preview:large, max-video-preview:-1\" \/>\n<link rel=\"canonical\" href=\"https:\/\/www.foveaip.com\/de\/online-suche\/domains\/\" \/>\n<meta property=\"og:locale\" content=\"de_DE\" \/>\n<meta property=\"og:type\" content=\"article\" \/>\n<meta property=\"og:title\" content=\"Online-Recherche nach Domainnamen | Fovea IP\" \/>\n<meta property=\"og:description\" content=\"Fovea IP ist der einzige Anbieter weltweit, der alle globalen IP-Daten einschlie\u00dflich Domainnamen auf einer Plattform anbietet\" \/>\n<meta property=\"og:url\" content=\"https:\/\/www.foveaip.com\/de\/online-suche\/domains\/\" \/>\n<meta property=\"og:site_name\" content=\"Fovea IP\" \/>\n<meta property=\"article:modified_time\" content=\"2024-08-22T13:25:05+00:00\" \/>\n<meta property=\"og:image\" content=\"https:\/\/www.foveaip.com\/wp-content\/uploads\/2024\/03\/foveaip-social-share-afbeelding-voor-yoast.jpg\" \/>\n\t<meta property=\"og:image:width\" content=\"1200\" \/>\n\t<meta property=\"og:image:height\" content=\"630\" \/>\n\t<meta property=\"og:image:type\" content=\"image\/jpeg\" \/>\n<meta name=\"twitter:card\" content=\"summary_large_image\" \/>\n<meta name=\"twitter:label1\" content=\"Gesch\u00e4tzte Lesezeit\" \/>\n\t<meta name=\"twitter:data1\" content=\"3\u00a0Minuten\" \/>\n<script type=\"application\/ld+json\" class=\"yoast-schema-graph\">{\"@context\":\"https:\/\/schema.org\",\"@graph\":[{\"@type\":\"WebPage\",\"@id\":\"https:\/\/www.foveaip.com\/de\/online-suche\/domains\/\",\"url\":\"https:\/\/www.foveaip.com\/de\/online-suche\/domains\/\",\"name\":\"Online-Recherche nach Domainnamen | Fovea IP\",\"isPartOf\":{\"@id\":\"https:\/\/www.foveaip.com\/de\/#website\"},\"datePublished\":\"2024-04-19T09:35:34+00:00\",\"dateModified\":\"2024-08-22T13:25:05+00:00\",\"description\":\"Fovea IP ist der einzige Anbieter weltweit, der alle globalen IP-Daten einschlie\u00dflich Domainnamen auf einer Plattform anbietet\",\"breadcrumb\":{\"@id\":\"https:\/\/www.foveaip.com\/de\/online-suche\/domains\/#breadcrumb\"},\"inLanguage\":\"de\",\"potentialAction\":[{\"@type\":\"ReadAction\",\"target\":[\"https:\/\/www.foveaip.com\/de\/online-suche\/domains\/\"]}]},{\"@type\":\"BreadcrumbList\",\"@id\":\"https:\/\/www.foveaip.com\/de\/online-suche\/domains\/#breadcrumb\",\"itemListElement\":[{\"@type\":\"ListItem\",\"position\":1,\"name\":\"Home\",\"item\":\"https:\/\/www.foveaip.com\/de\/\"},{\"@type\":\"ListItem\",\"position\":2,\"name\":\"Online-Suche\",\"item\":\"https:\/\/www.foveaip.com\/de\/online-suche\/\"},{\"@type\":\"ListItem\",\"position\":3,\"name\":\"Domains\"}]},{\"@type\":\"WebSite\",\"@id\":\"https:\/\/www.foveaip.com\/de\/#website\",\"url\":\"https:\/\/www.foveaip.com\/de\/\",\"name\":\"Fovea IP\",\"description\":\"The sharpest Eye on IP\",\"publisher\":{\"@id\":\"https:\/\/www.foveaip.com\/de\/#organization\"},\"inLanguage\":\"de\"},{\"@type\":\"Organization\",\"@id\":\"https:\/\/www.foveaip.com\/de\/#organization\",\"name\":\"Fovea IP\",\"url\":\"https:\/\/www.foveaip.com\/de\/\",\"logo\":{\"@type\":\"ImageObject\",\"inLanguage\":\"de\",\"@id\":\"https:\/\/www.foveaip.com\/de\/#\/schema\/logo\/image\/\",\"url\":\"https:\/\/www.foveaip.com\/wp-content\/uploads\/2024\/03\/foveaip-social-share-afbeelding-voor-yoast.jpg\",\"contentUrl\":\"https:\/\/www.foveaip.com\/wp-content\/uploads\/2024\/03\/foveaip-social-share-afbeelding-voor-yoast.jpg\",\"width\":1200,\"height\":630,\"caption\":\"Fovea IP\"},\"image\":{\"@id\":\"https:\/\/www.foveaip.com\/de\/#\/schema\/logo\/image\/\"},\"sameAs\":[\"https:\/\/www.linkedin.com\/company\/foveaip\/\"]}]}<\/script>\n<!-- \/ Yoast SEO plugin. -->","yoast_head_json":{"title":"Online-Recherche nach Domainnamen | Fovea IP","description":"Fovea IP ist der einzige Anbieter weltweit, der alle globalen IP-Daten einschlie\u00dflich Domainnamen auf einer Plattform anbietet","robots":{"index":"index","follow":"follow","max-snippet":"max-snippet:-1","max-image-preview":"max-image-preview:large","max-video-preview":"max-video-preview:-1"},"canonical":"https:\/\/www.foveaip.com\/de\/online-suche\/domains\/","og_locale":"de_DE","og_type":"article","og_title":"Online-Recherche nach Domainnamen | Fovea IP","og_description":"Fovea IP ist der einzige Anbieter weltweit, der alle globalen IP-Daten einschlie\u00dflich Domainnamen auf einer Plattform anbietet","og_url":"https:\/\/www.foveaip.com\/de\/online-suche\/domains\/","og_site_name":"Fovea IP","article_modified_time":"2024-08-22T13:25:05+00:00","og_image":[{"width":1200,"height":630,"url":"https:\/\/www.foveaip.com\/wp-content\/uploads\/2024\/03\/foveaip-social-share-afbeelding-voor-yoast.jpg","type":"image\/jpeg"}],"twitter_card":"summary_large_image","twitter_misc":{"Gesch\u00e4tzte Lesezeit":"3\u00a0Minuten"},"schema":{"@context":"https:\/\/schema.org","@graph":[{"@type":"WebPage","@id":"https:\/\/www.foveaip.com\/de\/online-suche\/domains\/","url":"https:\/\/www.foveaip.com\/de\/online-suche\/domains\/","name":"Online-Recherche nach Domainnamen | Fovea IP","isPartOf":{"@id":"https:\/\/www.foveaip.com\/de\/#website"},"datePublished":"2024-04-19T09:35:34+00:00","dateModified":"2024-08-22T13:25:05+00:00","description":"Fovea IP ist der einzige Anbieter weltweit, der alle globalen IP-Daten einschlie\u00dflich Domainnamen auf einer Plattform anbietet","breadcrumb":{"@id":"https:\/\/www.foveaip.com\/de\/online-suche\/domains\/#breadcrumb"},"inLanguage":"de","potentialAction":[{"@type":"ReadAction","target":["https:\/\/www.foveaip.com\/de\/online-suche\/domains\/"]}]},{"@type":"BreadcrumbList","@id":"https:\/\/www.foveaip.com\/de\/online-suche\/domains\/#breadcrumb","itemListElement":[{"@type":"ListItem","position":1,"name":"Home","item":"https:\/\/www.foveaip.com\/de\/"},{"@type":"ListItem","position":2,"name":"Online-Suche","item":"https:\/\/www.foveaip.com\/de\/online-suche\/"},{"@type":"ListItem","position":3,"name":"Domains"}]},{"@type":"WebSite","@id":"https:\/\/www.foveaip.com\/de\/#website","url":"https:\/\/www.foveaip.com\/de\/","name":"Fovea IP","description":"The sharpest Eye on IP","publisher":{"@id":"https:\/\/www.foveaip.com\/de\/#organization"},"inLanguage":"de"},{"@type":"Organization","@id":"https:\/\/www.foveaip.com\/de\/#organization","name":"Fovea IP","url":"https:\/\/www.foveaip.com\/de\/","logo":{"@type":"ImageObject","inLanguage":"de","@id":"https:\/\/www.foveaip.com\/de\/#\/schema\/logo\/image\/","url":"https:\/\/www.foveaip.com\/wp-content\/uploads\/2024\/03\/foveaip-social-share-afbeelding-voor-yoast.jpg","contentUrl":"https:\/\/www.foveaip.com\/wp-content\/uploads\/2024\/03\/foveaip-social-share-afbeelding-voor-yoast.jpg","width":1200,"height":630,"caption":"Fovea IP"},"image":{"@id":"https:\/\/www.foveaip.com\/de\/#\/schema\/logo\/image\/"},"sameAs":["https:\/\/www.linkedin.com\/company\/foveaip\/"]}]}},"_links":{"self":[{"href":"https:\/\/www.foveaip.com\/de\/wp-json\/wp\/v2\/pages\/6061","targetHints":{"allow":["GET"]}}],"collection":[{"href":"https:\/\/www.foveaip.com\/de\/wp-json\/wp\/v2\/pages"}],"about":[{"href":"https:\/\/www.foveaip.com\/de\/wp-json\/wp\/v2\/types\/page"}],"author":[{"embeddable":true,"href":"https:\/\/www.foveaip.com\/de\/wp-json\/wp\/v2\/users\/1"}],"replies":[{"embeddable":true,"href":"https:\/\/www.foveaip.com\/de\/wp-json\/wp\/v2\/comments?post=6061"}],"version-history":[{"count":5,"href":"https:\/\/www.foveaip.com\/de\/wp-json\/wp\/v2\/pages\/6061\/revisions"}],"predecessor-version":[{"id":8605,"href":"https:\/\/www.foveaip.com\/de\/wp-json\/wp\/v2\/pages\/6061\/revisions\/8605"}],"up":[{"embeddable":true,"href":"https:\/\/www.foveaip.com\/de\/wp-json\/wp\/v2\/pages\/5945"}],"wp:attachment":[{"href":"https:\/\/www.foveaip.com\/de\/wp-json\/wp\/v2\/media?parent=6061"}],"curies":[{"name":"wp","href":"https:\/\/api.w.org\/{rel}","templated":true}]}}