{"id":6075,"date":"2020-10-02T09:20:08","date_gmt":"2020-10-02T09:20:08","guid":{"rendered":"https:\/\/www.foveaip.com\/privacy-statement\/"},"modified":"2024-08-23T13:12:45","modified_gmt":"2024-08-23T11:12:45","slug":"datenschutzerklaerung","status":"publish","type":"page","link":"https:\/\/www.foveaip.com\/de\/datenschutzerklaerung\/","title":{"rendered":"Datenschutzerkl\u00e4rung"},"content":{"rendered":"<div class=\"wpb-content-wrapper\"><p>[vc_row full_width=&#8220;stretch_row&#8220; content_placement=&#8220;middle&#8220; row_height=&#8220;row_500px&#8220; row_color=&#8220;blue&#8220; cat_circle=&#8220;cta-circle-yes&#8220;][vc_column]\r\n        <div class=\"sd-cta-circle\">\r\n            <div class=\"circle-inner color-blue\">\r\n        <div class=\"sd-block-title \">\r\n            <h1 class=\"sd-block-title-htag  font-huge color-white align-center margin-bottom-0px\">Datenschutz-<br \/>\nerkl\u00e4rung<\/h1>\r\n        <\/div>\r\n            <\/div>\r\n        <\/div>[\/vc_column][\/vc_row][vc_row][vc_column width=&#8220;7\/12&#8243;]\r\n        <div class=\"sd-block-title \">\r\n            <h2 class=\"sd-block-title-htag  font-large color-black align-left margin-bottom-30px\">Datenschutzerkl\u00e4rung von Fovea IP<\/h2>\r\n        <\/div>\r\n        <div class=\"sd-block-text margin-bottom-60px \r\n            size-large \r\n            color-black\r\n            \r\n            \r\n            \">\r\n            <p>Fovea IP ist der Eigent\u00fcmer dieser Webseite und verantwortlich f\u00fcr die Verarbeitung personenbezogener Daten, wie in dieser Datenschutzerkl\u00e4rung erl\u00e4utert. <\/p>\n\r\n        <\/div>\r\n        <div class=\"sd-block-title \">\r\n            <h3 class=\"sd-block-title-htag  font-middle color-black align-left margin-bottom-30px\">Personenbezogene Daten, die wir verarbeiten<\/h3>\r\n        <\/div>\r\n        <div class=\"sd-block-text margin-bottom-60px \r\n            size-regular \r\n            color-black\r\n            \r\n            \r\n            \">\r\n            <p>Zum einen verarbeiten wir personenbezogene Daten, die Sie uns \u00fcber die Formulare auf dieser Webseite zur Verf\u00fcgung stellen, um Produkte zu bestellen bzw. unsere Dienstleistungen in Anspruch zu nehmen, wie z.B:<\/p>\n<ul>\n<li>Vor- und Nachname<\/li>\n<li>Telefonnummer<\/li>\n<li>E-Mail Adresse<\/li>\n<\/ul>\n<p>Aufgrund der Art der von uns erbrachten Dienstleistungen werden wir automatisch personenbezogene Daten von Erfindern bzw. Rechteinhabern von geistigem Eigentumsrechten (z.B. Patente, Gebrauchsmuster, Marken und Designs) erfassen und verarbeiten, die in den bei den Registrierungsbeh\u00f6rden eingereichten oder von diesen ausgestellten Anmelde- und Registrierungsunterlagen genannt werden. Wir bearbeiten eventuell auch personenbezogene Daten, wenn Sie sich bei uns um eine Stelle bewerben, z.B. anhand Ihres Lebenslaufs und Ihrer Kontaktdaten, oder wenn Sie ein Lieferant sind und wir pers\u00f6nliche Kontakt- und Zahlungsdaten ben\u00f6tigen<\/p>\n\r\n        <\/div>\r\n        <div class=\"sd-block-title \">\r\n            <h3 class=\"sd-block-title-htag  font-middle color-black align-left margin-bottom-30px\">Zu welchem Zweck und auf welcher (rechtlichen) Grundlage verarbeiten wir personenbezogene Daten<\/h3>\r\n        <\/div>\r\n        <div class=\"sd-block-text margin-bottom-60px \r\n            size-regular \r\n            color-black\r\n            \r\n            \r\n            \">\r\n            <p>Wir verarbeiten Ihre personenbezogenen Daten f\u00fcr die folgenden Zwecke:<\/p>\n<ul>\n<li>Um mit Ihnen in Kontakt treten zu k\u00f6nnen, wenn dies erforderlich ist, um unsere Dienstleistungen zu erbringen<\/li>\n<li>Um Waren oder Dienstleistungen an Ihre Adresse liefern zu k\u00f6nnen<\/li>\n<li>Um die Anforderungen an die Erfindereigenschaft und das Eigentum an IP-Rechten erf\u00fcllen zu k\u00f6nnen<\/li>\n<li>Um feststellen zu k\u00f6nnen, ob Sie die Qualifikationen f\u00fcr eine Stelle erf\u00fcllen<\/li>\n<li>Um mit Ihnen in Kontakt treten oder Zahlungen leisten zu k\u00f6nnen, wenn Sie ein Lieferant sind<\/li>\n<\/ul>\n<p>Wir verarbeiten personenbezogene Daten, wenn dies erforderlich ist, um einer gesetzlichen Verpflichtung nachzukommen bzw. wenn wir ein berechtigtes Interesse daran haben, dies zu tun. So k\u00f6nnen uns beispielsweise einige Gesetze dazu verpflichten, in den von uns bearbeiteten Anmelde- und Registrierungsunterlagen personenbezogene Daten \u00fcber die Erfindereigenschaft bzw. das Eigentum an geistigem Eigentum anzugeben. Aufgrund der Dienstleistungen, die wir im Bereich der Daten \u00fcber geistiges Eigentum erbringen, haben wir auch ein berechtigtes Interesse daran, solche \u00f6ffentlich zug\u00e4nglichen Informationen aufzunehmen.<\/p>\n<p>Dar\u00fcber hinaus verarbeiten wir personenbezogene Daten, deren Verarbeitung f\u00fcr die Erf\u00fcllung des Vertrags, in dessen Rahmen wir unsere Dienstleistungen erbringen, erforderlich ist. <\/p>\n\r\n        <\/div>\r\n        <div class=\"sd-block-title \">\r\n            <h3 class=\"sd-block-title-htag  font-middle color-black align-left margin-bottom-30px\">Zeitraum, f\u00fcr den wir personenbezogene Daten aufbewahren<\/h3>\r\n        <\/div>\r\n        <div class=\"sd-block-text margin-bottom-60px \r\n            size-regular \r\n            color-black\r\n            \r\n            \r\n            \">\r\n            <p>Wir speichern Ihre personenbezogenen Daten nicht l\u00e4nger als unbedingt erforderlich oder als es die geltenden Gesetze und Vorschriften verlangen. Daten, die in Formularen auf dieser Webseite ausgef\u00fcllt werden, werden zu Referenz- und Verwaltungszwecken und nicht l\u00e4nger als unbedingt erforderlich gespeichert. Personenbezogene Daten, die sich auf eine nicht erf\u00fcllte Bewerbung beziehen, werden nicht l\u00e4nger als 4 Wochen aufbewahrt. <\/p>\n\r\n        <\/div>\r\n        <div class=\"sd-block-title \">\r\n            <h3 class=\"sd-block-title-htag  font-middle color-black align-left margin-bottom-30px\">Weitergabe personenbezogener Daten an Dritte<\/h3>\r\n        <\/div>\r\n        <div class=\"sd-block-text margin-bottom-60px \r\n            size-regular \r\n            color-black\r\n            \r\n            \r\n            \">\r\n            <p>Wir geben Daten nur dann an Dritte weiter, wenn dies zur Erf\u00fcllung unserer Vertr\u00e4ge mit Ihnen oder zur Einhaltung gesetzlicher Verpflichtungen erforderlich ist und soweit es mit den oben genannten Zwecken und (Rechts-)Grundlagen vereinbar ist. Wir werden mit Dritten, die in unserem Auftrag personenbezogene Daten verarbeiten, eine Datenverarbeitungsvereinbarung abschlie\u00dfen, die diese Dritten verpflichtet, sich ebenfalls an die Vorschriften der DSGVO zu halten. Von uns beauftragte Dritte, die Dienstleistungen als Verantwortliche f\u00fcr personenbezogene Daten anbieten, tragen eine eigene Verantwortung f\u00fcr die Einhaltung der DSGVO bei der (Weiter-)Verarbeitung Ihrer personenbezogenen Daten. Da wir ein international t\u00e4tiges Unternehmen sind, kann dies bedeuten, dass wir personenbezogene Daten in ein anderes Land \u00fcbermitteln m\u00fcssen. Sofern es sich um ein Land au\u00dferhalb der Europ\u00e4ischen Union oder des Europ\u00e4ischen Wirtschaftsraums handelt, das einen geringeren Rechtsschutz f\u00fcr personenbezogene Daten bietet, werden wir sicherstellen, dass ein angemessenes Schutzniveau gew\u00e4hrleistet ist. <\/p>\n\r\n        <\/div>\r\n        <div class=\"sd-block-title \">\r\n            <h4 class=\"sd-block-title-htag  font-small color-black align-left margin-bottom-30px\">Cookies<\/h4>\r\n        <\/div>\r\n        <div class=\"sd-block-text margin-bottom-60px \r\n            size-regular \r\n            color-black\r\n            \r\n            \r\n            \">\r\n            <p>Ein Cookie ist eine kleine Textdatei, die beim ersten Besuch einer Webseite in Ihrem Browser gespeichert wird. F\u00fcr die Verwendung von Cookies und die Art und Weise, wie Ihre Privatsph\u00e4re gesch\u00fctzt wird, verweisen wir auf unsere Cookie-Richtlinie auf dieser Webseite [Wir verwenden nur technische und funktionale Cookies sowie analytische Cookies, die Ihre Privatsph\u00e4re nicht verletzen. Die von uns verwendeten Cookies sind f\u00fcr den ordnungsgem\u00e4\u00dfen Betrieb dieser Webseite und Ihre Benutzerfreundlichkeit erforderlich. Sie sorgen daf\u00fcr, dass die Webseite gut funktioniert und merken sich zum Beispiel Ihre Pr\u00e4ferenzen. Sie k\u00f6nnen Cookies in den Einstellungen Ihres Internetbrowsers ablehnen. Sie k\u00f6nnen alle Cookies \u00fcber Ihre Browsereinstellungen entfernen] <\/p>\n\r\n        <\/div>\r\n        <div class=\"sd-block-title \">\r\n            <h3 class=\"sd-block-title-htag  font-middle color-black align-left margin-bottom-30px\">Ihre Rechte in Bezug auf Ihre personenbezogenen Daten<\/h3>\r\n        <\/div>\r\n        <div class=\"sd-block-text margin-bottom-60px \r\n            size-regular \r\n            color-black\r\n            \r\n            \r\n            \">\r\n            <p>Sie haben das Recht auf Zugang zu Ihren pers\u00f6nlichen Daten oder auf \u00c4nderung, \u00dcbertragung oder L\u00f6schung Ihrer pers\u00f6nlichen Daten. Sie haben das Recht, Ihre Einwilligung zur Datenverarbeitung zu widerrufen oder die Verarbeitung Ihrer personenbezogenen Daten einzuschr\u00e4nken oder ihr zu widersprechen.<\/p>\n<p>Sie k\u00f6nnen einen Antrag auf eine der oben genannten Leistungen per E-Mail an <a href=\"mailto:info@foveaip.com\">info@foveaip.com<\/a> stellen.<\/p>\n<p>Um sicher zu sein, dass Sie berechtigt sind, eine solche Anfrage zu stellen, legen Sie bitte eine Kopie Ihres Personalausweises bei. Um Ihre Privatsph\u00e4re zu sch\u00fctzen, schw\u00e4rzen Sie jedoch Ihr Foto, die MRZ (maschinenlesbare Zone, der Bereich mit allen Zahlen am unteren Rand), die Passnummer und die Sozialversicherungsnummer oder BSN (BSN). Wir werden Ihre Anfrage so schnell wie m\u00f6glich, mindestens aber innerhalb von vier Wochen beantworten. Wenn Sie eine Beschwerde \u00fcber die Verarbeitung Ihrer personenbezogenen Daten durch uns haben, teilen Sie uns dies bitte mit. Sie haben auch die M\u00f6glichkeit, eine f\u00f6rmliche Beschwerde an Ihren nationale DSGVO-Beh\u00f6rde zu richten.<\/p>\n\r\n        <\/div>\r\n        <div class=\"sd-block-title \">\r\n            <h3 class=\"sd-block-title-htag  font-middle color-black align-left margin-bottom-30px\">Wie wir unsere und Ihre Daten sch\u00fctzen<\/h3>\r\n        <\/div>\r\n        <div class=\"sd-block-text margin-bottom-0px \r\n            size-regular \r\n            color-black\r\n            \r\n            \r\n            \">\r\n            <p>Wir nehmen den Schutz aller unserer und Ihrer Daten ernst und treffen angemessene technische und organisatorische Ma\u00dfnahmen, um Missbrauch, Verlust, unberechtigten Zugriff, unberechtigte Ver\u00f6ffentlichung und unberechtigte \u00c4nderungen zu verhindern. Sollten Sie den Eindruck haben, dass Ihre Daten nicht ausreichend gesch\u00fctzt sind, oder sollten Sie Anzeichen f\u00fcr einen Missbrauch feststellen, wenden Sie sich bitte per E-Mail an: <a href=\"mailto:info@foveaip.com\">info@foveaip.com <\/a><\/p>\n\r\n        <\/div>[\/vc_column][vc_column width=&#8220;1\/12&#8243;][\/vc_column][vc_column width=&#8220;4\/12&#8243;][\/vc_column][\/vc_row]<\/p>\n<\/div>","protected":false},"excerpt":{"rendered":"<p>[vc_row full_width=&#8220;stretch_row&#8220; content_placement=&#8220;middle&#8220; row_height=&#8220;row_500px&#8220; row_color=&#8220;blue&#8220; cat_circle=&#8220;cta-circle-yes&#8220;][vc_column][\/vc_column][\/vc_row][vc_row][vc_column width=&#8220;7\/12&#8243;][\/vc_column][vc_column width=&#8220;1\/12&#8243;][\/vc_column][vc_column width=&#8220;4\/12&#8243;][\/vc_column][\/vc_row]<\/p>\n","protected":false},"author":1,"featured_media":0,"parent":0,"menu_order":0,"comment_status":"closed","ping_status":"open","template":"","meta":{"_acf_changed":false,"content-type":"","footnotes":""},"class_list":["post-6075","page","type-page","status-publish","hentry"],"acf":[],"yoast_head":"<!-- This site is optimized with the Yoast SEO plugin v26.8 - https:\/\/yoast.com\/product\/yoast-seo-wordpress\/ -->\n<title>Datenschutzerkl\u00e4rung und Erl\u00e4uterung auf dieser Webseite | Fovea IP<\/title>\n<meta name=\"description\" content=\"Datenschutzerkl\u00e4rung\" \/>\n<meta name=\"robots\" content=\"index, follow, max-snippet:-1, max-image-preview:large, max-video-preview:-1\" \/>\n<link rel=\"canonical\" href=\"https:\/\/www.foveaip.com\/de\/datenschutzerklaerung\/\" \/>\n<meta property=\"og:locale\" content=\"de_DE\" \/>\n<meta property=\"og:type\" content=\"article\" \/>\n<meta property=\"og:title\" content=\"Datenschutzerkl\u00e4rung und Erl\u00e4uterung auf dieser Webseite | Fovea IP\" \/>\n<meta property=\"og:description\" content=\"Datenschutzerkl\u00e4rung\" \/>\n<meta property=\"og:url\" content=\"https:\/\/www.foveaip.com\/de\/datenschutzerklaerung\/\" \/>\n<meta property=\"og:site_name\" content=\"Fovea IP\" \/>\n<meta property=\"article:modified_time\" content=\"2024-08-23T11:12:45+00:00\" \/>\n<meta property=\"og:image\" content=\"https:\/\/www.foveaip.com\/wp-content\/uploads\/2024\/03\/foveaip-social-share-afbeelding-voor-yoast.jpg\" \/>\n\t<meta property=\"og:image:width\" content=\"1200\" \/>\n\t<meta property=\"og:image:height\" content=\"630\" \/>\n\t<meta property=\"og:image:type\" content=\"image\/jpeg\" \/>\n<meta name=\"twitter:card\" content=\"summary_large_image\" \/>\n<meta name=\"twitter:label1\" content=\"Gesch\u00e4tzte Lesezeit\" \/>\n\t<meta name=\"twitter:data1\" content=\"5\u00a0Minuten\" \/>\n<script type=\"application\/ld+json\" class=\"yoast-schema-graph\">{\"@context\":\"https:\/\/schema.org\",\"@graph\":[{\"@type\":\"WebPage\",\"@id\":\"https:\/\/www.foveaip.com\/de\/datenschutzerklaerung\/\",\"url\":\"https:\/\/www.foveaip.com\/de\/datenschutzerklaerung\/\",\"name\":\"Datenschutzerkl\u00e4rung und Erl\u00e4uterung auf dieser Webseite | Fovea IP\",\"isPartOf\":{\"@id\":\"https:\/\/www.foveaip.com\/de\/#website\"},\"datePublished\":\"2020-10-02T09:20:08+00:00\",\"dateModified\":\"2024-08-23T11:12:45+00:00\",\"description\":\"Datenschutzerkl\u00e4rung\",\"breadcrumb\":{\"@id\":\"https:\/\/www.foveaip.com\/de\/datenschutzerklaerung\/#breadcrumb\"},\"inLanguage\":\"de\",\"potentialAction\":[{\"@type\":\"ReadAction\",\"target\":[\"https:\/\/www.foveaip.com\/de\/datenschutzerklaerung\/\"]}]},{\"@type\":\"BreadcrumbList\",\"@id\":\"https:\/\/www.foveaip.com\/de\/datenschutzerklaerung\/#breadcrumb\",\"itemListElement\":[{\"@type\":\"ListItem\",\"position\":1,\"name\":\"Home\",\"item\":\"https:\/\/www.foveaip.com\/de\/\"},{\"@type\":\"ListItem\",\"position\":2,\"name\":\"Datenschutzerkl\u00e4rung\"}]},{\"@type\":\"WebSite\",\"@id\":\"https:\/\/www.foveaip.com\/de\/#website\",\"url\":\"https:\/\/www.foveaip.com\/de\/\",\"name\":\"Fovea IP\",\"description\":\"The sharpest Eye on IP\",\"publisher\":{\"@id\":\"https:\/\/www.foveaip.com\/de\/#organization\"},\"inLanguage\":\"de\"},{\"@type\":\"Organization\",\"@id\":\"https:\/\/www.foveaip.com\/de\/#organization\",\"name\":\"Fovea IP\",\"url\":\"https:\/\/www.foveaip.com\/de\/\",\"logo\":{\"@type\":\"ImageObject\",\"inLanguage\":\"de\",\"@id\":\"https:\/\/www.foveaip.com\/de\/#\/schema\/logo\/image\/\",\"url\":\"https:\/\/www.foveaip.com\/wp-content\/uploads\/2024\/03\/foveaip-social-share-afbeelding-voor-yoast.jpg\",\"contentUrl\":\"https:\/\/www.foveaip.com\/wp-content\/uploads\/2024\/03\/foveaip-social-share-afbeelding-voor-yoast.jpg\",\"width\":1200,\"height\":630,\"caption\":\"Fovea IP\"},\"image\":{\"@id\":\"https:\/\/www.foveaip.com\/de\/#\/schema\/logo\/image\/\"},\"sameAs\":[\"https:\/\/www.linkedin.com\/company\/foveaip\/\"]}]}<\/script>\n<!-- \/ Yoast SEO plugin. -->","yoast_head_json":{"title":"Datenschutzerkl\u00e4rung und Erl\u00e4uterung auf dieser Webseite | Fovea IP","description":"Datenschutzerkl\u00e4rung","robots":{"index":"index","follow":"follow","max-snippet":"max-snippet:-1","max-image-preview":"max-image-preview:large","max-video-preview":"max-video-preview:-1"},"canonical":"https:\/\/www.foveaip.com\/de\/datenschutzerklaerung\/","og_locale":"de_DE","og_type":"article","og_title":"Datenschutzerkl\u00e4rung und Erl\u00e4uterung auf dieser Webseite | Fovea IP","og_description":"Datenschutzerkl\u00e4rung","og_url":"https:\/\/www.foveaip.com\/de\/datenschutzerklaerung\/","og_site_name":"Fovea IP","article_modified_time":"2024-08-23T11:12:45+00:00","og_image":[{"width":1200,"height":630,"url":"https:\/\/www.foveaip.com\/wp-content\/uploads\/2024\/03\/foveaip-social-share-afbeelding-voor-yoast.jpg","type":"image\/jpeg"}],"twitter_card":"summary_large_image","twitter_misc":{"Gesch\u00e4tzte Lesezeit":"5\u00a0Minuten"},"schema":{"@context":"https:\/\/schema.org","@graph":[{"@type":"WebPage","@id":"https:\/\/www.foveaip.com\/de\/datenschutzerklaerung\/","url":"https:\/\/www.foveaip.com\/de\/datenschutzerklaerung\/","name":"Datenschutzerkl\u00e4rung und Erl\u00e4uterung auf dieser Webseite | Fovea IP","isPartOf":{"@id":"https:\/\/www.foveaip.com\/de\/#website"},"datePublished":"2020-10-02T09:20:08+00:00","dateModified":"2024-08-23T11:12:45+00:00","description":"Datenschutzerkl\u00e4rung","breadcrumb":{"@id":"https:\/\/www.foveaip.com\/de\/datenschutzerklaerung\/#breadcrumb"},"inLanguage":"de","potentialAction":[{"@type":"ReadAction","target":["https:\/\/www.foveaip.com\/de\/datenschutzerklaerung\/"]}]},{"@type":"BreadcrumbList","@id":"https:\/\/www.foveaip.com\/de\/datenschutzerklaerung\/#breadcrumb","itemListElement":[{"@type":"ListItem","position":1,"name":"Home","item":"https:\/\/www.foveaip.com\/de\/"},{"@type":"ListItem","position":2,"name":"Datenschutzerkl\u00e4rung"}]},{"@type":"WebSite","@id":"https:\/\/www.foveaip.com\/de\/#website","url":"https:\/\/www.foveaip.com\/de\/","name":"Fovea IP","description":"The sharpest Eye on IP","publisher":{"@id":"https:\/\/www.foveaip.com\/de\/#organization"},"inLanguage":"de"},{"@type":"Organization","@id":"https:\/\/www.foveaip.com\/de\/#organization","name":"Fovea IP","url":"https:\/\/www.foveaip.com\/de\/","logo":{"@type":"ImageObject","inLanguage":"de","@id":"https:\/\/www.foveaip.com\/de\/#\/schema\/logo\/image\/","url":"https:\/\/www.foveaip.com\/wp-content\/uploads\/2024\/03\/foveaip-social-share-afbeelding-voor-yoast.jpg","contentUrl":"https:\/\/www.foveaip.com\/wp-content\/uploads\/2024\/03\/foveaip-social-share-afbeelding-voor-yoast.jpg","width":1200,"height":630,"caption":"Fovea IP"},"image":{"@id":"https:\/\/www.foveaip.com\/de\/#\/schema\/logo\/image\/"},"sameAs":["https:\/\/www.linkedin.com\/company\/foveaip\/"]}]}},"_links":{"self":[{"href":"https:\/\/www.foveaip.com\/de\/wp-json\/wp\/v2\/pages\/6075","targetHints":{"allow":["GET"]}}],"collection":[{"href":"https:\/\/www.foveaip.com\/de\/wp-json\/wp\/v2\/pages"}],"about":[{"href":"https:\/\/www.foveaip.com\/de\/wp-json\/wp\/v2\/types\/page"}],"author":[{"embeddable":true,"href":"https:\/\/www.foveaip.com\/de\/wp-json\/wp\/v2\/users\/1"}],"replies":[{"embeddable":true,"href":"https:\/\/www.foveaip.com\/de\/wp-json\/wp\/v2\/comments?post=6075"}],"version-history":[{"count":4,"href":"https:\/\/www.foveaip.com\/de\/wp-json\/wp\/v2\/pages\/6075\/revisions"}],"predecessor-version":[{"id":8626,"href":"https:\/\/www.foveaip.com\/de\/wp-json\/wp\/v2\/pages\/6075\/revisions\/8626"}],"wp:attachment":[{"href":"https:\/\/www.foveaip.com\/de\/wp-json\/wp\/v2\/media?parent=6075"}],"curies":[{"name":"wp","href":"https:\/\/api.w.org\/{rel}","templated":true}]}}