{"id":9169,"date":"2024-10-18T13:17:35","date_gmt":"2024-10-18T11:17:35","guid":{"rendered":"https:\/\/www.foveaip.com\/?page_id=9169"},"modified":"2024-10-21T13:27:52","modified_gmt":"2024-10-21T11:27:52","slug":"productos-farmaceuticos","status":"publish","type":"page","link":"https:\/\/www.foveaip.com\/es\/busquedas-en-linea\/productos-farmaceuticos\/","title":{"rendered":"Productos farmac\u00e9uticos"},"content":{"rendered":"<div class=\"wpb-content-wrapper\"><p>[vc_row full_width=\u00bbstretch_row\u00bb content_placement=\u00bbmiddle\u00bb row_height=\u00bbrow_500px\u00bb row_color=\u00bblight-green\u00bb cat_circle=\u00bbcta-circle-yes\u00bb css=\u00bb.vc_custom_1713603710416{background-image: url(https:\/\/www.foveaip.com\/wp-content\/uploads\/2024\/03\/FoveaIP_corporate-1920&#215;500-2.jpg?id=3838) !important;background-position: center !important;background-repeat: no-repeat !important;background-size: cover !important;}\u00bb][vc_column]\r\n        <div class=\"sd-cta-circle\">\r\n            <div class=\"circle-inner color-green\">\r\n        <div class=\"sd-block-title \">\r\n            <h1 class=\"sd-block-title-htag  font-huge color-white align-center margin-bottom-30px\">B\u00fasquedas<br \/>\nen l\u00ednea<br \/>\nde productos<br \/>\nfarmac\u00e9uticos<\/h1>\r\n        <\/div>\r\n        <div class=\"sd-block-text margin-bottom-0px \r\n            size-large \r\n            color-white\r\n            \r\n            \r\n            \">\r\n            <p>Resultados hasta cinco veces m\u00e1s r\u00e1pido y a un 60 % menos de precio<\/p>\n\r\n        <\/div>\r\n            <\/div>\r\n        <\/div>[\/vc_column][\/vc_row][vc_row][vc_column width=\u00bb7\/12&#8243;]\r\n        <div class=\"sd-block-title \">\r\n            <h2 class=\"sd-block-title-htag  font-middle color-black align-left margin-bottom-30px\">Fovea IP es el \u00fanico proveedor del mundo que ofrece todos los datos globales de PI, productos farmac\u00e9uticos incluidos, en una sola plataforma<\/h2>\r\n        <\/div>\r\n        <div class=\"sd-block-text margin-bottom-30px \r\n            size-large \r\n            color-black\r\n            \r\n            \r\n            \">\r\n            <p>Permite buscar productos farmac\u00e9uticos con el alto rendimiento habitual, ofreciendo la misma experiencia de usuario que con las b\u00fasquedas de otros tipos de datos de PI. El acceso se realiza a trav\u00e9s de la misma interfaz intuitiva que Fovea IP ya tiene disponible para marcas, patentes, dise\u00f1os industriales y nombres de dominio. Al combinar estas fuentes de datos, Fovea IP es el \u00fanico proveedor del mundo donde se puede buscar todo tipo de datos de propiedad intelectual en una sola plataforma, con una sola interfaz. Las b\u00fasquedas incluyen <strong>POCA<\/strong> y <strong>STEM<\/strong>.<\/p>\n\r\n        <\/div>\r\n        <div class=\"sd-block-text margin-bottom-60px \r\n            size-large \r\n            color-black\r\n            \r\n            \r\n            \">\r\n            <p><strong>Puede seleccionar varios m\u00f3dulos para buscar y analizar productos farmac\u00e9uticos, adem\u00e1s de recibir notificaciones sobre ellos, con eficiencia y profesionalidad de una manera hasta cinco veces m\u00e1s r\u00e1pida y a un 60 % menos de precio.<\/strong><\/p>\n\r\n        <\/div>\r\n        <div class=\"sd-block-title \">\r\n            <h3 class=\"sd-block-title-htag  font-middle color-black align-left margin-bottom-30px\">Resultados en tan solo 5 sencillos pasos<\/h3>\r\n        <\/div>\r\n        <div class=\"sd-block-text margin-bottom-60px \r\n            size-regular \r\n            color-black\r\n            \r\n            \r\n            \">\r\n            <ol>\n<li>Seleccione la regi\u00f3n geogr\u00e1fica.<\/li>\n<li>Cree su estrategia de b\u00fasqueda usando 40 opciones de criterios de b\u00fasqueda.<\/li>\n<li>Analice sus datos.<\/li>\n<li>Clasifique y seleccione la informaci\u00f3n que desea para presentarla a sus clientes.<\/li>\n<li>Genere su informe personalizado \/ a medida con el texto y los gr\u00e1ficos que elija.<\/li>\n<\/ol>\n\r\n        <\/div>\r\n        <div class=\"sd-block-title \">\r\n            <h3 class=\"sd-block-title-htag  font-middle color-black align-left margin-bottom-30px\">M\u00f3dulos de b\u00fasqueda<\/h3>\r\n        <\/div>\r\n        <div class=\"sd-block-text margin-bottom-60px \r\n            size-regular \r\n            color-black\r\n            \r\n            \r\n            \">\r\n            <p>Para generar b\u00fasquedas relevantes seg\u00fan sus necesidades<\/p>\n\r\n        <\/div>\r\n        <div class=\"sd-block-accordion margin-bottom-30px background-light-blue\">\r\n            <div class=\"accordion-inner \">\r\n                <div class=\"accordion-title\">\r\n                    \r\n        <div class=\"sd-block-title \">\r\n            <h3 class=\"sd-block-title-htag  font-tiny color-black align-left margin-bottom-30px\">B\u00fasquedas seg\u00fan m\u00faltiples criterios<\/h3>\r\n        <\/div>\r\n                    <svg xmlns=\"http:\/\/www.w3.org\/2000\/svg\" viewBox=\"0 0 14 14\"><path fill=\"currentColor\" d=\"M6,8H0V6h6V0h2v6h6v2H8v6H6V8z\"\/><\/svg>\r\n                <\/div>\r\n                <div class=\"accordion-content\">\r\n                    <p>La mayor\u00eda de las necesidades de b\u00fasqueda de los profesionales de la PI son espec\u00edficas, seg\u00fan el asunto del que se trate. El m\u00f3dulo de b\u00fasquedas por m\u00faltiples criterios es la herramienta ideal para esto. Combine m\u00e1s de 40 criterios de b\u00fasqueda distintos con operadores booleanos y utilice comodines para afinar a\u00fan m\u00e1s los resultados encontrados.<\/p>\n\r\n                <\/div>\r\n            <\/div>\r\n        <\/div>\r\n        <div class=\"sd-block-title \">\r\n            <h3 class=\"sd-block-title-htag  font-middle color-black align-left margin-bottom-30px\">Servicios adicionales incluidos<\/h3>\r\n        <\/div>\r\n        <div class=\"sd-block-accordion margin-bottom-30px background-light-blue\">\r\n            <div class=\"accordion-inner \">\r\n                <div class=\"accordion-title\">\r\n                    \r\n        <div class=\"sd-block-title \">\r\n            <h3 class=\"sd-block-title-htag  font-tiny color-black align-left margin-bottom-30px\">Herramientas para el an\u00e1lisis de los datos<\/h3>\r\n        <\/div>\r\n                    <svg xmlns=\"http:\/\/www.w3.org\/2000\/svg\" viewBox=\"0 0 14 14\"><path fill=\"currentColor\" d=\"M6,8H0V6h6V0h2v6h6v2H8v6H6V8z\"\/><\/svg>\r\n                <\/div>\r\n                <div class=\"accordion-content\">\r\n                    <ul>\n<li>Fovea IP pone a su disposici\u00f3n un conjunto completo e innovador de herramientas para analizar eficazmente los datos con varios filtros intuitivos, adem\u00e1s de funciones de clasificaci\u00f3n y marcado.<\/li>\n<li>Las opciones de visualizaci\u00f3n adaptable le permiten ver los datos de forma relevante (vistas detalladas, en forma de lista, como galer\u00eda, dise\u00f1o, infograf\u00eda y mapa).<\/li>\n<\/ul>\n\r\n                <\/div>\r\n            <\/div>\r\n        <\/div>\r\n        <div class=\"sd-block-accordion margin-bottom-30px background-light-blue\">\r\n            <div class=\"accordion-inner \">\r\n                <div class=\"accordion-title\">\r\n                    \r\n        <div class=\"sd-block-title \">\r\n            <h3 class=\"sd-block-title-htag  font-tiny color-black align-left margin-bottom-30px\">Informes personalizados<\/h3>\r\n        <\/div>\r\n                    <svg xmlns=\"http:\/\/www.w3.org\/2000\/svg\" viewBox=\"0 0 14 14\"><path fill=\"currentColor\" d=\"M6,8H0V6h6V0h2v6h6v2H8v6H6V8z\"\/><\/svg>\r\n                <\/div>\r\n                <div class=\"accordion-content\">\r\n                    <ul>\n<li>Los resultados de las b\u00fasquedas pueden notificarse f\u00e1cilmente usando informes personalizables con varias posibilidades para adaptar el contenido (como distintos estilos y m\u00e1s) seg\u00fan sus necesidades.<\/li>\n<li>Se pueden crear plantillas completamente personalizadas para Word o Excel y compartirse con otros usuarios.<\/li>\n<\/ul>\n\r\n                <\/div>\r\n            <\/div>\r\n        <\/div>\r\n        <div class=\"sd-block-accordion margin-bottom-30px background-light-blue\">\r\n            <div class=\"accordion-inner \">\r\n                <div class=\"accordion-title\">\r\n                    \r\n        <div class=\"sd-block-title \">\r\n            <h3 class=\"sd-block-title-htag  font-tiny color-black align-left margin-bottom-30px\">Formaci\u00f3n en l\u00ednea gratis<\/h3>\r\n        <\/div>\r\n                    <svg xmlns=\"http:\/\/www.w3.org\/2000\/svg\" viewBox=\"0 0 14 14\"><path fill=\"currentColor\" d=\"M6,8H0V6h6V0h2v6h6v2H8v6H6V8z\"\/><\/svg>\r\n                <\/div>\r\n                <div class=\"accordion-content\">\r\n                    <p>Las herramientas de Fovea IP son intuitivas y f\u00e1ciles de usar. Organizamos con frecuencia webinarios y sesiones privadas de formaci\u00f3n gratis.<\/p>\n\r\n                <\/div>\r\n            <\/div>\r\n        <\/div>\r\n        <div class=\"sd-block-accordion margin-bottom-0px background-light-blue mobile-margin-bottom-60px\">\r\n            <div class=\"accordion-inner \">\r\n                <div class=\"accordion-title\">\r\n                    \r\n        <div class=\"sd-block-title \">\r\n            <h3 class=\"sd-block-title-htag  font-tiny color-black align-left margin-bottom-30px\">La plataforma en l\u00ednea est\u00e1 disponible en 10 idiomas distintos<\/h3>\r\n        <\/div>\r\n                    <svg xmlns=\"http:\/\/www.w3.org\/2000\/svg\" viewBox=\"0 0 14 14\"><path fill=\"currentColor\" d=\"M6,8H0V6h6V0h2v6h6v2H8v6H6V8z\"\/><\/svg>\r\n                <\/div>\r\n                <div class=\"accordion-content\">\r\n                    <ol>\n<li>Ingl\u00e9s (Reino Unido)<\/li>\n<li>Ingl\u00e9s (Estados Unidos)<\/li>\n<li>Franc\u00e9s<\/li>\n<li>Alem\u00e1n<\/li>\n<li>Holand\u00e9s<\/li>\n<li>Italiano<\/li>\n<li>Espa\u00f1ol<\/li>\n<li>Portugu\u00e9s<\/li>\n<li>Chino<\/li>\n<li>Japon\u00e9s<\/li>\n<\/ol>\n\r\n                <\/div>\r\n            <\/div>\r\n        <\/div>[\/vc_column][vc_column width=\u00bb1\/12&#8243;][\/vc_column][vc_column width=\u00bb4\/12&#8243;]\r\n        <div class=\"sd-cta-text \r\n            margin-bottom-0px \r\n            cta-text. \r\n            bg-green sticky\"\r\n             data-sticky=\"contact\">\r\n                <a href=\"https:\/\/www.foveaip.com\/es\/contacte\/\">\r\n                <p>\u00bfAlguna pregunta? Estamos aqu\u00ed para ayudarle.<\/p>\r\n        <div class=\"sd-block-button  margin-bottom-0px no-background size-regular text-color-white align-left\">\r\n                <span class=\"inner-button\"\r\n                href=\"\" title=\"Cont\u00e1ctenos\">Cont\u00e1ctenos<svg xmlns=\"http:\/\/www.w3.org\/2000\/svg\" viewBox=\"0 0 16 16\"><path fill=\"currentColor\" d=\"M12.2,9H0V7h12.2L6.6,1.4L8,0l8,8l-8,8l-1.4-1.4L12.2,9z\"\/><\/svg><\/span>\r\n        <\/div>\r\n                <\/a>\r\n        <\/div>[\/vc_column][\/vc_row][vc_row full_width=\u00bbstretch_row\u00bb row_color=\u00bblight-blue\u00bb][vc_column width=\u00bb7\/12&#8243;]\r\n        <div class=\"sd-block-title \">\r\n            <h3 class=\"sd-block-title-htag  font-middle color-black align-left margin-bottom-30px\">La cobertura de datos globales m\u00e1s completa del mundo<\/h3>\r\n        <\/div>\r\n        <div class=\"sd-block-text margin-bottom-60px \r\n            size-regular \r\n            color-black\r\n            \r\n            \r\n            \">\r\n            <p>Nuestra base de datos incluye la base de datos \u00abPharma In-Use\u00bb que recopila y ofrece IQVIA World Publications Limited. Se actualiza dos veces al a\u00f1o. Cuando una b\u00fasqueda abarca la clase 5, las DCI se buscan autom\u00e1ticamente.<\/p>\n<p>Haga clic aqu\u00ed para consultar el \u00faltimo resumen con registros y pa\u00edses, donde se incluyen 87 bases de datos farmac\u00e9uticas.<\/p>\n\r\n        <\/div>\r\n        <div class=\"sd-block-title \">\r\n            <h3 class=\"sd-block-title-htag  font-middle color-black align-left margin-bottom-30px\">Precios<\/h3>\r\n        <\/div>\r\n        <div class=\"sd-block-text margin-bottom-0px \r\n            size-regular \r\n            color-black\r\n            \r\n             mobile-margin-bottom-0px\r\n            \">\r\n            <p>El acceso en l\u00ednea se ofrece con una tarifa fija para uso ilimitado. Fovea IP ofrece unos precios inmejorables para sus servicios de alta calidad de b\u00fasqueda y vigilancia globales. Consulte nuestra gu\u00eda de precios.<\/p>\n\r\n        <\/div>[\/vc_column][vc_column width=\u00bb1\/12&#8243;][\/vc_column][vc_column width=\u00bb4\/12&#8243;][\/vc_column][\/vc_row][vc_row full_width=\u00bbstretch_row\u00bb el_id=\u00bbcontact\u00bb][vc_column width=\u00bb1\/2&#8243;]\r\n        <div class=\"sd-block-title \">\r\n            <h2 class=\"sd-block-title-htag  font-large color-black align-left margin-bottom-30px\">\u00bfDesea probar nuestra plataforma de b\u00fasqueda y vigilancia?<\/h2>\r\n        <\/div>\r\n        <div class=\"sd-block-text margin-bottom-30px \r\n            size-regular \r\n            color-black\r\n            \r\n            \r\n            \">\r\n            <p>Solicite su prueba gratis durante una semana.<\/p>\n\r\n        <\/div>\r\n        <div class=\"sd-block-button  margin-bottom-0px background size-regular background-color-yellow align-inline mobile-margin-bottom-0px\">\r\n                <a class=\"inner-button\"\r\n                href=\"https:\/\/www.foveaip.com\/es\/descargas\/prueba-gratis\/\" title=\"Pru\u00e9bela gratis\">Pru\u00e9bela gratis<svg xmlns=\"http:\/\/www.w3.org\/2000\/svg\" viewBox=\"0 0 16 16\"><path fill=\"currentColor\" d=\"M12.2,9H0V7h12.2L6.6,1.4L8,0l8,8l-8,8l-1.4-1.4L12.2,9z\"\/><\/svg><\/a>\r\n        <\/div>\r\n        <div class=\"sd-block-button  margin-bottom-0px background size-regular background-color-black-outline align-inline mobile-margin-bottom-0px\">\r\n                <a class=\"inner-button\"\r\n                href=\"https:\/\/www.foveaip.com\/es\/contacte\/\" title=\"O cont\u00e1ctenos\">O cont\u00e1ctenos<svg xmlns=\"http:\/\/www.w3.org\/2000\/svg\" viewBox=\"0 0 16 16\"><path fill=\"currentColor\" d=\"M12.2,9H0V7h12.2L6.6,1.4L8,0l8,8l-8,8l-1.4-1.4L12.2,9z\"\/><\/svg><\/a>\r\n        <\/div>[\/vc_column][vc_column width=\u00bb1\/2&#8243;][\/vc_column][\/vc_row]<\/p>\n<\/div>","protected":false},"excerpt":{"rendered":"<p>[vc_row full_width=\u00bbstretch_row\u00bb content_placement=\u00bbmiddle\u00bb row_height=\u00bbrow_500px\u00bb row_color=\u00bblight-green\u00bb cat_circle=\u00bbcta-circle-yes\u00bb css=\u00bb.vc_custom_1713603710416{background-image: url(https:\/\/www.foveaip.com\/wp-content\/uploads\/2024\/03\/FoveaIP_corporate-1920&#215;500-2.jpg?id=3838) !important;background-position: center !important;background-repeat: no-repeat !important;background-size: cover !important;}\u00bb][vc_column][\/vc_column][\/vc_row][vc_row][vc_column width=\u00bb7\/12&#8243;][\/vc_column][vc_column width=\u00bb1\/12&#8243;][\/vc_column][vc_column width=\u00bb4\/12&#8243;][\/vc_column][\/vc_row][vc_row full_width=\u00bbstretch_row\u00bb row_color=\u00bblight-blue\u00bb][vc_column width=\u00bb7\/12&#8243;][\/vc_column][vc_column width=\u00bb1\/12&#8243;][\/vc_column][vc_column width=\u00bb4\/12&#8243;][\/vc_column][\/vc_row][vc_row full_width=\u00bbstretch_row\u00bb el_id=\u00bbcontact\u00bb][vc_column width=\u00bb1\/2&#8243;][\/vc_column][vc_column width=\u00bb1\/2&#8243;][\/vc_column][\/vc_row]<\/p>\n","protected":false},"author":10,"featured_media":0,"parent":8891,"menu_order":3,"comment_status":"closed","ping_status":"closed","template":"","meta":{"_acf_changed":false,"content-type":"","footnotes":""},"class_list":["post-9169","page","type-page","status-publish","hentry"],"acf":[],"yoast_head":"<!-- This site is optimized with the Yoast SEO plugin v26.8 - https:\/\/yoast.com\/product\/yoast-seo-wordpress\/ -->\n<title>Productos farmac\u00e9uticos | Fovea IP<\/title>\n<meta name=\"description\" content=\"Fovea IP es el \u00fanico proveedor del mundo que ofrece todos los datos globales de PI, productos farmac\u00e9uticos incluidos, en una sola plataforma\" \/>\n<meta name=\"robots\" content=\"index, follow, max-snippet:-1, max-image-preview:large, max-video-preview:-1\" \/>\n<link rel=\"canonical\" href=\"https:\/\/www.foveaip.com\/es\/busquedas-en-linea\/productos-farmaceuticos\/\" \/>\n<meta property=\"og:locale\" content=\"es_ES\" \/>\n<meta property=\"og:type\" content=\"article\" \/>\n<meta property=\"og:title\" content=\"Productos farmac\u00e9uticos | Fovea IP\" \/>\n<meta property=\"og:description\" content=\"Fovea IP es el \u00fanico proveedor del mundo que ofrece todos los datos globales de PI, productos farmac\u00e9uticos incluidos, en una sola plataforma\" \/>\n<meta property=\"og:url\" content=\"https:\/\/www.foveaip.com\/es\/busquedas-en-linea\/productos-farmaceuticos\/\" \/>\n<meta property=\"og:site_name\" content=\"Fovea IP\" \/>\n<meta property=\"article:modified_time\" content=\"2024-10-21T11:27:52+00:00\" \/>\n<meta property=\"og:image\" content=\"https:\/\/www.foveaip.com\/wp-content\/uploads\/2024\/03\/foveaip-social-share-afbeelding-voor-yoast.jpg\" \/>\n\t<meta property=\"og:image:width\" content=\"1200\" \/>\n\t<meta property=\"og:image:height\" content=\"630\" \/>\n\t<meta property=\"og:image:type\" content=\"image\/jpeg\" \/>\n<meta name=\"twitter:card\" content=\"summary_large_image\" \/>\n<meta name=\"twitter:label1\" content=\"Tiempo de lectura\" \/>\n\t<meta name=\"twitter:data1\" content=\"4 minutos\" \/>\n<script type=\"application\/ld+json\" class=\"yoast-schema-graph\">{\"@context\":\"https:\/\/schema.org\",\"@graph\":[{\"@type\":\"WebPage\",\"@id\":\"https:\/\/www.foveaip.com\/es\/busquedas-en-linea\/productos-farmaceuticos\/\",\"url\":\"https:\/\/www.foveaip.com\/es\/busquedas-en-linea\/productos-farmaceuticos\/\",\"name\":\"Productos farmac\u00e9uticos | Fovea IP\",\"isPartOf\":{\"@id\":\"https:\/\/www.foveaip.com\/es\/#website\"},\"datePublished\":\"2024-10-18T11:17:35+00:00\",\"dateModified\":\"2024-10-21T11:27:52+00:00\",\"description\":\"Fovea IP es el \u00fanico proveedor del mundo que ofrece todos los datos globales de PI, productos farmac\u00e9uticos incluidos, en una sola plataforma\",\"breadcrumb\":{\"@id\":\"https:\/\/www.foveaip.com\/es\/busquedas-en-linea\/productos-farmaceuticos\/#breadcrumb\"},\"inLanguage\":\"es\",\"potentialAction\":[{\"@type\":\"ReadAction\",\"target\":[\"https:\/\/www.foveaip.com\/es\/busquedas-en-linea\/productos-farmaceuticos\/\"]}]},{\"@type\":\"BreadcrumbList\",\"@id\":\"https:\/\/www.foveaip.com\/es\/busquedas-en-linea\/productos-farmaceuticos\/#breadcrumb\",\"itemListElement\":[{\"@type\":\"ListItem\",\"position\":1,\"name\":\"Home\",\"item\":\"https:\/\/www.foveaip.com\/es\/\"},{\"@type\":\"ListItem\",\"position\":2,\"name\":\"B\u00fasquedas en l\u00ednea\",\"item\":\"https:\/\/www.foveaip.com\/es\/busquedas-en-linea\/\"},{\"@type\":\"ListItem\",\"position\":3,\"name\":\"Productos farmac\u00e9uticos\"}]},{\"@type\":\"WebSite\",\"@id\":\"https:\/\/www.foveaip.com\/es\/#website\",\"url\":\"https:\/\/www.foveaip.com\/es\/\",\"name\":\"Fovea IP\",\"description\":\"The sharpest Eye on IP\",\"publisher\":{\"@id\":\"https:\/\/www.foveaip.com\/es\/#organization\"},\"inLanguage\":\"es\"},{\"@type\":\"Organization\",\"@id\":\"https:\/\/www.foveaip.com\/es\/#organization\",\"name\":\"Fovea IP\",\"url\":\"https:\/\/www.foveaip.com\/es\/\",\"logo\":{\"@type\":\"ImageObject\",\"inLanguage\":\"es\",\"@id\":\"https:\/\/www.foveaip.com\/es\/#\/schema\/logo\/image\/\",\"url\":\"https:\/\/www.foveaip.com\/wp-content\/uploads\/2024\/03\/foveaip-social-share-afbeelding-voor-yoast.jpg\",\"contentUrl\":\"https:\/\/www.foveaip.com\/wp-content\/uploads\/2024\/03\/foveaip-social-share-afbeelding-voor-yoast.jpg\",\"width\":1200,\"height\":630,\"caption\":\"Fovea IP\"},\"image\":{\"@id\":\"https:\/\/www.foveaip.com\/es\/#\/schema\/logo\/image\/\"},\"sameAs\":[\"https:\/\/www.linkedin.com\/company\/foveaip\/\"]}]}<\/script>\n<!-- \/ Yoast SEO plugin. -->","yoast_head_json":{"title":"Productos farmac\u00e9uticos | Fovea IP","description":"Fovea IP es el \u00fanico proveedor del mundo que ofrece todos los datos globales de PI, productos farmac\u00e9uticos incluidos, en una sola plataforma","robots":{"index":"index","follow":"follow","max-snippet":"max-snippet:-1","max-image-preview":"max-image-preview:large","max-video-preview":"max-video-preview:-1"},"canonical":"https:\/\/www.foveaip.com\/es\/busquedas-en-linea\/productos-farmaceuticos\/","og_locale":"es_ES","og_type":"article","og_title":"Productos farmac\u00e9uticos | Fovea IP","og_description":"Fovea IP es el \u00fanico proveedor del mundo que ofrece todos los datos globales de PI, productos farmac\u00e9uticos incluidos, en una sola plataforma","og_url":"https:\/\/www.foveaip.com\/es\/busquedas-en-linea\/productos-farmaceuticos\/","og_site_name":"Fovea IP","article_modified_time":"2024-10-21T11:27:52+00:00","og_image":[{"width":1200,"height":630,"url":"https:\/\/www.foveaip.com\/wp-content\/uploads\/2024\/03\/foveaip-social-share-afbeelding-voor-yoast.jpg","type":"image\/jpeg"}],"twitter_card":"summary_large_image","twitter_misc":{"Tiempo de lectura":"4 minutos"},"schema":{"@context":"https:\/\/schema.org","@graph":[{"@type":"WebPage","@id":"https:\/\/www.foveaip.com\/es\/busquedas-en-linea\/productos-farmaceuticos\/","url":"https:\/\/www.foveaip.com\/es\/busquedas-en-linea\/productos-farmaceuticos\/","name":"Productos farmac\u00e9uticos | Fovea IP","isPartOf":{"@id":"https:\/\/www.foveaip.com\/es\/#website"},"datePublished":"2024-10-18T11:17:35+00:00","dateModified":"2024-10-21T11:27:52+00:00","description":"Fovea IP es el \u00fanico proveedor del mundo que ofrece todos los datos globales de PI, productos farmac\u00e9uticos incluidos, en una sola plataforma","breadcrumb":{"@id":"https:\/\/www.foveaip.com\/es\/busquedas-en-linea\/productos-farmaceuticos\/#breadcrumb"},"inLanguage":"es","potentialAction":[{"@type":"ReadAction","target":["https:\/\/www.foveaip.com\/es\/busquedas-en-linea\/productos-farmaceuticos\/"]}]},{"@type":"BreadcrumbList","@id":"https:\/\/www.foveaip.com\/es\/busquedas-en-linea\/productos-farmaceuticos\/#breadcrumb","itemListElement":[{"@type":"ListItem","position":1,"name":"Home","item":"https:\/\/www.foveaip.com\/es\/"},{"@type":"ListItem","position":2,"name":"B\u00fasquedas en l\u00ednea","item":"https:\/\/www.foveaip.com\/es\/busquedas-en-linea\/"},{"@type":"ListItem","position":3,"name":"Productos farmac\u00e9uticos"}]},{"@type":"WebSite","@id":"https:\/\/www.foveaip.com\/es\/#website","url":"https:\/\/www.foveaip.com\/es\/","name":"Fovea IP","description":"The sharpest Eye on IP","publisher":{"@id":"https:\/\/www.foveaip.com\/es\/#organization"},"inLanguage":"es"},{"@type":"Organization","@id":"https:\/\/www.foveaip.com\/es\/#organization","name":"Fovea IP","url":"https:\/\/www.foveaip.com\/es\/","logo":{"@type":"ImageObject","inLanguage":"es","@id":"https:\/\/www.foveaip.com\/es\/#\/schema\/logo\/image\/","url":"https:\/\/www.foveaip.com\/wp-content\/uploads\/2024\/03\/foveaip-social-share-afbeelding-voor-yoast.jpg","contentUrl":"https:\/\/www.foveaip.com\/wp-content\/uploads\/2024\/03\/foveaip-social-share-afbeelding-voor-yoast.jpg","width":1200,"height":630,"caption":"Fovea IP"},"image":{"@id":"https:\/\/www.foveaip.com\/es\/#\/schema\/logo\/image\/"},"sameAs":["https:\/\/www.linkedin.com\/company\/foveaip\/"]}]}},"_links":{"self":[{"href":"https:\/\/www.foveaip.com\/es\/wp-json\/wp\/v2\/pages\/9169","targetHints":{"allow":["GET"]}}],"collection":[{"href":"https:\/\/www.foveaip.com\/es\/wp-json\/wp\/v2\/pages"}],"about":[{"href":"https:\/\/www.foveaip.com\/es\/wp-json\/wp\/v2\/types\/page"}],"author":[{"embeddable":true,"href":"https:\/\/www.foveaip.com\/es\/wp-json\/wp\/v2\/users\/10"}],"replies":[{"embeddable":true,"href":"https:\/\/www.foveaip.com\/es\/wp-json\/wp\/v2\/comments?post=9169"}],"version-history":[{"count":9,"href":"https:\/\/www.foveaip.com\/es\/wp-json\/wp\/v2\/pages\/9169\/revisions"}],"predecessor-version":[{"id":9897,"href":"https:\/\/www.foveaip.com\/es\/wp-json\/wp\/v2\/pages\/9169\/revisions\/9897"}],"up":[{"embeddable":true,"href":"https:\/\/www.foveaip.com\/es\/wp-json\/wp\/v2\/pages\/8891"}],"wp:attachment":[{"href":"https:\/\/www.foveaip.com\/es\/wp-json\/wp\/v2\/media?parent=9169"}],"curies":[{"name":"wp","href":"https:\/\/api.w.org\/{rel}","templated":true}]}}