{"id":9261,"date":"2024-10-18T13:15:51","date_gmt":"2024-10-18T11:15:51","guid":{"rendered":"https:\/\/www.foveaip.com\/?page_id=9261"},"modified":"2025-06-18T13:26:43","modified_gmt":"2025-06-18T11:26:43","slug":"oficinas","status":"publish","type":"page","link":"https:\/\/www.foveaip.com\/es\/acerca-de-nosotros\/oficinas\/","title":{"rendered":"Oficinas"},"content":{"rendered":"<div class=\"wpb-content-wrapper\"><p>[vc_row full_width=\u00bbstretch_row\u00bb content_placement=\u00bbmiddle\u00bb row_height=\u00bbrow_500px\u00bb row_color=\u00bbblack\u00bb cat_circle=\u00bbcta-circle-yes\u00bb css=\u00bb.vc_custom_1712319606238{background-image: url(https:\/\/www.foveaip.com\/wp-content\/uploads\/2024\/04\/offices.jpg?id=4981) !important;}\u00bb][vc_column]\r\n        <div class=\"sd-cta-circle\">\r\n            <div class=\"circle-inner color-blue\">\r\n        <div class=\"sd-block-title \">\r\n            <h1 class=\"sd-block-title-htag  font-huge color-white align-center margin-bottom-30px\">Nuestras oficinas<\/h1>\r\n        <\/div>\r\n        <div class=\"sd-block-text margin-bottom-0px \r\n            size-large \r\n            color-white\r\n            \r\n            \r\n            \">\r\n            <p>Compa\u00f1\u00eda global, expertos locales<\/p>\n\r\n        <\/div>\r\n            <\/div>\r\n        <\/div>[\/vc_column][\/vc_row][vc_row][vc_column width=\u00bb5\/12&#8243;]\r\n        <div class=\"sd-block-title \">\r\n            <h2 class=\"sd-block-title-htag  font-large color-black align-left margin-bottom-30px\">Nuestras oficinas en todo el mundo<\/h2>\r\n        <\/div>\r\n        <div class=\"sd-block-text margin-bottom-0px \r\n            size-regular \r\n            color-black\r\n            \r\n            \r\n            \">\r\n            <p style=\"text-align: left;\">Fovea IP tiene 8 oficinas en todo el mundo. Nuestros equipos de ventas est\u00e1n ubicados en muchos m\u00e1s pa\u00edses para facilitarle al m\u00e1ximo ponerse en contacto con nosotros.<\/p>\n\r\n        <\/div>[\/vc_column][vc_column width=\u00bb1\/12&#8243;][\/vc_column][vc_column width=\u00bb6\/12&#8243;][\/vc_column][\/vc_row][vc_row full_width=\u00bbstretch_row\u00bb row_color=\u00bblight-blue\u00bb][vc_column][vc_row_inner][vc_column_inner width=\u00bb1\/4&#8243;]\r\n        <div class=\"sd-block-image  border-radius-enabled align-left margin-bottom-30px\r\n        \"><img decoding=\"async\" title=\"\" alt=\"\" src=\"https:\/\/www.foveaip.com\/wp-content\/uploads\/2024\/03\/belgium.jpg\">\r\n        <\/div>\r\n        <div class=\"sd-block-title \">\r\n            <h3 class=\"sd-block-title-htag  font-middle color-black align-left margin-bottom-30px\">Oficinas centrales<\/h3>\r\n        <\/div>\r\n        <div class=\"sd-block-text margin-bottom-60px \r\n            size-regular \r\n            color-black\r\n            \r\n            \r\n            \">\r\n            <p>Chauss\u00e9e de Waterloo 1135,<br \/>\n1180 Brussels, Belgium<br \/>\n<a href=\"tel:+32 2 425 35 37\">+32 2 425 35 37<\/a><br \/>\n<a href=\"mailto:info@foveaip.com\">info@foveaip.com<\/a><\/p>\n\r\n        <\/div>[\/vc_column_inner][vc_column_inner width=\u00bb1\/4&#8243;]\r\n        <div class=\"sd-block-image  border-radius-enabled align-left margin-bottom-30px\r\n        \"><img decoding=\"async\" title=\"\" alt=\"\" src=\"https:\/\/www.foveaip.com\/wp-content\/uploads\/2024\/03\/holland.jpg\">\r\n        <\/div>\r\n        <div class=\"sd-block-title \">\r\n            <h3 class=\"sd-block-title-htag  font-middle color-black align-left margin-bottom-30px\">Pa\u00edses Bajos<\/h3>\r\n        <\/div>\r\n        <div class=\"sd-block-text margin-bottom-60px \r\n            size-regular \r\n            color-black\r\n            \r\n            \r\n            \">\r\n            <p>Tupolevlaan 81<br \/>\n1119 PA Schiphol-Rijk<br \/>\n<a href=\"tel:+31 85 8000024\">+31 85 8000024<\/a><br \/>\n<a href=\"mailto:info@foveaip.com\">info@foveaip.com<\/a><\/p>\n\r\n        <\/div>[\/vc_column_inner][vc_column_inner width=\u00bb1\/4&#8243;]\r\n        <div class=\"sd-block-image  border-radius-enabled align-left margin-bottom-30px\r\n        \"><img decoding=\"async\" title=\"\" alt=\"\" src=\"https:\/\/www.foveaip.com\/wp-content\/uploads\/2024\/03\/usa.jpg\">\r\n        <\/div>\r\n        <div class=\"sd-block-title \">\r\n            <h3 class=\"sd-block-title-htag  font-middle color-black align-left margin-bottom-30px\">Am\u00e9rica del Norte<\/h3>\r\n        <\/div>\r\n        <div class=\"sd-block-text margin-bottom-60px \r\n            size-regular \r\n            color-black\r\n            \r\n            \r\n            \">\r\n            <p>250 Park Avenue<br \/>\nNueva York, NY 10177<br \/>\n<a href=\"tel:+1 212 430-0326\">+1 212 430-0326<\/a><br \/>\n<a href=\"tel:+1 833 406 7673\">+1 833 406 7673<\/a><br \/>\n<a href=\"mailto:us.support@foveaip.com\">us.support@foveaip.com<\/a><\/p>\n\r\n        <\/div>[\/vc_column_inner][vc_column_inner width=\u00bb1\/4&#8243;]\r\n        <div class=\"sd-block-image  border-radius-enabled align-left margin-bottom-30px\r\n        \"><img decoding=\"async\" title=\"\" alt=\"\" src=\"https:\/\/www.foveaip.com\/wp-content\/uploads\/2024\/03\/australia-new-zealand.jpg\">\r\n        <\/div>\r\n        <div class=\"sd-block-title \">\r\n            <h3 class=\"sd-block-title-htag  font-middle color-black align-left margin-bottom-30px\">Australia y Nueva Zelanda<\/h3>\r\n        <\/div>\r\n        <div class=\"sd-block-text margin-bottom-60px \r\n            size-regular \r\n            color-black\r\n            \r\n            \r\n            \">\r\n            <p>PO Box 1176<br \/>\nPasadena SA 5042, Australia<br \/>\n<a href=\"tel:+61 8 8374 0329\">+61 8 8374 0329<\/a><br \/>\n<a href=\"mailto:info@foveaip.com\">info@foveaip.com<\/a><\/p>\n\r\n        <\/div>[\/vc_column_inner][\/vc_row_inner][vc_row_inner][vc_column_inner width=\u00bb1\/4&#8243;]\r\n        <div class=\"sd-block-image  border-radius-enabled align-left margin-bottom-30px\r\n        \"><img decoding=\"async\" title=\"\" alt=\"\" src=\"https:\/\/www.foveaip.com\/wp-content\/uploads\/2025\/06\/\u5fae\u4fe1\u56fe\u7247_20250617124822-1.jpg\">\r\n        <\/div>\r\n        <div class=\"sd-block-title \">\r\n            <h3 class=\"sd-block-title-htag  font-middle color-black align-left margin-bottom-30px\">China<\/h3>\r\n        <\/div>\r\n        <div class=\"sd-block-text margin-bottom-0px \r\n            size-regular \r\n            color-black\r\n            \r\n             mobile-margin-bottom-60px\r\n            \">\r\n            <p>18th Floor, Tower A,<br \/>\nChina World Office Building,<br \/>\nNo. 1 Jianguomenwai Avenue,<br \/>\nChaoyang District, Beijing<a href=\"tel: +86-57379015\"><br \/>\n+86 (10) &#8211; 57379015<\/a><br \/>\n<a href=\"mailto:info@foveaip.com\">info@foveaip.com<\/a><\/p>\n\r\n        <\/div>[\/vc_column_inner][vc_column_inner width=\u00bb1\/4&#8243;]\r\n        <div class=\"sd-block-image  border-radius-enabled align-left margin-bottom-30px\r\n        \"><img decoding=\"async\" title=\"\" alt=\"\" src=\"https:\/\/www.foveaip.com\/wp-content\/uploads\/2024\/03\/germany.jpg\">\r\n        <\/div>\r\n        <div class=\"sd-block-title \">\r\n            <h3 class=\"sd-block-title-htag  font-middle color-black align-left margin-bottom-30px\">Alemania<\/h3>\r\n        <\/div>\r\n        <div class=\"sd-block-text margin-bottom-0px \r\n            size-regular \r\n            color-black\r\n            \r\n             mobile-margin-bottom-60px\r\n            \">\r\n            <p>Steinstr. 77<br \/>\n81667 M\u00fcnchen<br \/>\n<a href=\"tel: +49 172 141 9722\">+49 172 141 9722<\/a><br \/>\n<a href=\"mailto:info@foveaip.com\">info@foveaip.com<\/a><\/p>\n\r\n        <\/div>[\/vc_column_inner][vc_column_inner width=\u00bb1\/4&#8243;]\r\n        <div class=\"sd-block-image  border-radius-enabled align-left margin-bottom-30px\r\n        \"><img decoding=\"async\" title=\"\" alt=\"\" src=\"https:\/\/www.foveaip.com\/wp-content\/uploads\/2024\/03\/japan.jpg\">\r\n        <\/div>\r\n        <div class=\"sd-block-title \">\r\n            <h3 class=\"sd-block-title-htag  font-middle color-black align-left margin-bottom-30px\">Jap\u00f3n<\/h3>\r\n        <\/div>\r\n        <div class=\"sd-block-text margin-bottom-0px \r\n            size-regular \r\n            color-black\r\n            \r\n             mobile-margin-bottom-60px\r\n            \">\r\n            <p>8.\u00ba piso, Pacific Century Place<br \/>\n1-11-1, Marunouchi, Chiyoda-ku<br \/>\nTokio 100-6208<br \/>\n<a href=\"tel: +81-3-6775-9211\">+81-3-6775-9211<\/a><br \/>\n<a href=\"mailto:info@foveaip.com\">info@foveaip.com<\/a><\/p>\n\r\n        <\/div>[\/vc_column_inner][vc_column_inner width=\u00bb1\/4&#8243;]\r\n        <div class=\"sd-block-image  border-radius-enabled align-left margin-bottom-30px\r\n        \"><img decoding=\"async\" title=\"\" alt=\"\" src=\"https:\/\/www.foveaip.com\/wp-content\/uploads\/2024\/03\/korea.jpg\">\r\n        <\/div>\r\n        <div class=\"sd-block-title \">\r\n            <h3 class=\"sd-block-title-htag  font-middle color-black align-left margin-bottom-30px\">Corea<\/h3>\r\n        <\/div>\r\n        <div class=\"sd-block-text margin-bottom-0px \r\n            size-regular \r\n            color-black\r\n            \r\n            \r\n            \">\r\n            <p>Gangnam-gu, Nambusoonhwan-ro<br \/>\n2645<br \/>\nHandok Bldg, 4F, Suite 421<br \/>\nSe\u00fal, Corea 06271<br \/>\n<a href=\"tel: +82 10 4009 9128\">+82 10 4009 9128<\/a><br \/>\n<a href=\"mailto:info@foveaip.com\">info@foveaip.com<\/a><\/p>\n\r\n        <\/div>[\/vc_column_inner][\/vc_row_inner][\/vc_column][\/vc_row]<\/p>\n<\/div>","protected":false},"excerpt":{"rendered":"<p>[vc_row full_width=\u00bbstretch_row\u00bb content_placement=\u00bbmiddle\u00bb row_height=\u00bbrow_500px\u00bb row_color=\u00bbblack\u00bb cat_circle=\u00bbcta-circle-yes\u00bb css=\u00bb.vc_custom_1712319606238{background-image: url(https:\/\/www.foveaip.com\/wp-content\/uploads\/2024\/04\/offices.jpg?id=4981) !important;}\u00bb][vc_column][\/vc_column][\/vc_row][vc_row][vc_column width=\u00bb5\/12&#8243;][\/vc_column][vc_column width=\u00bb1\/12&#8243;][\/vc_column][vc_column width=\u00bb6\/12&#8243;][\/vc_column][\/vc_row][vc_row full_width=\u00bbstretch_row\u00bb row_color=\u00bblight-blue\u00bb][vc_column][vc_row_inner][vc_column_inner width=\u00bb1\/4&#8243;][\/vc_column_inner][vc_column_inner width=\u00bb1\/4&#8243;][\/vc_column_inner][vc_column_inner width=\u00bb1\/4&#8243;][\/vc_column_inner][vc_column_inner width=\u00bb1\/4&#8243;][\/vc_column_inner][\/vc_row_inner][vc_row_inner][vc_column_inner width=\u00bb1\/4&#8243;][\/vc_column_inner][vc_column_inner width=\u00bb1\/4&#8243;][\/vc_column_inner][vc_column_inner width=\u00bb1\/4&#8243;][\/vc_column_inner][vc_column_inner width=\u00bb1\/4&#8243;][\/vc_column_inner][\/vc_row_inner][\/vc_column][\/vc_row]<\/p>\n","protected":false},"author":10,"featured_media":0,"parent":9242,"menu_order":6,"comment_status":"closed","ping_status":"closed","template":"","meta":{"_acf_changed":false,"content-type":"","footnotes":""},"class_list":["post-9261","page","type-page","status-publish","hentry"],"acf":[],"yoast_head":"<!-- This site is optimized with the Yoast SEO plugin v26.8 - https:\/\/yoast.com\/product\/yoast-seo-wordpress\/ -->\n<title>Oficinas | Fovea IP<\/title>\n<meta name=\"description\" content=\"Fovea IP. Compa\u00f1\u00eda global, expertos locales\" \/>\n<meta name=\"robots\" content=\"index, follow, max-snippet:-1, max-image-preview:large, max-video-preview:-1\" \/>\n<link rel=\"canonical\" href=\"https:\/\/www.foveaip.com\/es\/acerca-de-nosotros\/oficinas\/\" \/>\n<meta property=\"og:locale\" content=\"es_ES\" \/>\n<meta property=\"og:type\" content=\"article\" \/>\n<meta property=\"og:title\" content=\"Oficinas | Fovea IP\" \/>\n<meta property=\"og:description\" content=\"Fovea IP. Compa\u00f1\u00eda global, expertos locales\" \/>\n<meta property=\"og:url\" content=\"https:\/\/www.foveaip.com\/es\/acerca-de-nosotros\/oficinas\/\" \/>\n<meta property=\"og:site_name\" content=\"Fovea IP\" \/>\n<meta property=\"article:modified_time\" content=\"2025-06-18T11:26:43+00:00\" \/>\n<meta property=\"og:image\" content=\"https:\/\/www.foveaip.com\/wp-content\/uploads\/2024\/03\/foveaip-social-share-afbeelding-voor-yoast.jpg\" \/>\n\t<meta property=\"og:image:width\" content=\"1200\" \/>\n\t<meta property=\"og:image:height\" content=\"630\" \/>\n\t<meta property=\"og:image:type\" content=\"image\/jpeg\" \/>\n<meta name=\"twitter:card\" content=\"summary_large_image\" \/>\n<meta name=\"twitter:label1\" content=\"Tiempo de lectura\" \/>\n\t<meta name=\"twitter:data1\" content=\"3 minutos\" \/>\n<script type=\"application\/ld+json\" class=\"yoast-schema-graph\">{\"@context\":\"https:\/\/schema.org\",\"@graph\":[{\"@type\":\"WebPage\",\"@id\":\"https:\/\/www.foveaip.com\/es\/acerca-de-nosotros\/oficinas\/\",\"url\":\"https:\/\/www.foveaip.com\/es\/acerca-de-nosotros\/oficinas\/\",\"name\":\"Oficinas | Fovea IP\",\"isPartOf\":{\"@id\":\"https:\/\/www.foveaip.com\/es\/#website\"},\"datePublished\":\"2024-10-18T11:15:51+00:00\",\"dateModified\":\"2025-06-18T11:26:43+00:00\",\"description\":\"Fovea IP. Compa\u00f1\u00eda global, expertos locales\",\"breadcrumb\":{\"@id\":\"https:\/\/www.foveaip.com\/es\/acerca-de-nosotros\/oficinas\/#breadcrumb\"},\"inLanguage\":\"es\",\"potentialAction\":[{\"@type\":\"ReadAction\",\"target\":[\"https:\/\/www.foveaip.com\/es\/acerca-de-nosotros\/oficinas\/\"]}]},{\"@type\":\"BreadcrumbList\",\"@id\":\"https:\/\/www.foveaip.com\/es\/acerca-de-nosotros\/oficinas\/#breadcrumb\",\"itemListElement\":[{\"@type\":\"ListItem\",\"position\":1,\"name\":\"Home\",\"item\":\"https:\/\/www.foveaip.com\/es\/\"},{\"@type\":\"ListItem\",\"position\":2,\"name\":\"Acerca de nosotros\",\"item\":\"https:\/\/www.foveaip.com\/es\/acerca-de-nosotros\/\"},{\"@type\":\"ListItem\",\"position\":3,\"name\":\"Oficinas\"}]},{\"@type\":\"WebSite\",\"@id\":\"https:\/\/www.foveaip.com\/es\/#website\",\"url\":\"https:\/\/www.foveaip.com\/es\/\",\"name\":\"Fovea IP\",\"description\":\"The sharpest Eye on IP\",\"publisher\":{\"@id\":\"https:\/\/www.foveaip.com\/es\/#organization\"},\"inLanguage\":\"es\"},{\"@type\":\"Organization\",\"@id\":\"https:\/\/www.foveaip.com\/es\/#organization\",\"name\":\"Fovea IP\",\"url\":\"https:\/\/www.foveaip.com\/es\/\",\"logo\":{\"@type\":\"ImageObject\",\"inLanguage\":\"es\",\"@id\":\"https:\/\/www.foveaip.com\/es\/#\/schema\/logo\/image\/\",\"url\":\"https:\/\/www.foveaip.com\/wp-content\/uploads\/2024\/03\/foveaip-social-share-afbeelding-voor-yoast.jpg\",\"contentUrl\":\"https:\/\/www.foveaip.com\/wp-content\/uploads\/2024\/03\/foveaip-social-share-afbeelding-voor-yoast.jpg\",\"width\":1200,\"height\":630,\"caption\":\"Fovea IP\"},\"image\":{\"@id\":\"https:\/\/www.foveaip.com\/es\/#\/schema\/logo\/image\/\"},\"sameAs\":[\"https:\/\/www.linkedin.com\/company\/foveaip\/\"]}]}<\/script>\n<!-- \/ Yoast SEO plugin. -->","yoast_head_json":{"title":"Oficinas | Fovea IP","description":"Fovea IP. Compa\u00f1\u00eda global, expertos locales","robots":{"index":"index","follow":"follow","max-snippet":"max-snippet:-1","max-image-preview":"max-image-preview:large","max-video-preview":"max-video-preview:-1"},"canonical":"https:\/\/www.foveaip.com\/es\/acerca-de-nosotros\/oficinas\/","og_locale":"es_ES","og_type":"article","og_title":"Oficinas | Fovea IP","og_description":"Fovea IP. Compa\u00f1\u00eda global, expertos locales","og_url":"https:\/\/www.foveaip.com\/es\/acerca-de-nosotros\/oficinas\/","og_site_name":"Fovea IP","article_modified_time":"2025-06-18T11:26:43+00:00","og_image":[{"width":1200,"height":630,"url":"https:\/\/www.foveaip.com\/wp-content\/uploads\/2024\/03\/foveaip-social-share-afbeelding-voor-yoast.jpg","type":"image\/jpeg"}],"twitter_card":"summary_large_image","twitter_misc":{"Tiempo de lectura":"3 minutos"},"schema":{"@context":"https:\/\/schema.org","@graph":[{"@type":"WebPage","@id":"https:\/\/www.foveaip.com\/es\/acerca-de-nosotros\/oficinas\/","url":"https:\/\/www.foveaip.com\/es\/acerca-de-nosotros\/oficinas\/","name":"Oficinas | Fovea IP","isPartOf":{"@id":"https:\/\/www.foveaip.com\/es\/#website"},"datePublished":"2024-10-18T11:15:51+00:00","dateModified":"2025-06-18T11:26:43+00:00","description":"Fovea IP. Compa\u00f1\u00eda global, expertos locales","breadcrumb":{"@id":"https:\/\/www.foveaip.com\/es\/acerca-de-nosotros\/oficinas\/#breadcrumb"},"inLanguage":"es","potentialAction":[{"@type":"ReadAction","target":["https:\/\/www.foveaip.com\/es\/acerca-de-nosotros\/oficinas\/"]}]},{"@type":"BreadcrumbList","@id":"https:\/\/www.foveaip.com\/es\/acerca-de-nosotros\/oficinas\/#breadcrumb","itemListElement":[{"@type":"ListItem","position":1,"name":"Home","item":"https:\/\/www.foveaip.com\/es\/"},{"@type":"ListItem","position":2,"name":"Acerca de nosotros","item":"https:\/\/www.foveaip.com\/es\/acerca-de-nosotros\/"},{"@type":"ListItem","position":3,"name":"Oficinas"}]},{"@type":"WebSite","@id":"https:\/\/www.foveaip.com\/es\/#website","url":"https:\/\/www.foveaip.com\/es\/","name":"Fovea IP","description":"The sharpest Eye on IP","publisher":{"@id":"https:\/\/www.foveaip.com\/es\/#organization"},"inLanguage":"es"},{"@type":"Organization","@id":"https:\/\/www.foveaip.com\/es\/#organization","name":"Fovea IP","url":"https:\/\/www.foveaip.com\/es\/","logo":{"@type":"ImageObject","inLanguage":"es","@id":"https:\/\/www.foveaip.com\/es\/#\/schema\/logo\/image\/","url":"https:\/\/www.foveaip.com\/wp-content\/uploads\/2024\/03\/foveaip-social-share-afbeelding-voor-yoast.jpg","contentUrl":"https:\/\/www.foveaip.com\/wp-content\/uploads\/2024\/03\/foveaip-social-share-afbeelding-voor-yoast.jpg","width":1200,"height":630,"caption":"Fovea IP"},"image":{"@id":"https:\/\/www.foveaip.com\/es\/#\/schema\/logo\/image\/"},"sameAs":["https:\/\/www.linkedin.com\/company\/foveaip\/"]}]}},"_links":{"self":[{"href":"https:\/\/www.foveaip.com\/es\/wp-json\/wp\/v2\/pages\/9261","targetHints":{"allow":["GET"]}}],"collection":[{"href":"https:\/\/www.foveaip.com\/es\/wp-json\/wp\/v2\/pages"}],"about":[{"href":"https:\/\/www.foveaip.com\/es\/wp-json\/wp\/v2\/types\/page"}],"author":[{"embeddable":true,"href":"https:\/\/www.foveaip.com\/es\/wp-json\/wp\/v2\/users\/10"}],"replies":[{"embeddable":true,"href":"https:\/\/www.foveaip.com\/es\/wp-json\/wp\/v2\/comments?post=9261"}],"version-history":[{"count":8,"href":"https:\/\/www.foveaip.com\/es\/wp-json\/wp\/v2\/pages\/9261\/revisions"}],"predecessor-version":[{"id":10872,"href":"https:\/\/www.foveaip.com\/es\/wp-json\/wp\/v2\/pages\/9261\/revisions\/10872"}],"up":[{"embeddable":true,"href":"https:\/\/www.foveaip.com\/es\/wp-json\/wp\/v2\/pages\/9242"}],"wp:attachment":[{"href":"https:\/\/www.foveaip.com\/es\/wp-json\/wp\/v2\/media?parent=9261"}],"curies":[{"name":"wp","href":"https:\/\/api.w.org\/{rel}","templated":true}]}}