{"id":9275,"date":"2024-10-18T13:16:51","date_gmt":"2024-10-18T11:16:51","guid":{"rendered":"https:\/\/www.foveaip.com\/?page_id=9275"},"modified":"2024-10-21T13:20:31","modified_gmt":"2024-10-21T11:20:31","slug":"prueba-gratis","status":"publish","type":"page","link":"https:\/\/www.foveaip.com\/es\/descargas\/prueba-gratis\/","title":{"rendered":"Prueba gratis"},"content":{"rendered":"<div class=\"wpb-content-wrapper\"><p>[vc_row full_width=\u00bbstretch_row\u00bb content_placement=\u00bbmiddle\u00bb row_height=\u00bbrow_500px\u00bb row_color=\u00bbblack\u00bb cat_circle=\u00bbcta-circle-yes\u00bb css=\u00bb.vc_custom_1712319617101{background-image: url(https:\/\/www.foveaip.com\/wp-content\/uploads\/2024\/03\/free-trial.jpg?id=4215) !important;}\u00bb][vc_column]\r\n        <div class=\"sd-cta-circle\">\r\n            <div class=\"circle-inner color-yellow\">\r\n        <div class=\"sd-block-title \">\r\n            <h1 class=\"sd-block-title-htag  font-huge color-white align-center margin-bottom-0px\">Prueba gratis<\/h1>\r\n        <\/div>\r\n            <\/div>\r\n        <\/div>[\/vc_column][\/vc_row][vc_row][vc_column width=\u00bb5\/12&#8243;]\r\n        <div class=\"sd-block-title \">\r\n            <h2 class=\"sd-block-title-htag  font-middle color-black align-left margin-bottom-30px\">Solicite una prueba gratis durante una semana<\/h2>\r\n        <\/div>\r\n        <div class=\"sd-block-text margin-bottom-0px \r\n            size-regular \r\n            color-black\r\n            \r\n             mobile-margin-bottom-30px\r\n            \">\r\n            <p>Compruebe por s\u00ed mismo nuestra plataforma de b\u00fasquedas y vigilancia de PI, el sistema m\u00e1s receptivo, relevante y asequible. Gratis y sin compromiso alguno.<\/p>\n\r\n        <\/div>[\/vc_column][vc_column width=\u00bb1\/12&#8243;][\/vc_column][vc_column width=\u00bb6\/12&#8243;][vc_raw_html]JTNDc2NyaXB0JTIwY2hhcnNldCUzRCUyMnV0Zi04JTIyJTIwdHlwZSUzRCUyMnRleHQlMkZqYXZhc2NyaXB0JTIyJTIwc3JjJTNEJTIyJTJGJTJGanMuaHNmb3Jtcy5uZXQlMkZmb3JtcyUyRmVtYmVkJTJGdjIuanMlMjIlM0UlM0MlMkZzY3JpcHQlM0UlMEElM0NzY3JpcHQlM0UlMEElMjAlMjBoYnNwdC5mb3Jtcy5jcmVhdGUlMjglN0IlMEElMjAlMjAlMjAlMjByZWdpb24lM0ElMjAlMjJuYTElMjIlMkMlMEElMjAlMjAlMjAlMjBwb3J0YWxJZCUzQSUyMCUyMjY5NTU1ODMlMjIlMkMlMEElMjAlMjAlMjAlMjBmb3JtSWQlM0ElMjAlMjJlYjliZTU0NC05OGE4LTQ2YTAtOTFjNC1mMjNkNmMxZmQ4M2YlMjIlMEElMjAlMjAlN0QlMjklM0IlMEElM0MlMkZzY3JpcHQlM0UlMEE=[\/vc_raw_html][\/vc_column][\/vc_row]<\/p>\n<\/div>","protected":false},"excerpt":{"rendered":"<p>[vc_row full_width=\u00bbstretch_row\u00bb content_placement=\u00bbmiddle\u00bb row_height=\u00bbrow_500px\u00bb row_color=\u00bbblack\u00bb cat_circle=\u00bbcta-circle-yes\u00bb css=\u00bb.vc_custom_1712319617101{background-image: url(https:\/\/www.foveaip.com\/wp-content\/uploads\/2024\/03\/free-trial.jpg?id=4215) !important;}\u00bb][vc_column][\/vc_column][\/vc_row][vc_row][vc_column width=\u00bb5\/12&#8243;][\/vc_column][vc_column width=\u00bb1\/12&#8243;][\/vc_column][vc_column width=\u00bb6\/12&#8243;][vc_raw_html]JTNDc2NyaXB0JTIwY2hhcnNldCUzRCUyMnV0Zi04JTIyJTIwdHlwZSUzRCUyMnRleHQlMkZqYXZhc2NyaXB0JTIyJTIwc3JjJTNEJTIyJTJGJTJGanMuaHNmb3Jtcy5uZXQlMkZmb3JtcyUyRmVtYmVkJTJGdjIuanMlMjIlM0UlM0MlMkZzY3JpcHQlM0UlMEElM0NzY3JpcHQlM0UlMEElMjAlMjBoYnNwdC5mb3Jtcy5jcmVhdGUlMjglN0IlMEElMjAlMjAlMjAlMjByZWdpb24lM0ElMjAlMjJuYTElMjIlMkMlMEElMjAlMjAlMjAlMjBwb3J0YWxJZCUzQSUyMCUyMjY5NTU1ODMlMjIlMkMlMEElMjAlMjAlMjAlMjBmb3JtSWQlM0ElMjAlMjJlYjliZTU0NC05OGE4LTQ2YTAtOTFjNC1mMjNkNmMxZmQ4M2YlMjIlMEElMjAlMjAlN0QlMjklM0IlMEElM0MlMkZzY3JpcHQlM0UlMEE=[\/vc_raw_html][\/vc_column][\/vc_row]<\/p>\n","protected":false},"author":10,"featured_media":0,"parent":9272,"menu_order":0,"comment_status":"closed","ping_status":"closed","template":"","meta":{"_acf_changed":false,"content-type":"","footnotes":""},"class_list":["post-9275","page","type-page","status-publish","hentry"],"acf":[],"yoast_head":"<!-- This site is optimized with the Yoast SEO plugin v26.8 - https:\/\/yoast.com\/product\/yoast-seo-wordpress\/ -->\n<title>Prueba gratis | Fovea IP<\/title>\n<meta name=\"description\" content=\"Solicite una prueba gratis de las b\u00fasquedas en l\u00ednea de Fovea IP durante una semana\" \/>\n<meta name=\"robots\" content=\"index, follow, max-snippet:-1, max-image-preview:large, max-video-preview:-1\" \/>\n<link rel=\"canonical\" href=\"https:\/\/www.foveaip.com\/es\/descargas\/prueba-gratis\/\" \/>\n<meta property=\"og:locale\" content=\"es_ES\" \/>\n<meta property=\"og:type\" content=\"article\" \/>\n<meta property=\"og:title\" content=\"Prueba gratis | Fovea IP\" \/>\n<meta property=\"og:description\" content=\"Solicite una prueba gratis de las b\u00fasquedas en l\u00ednea de Fovea IP durante una semana\" \/>\n<meta property=\"og:url\" content=\"https:\/\/www.foveaip.com\/es\/descargas\/prueba-gratis\/\" \/>\n<meta property=\"og:site_name\" content=\"Fovea IP\" \/>\n<meta property=\"article:modified_time\" content=\"2024-10-21T11:20:31+00:00\" \/>\n<meta property=\"og:image\" content=\"https:\/\/www.foveaip.com\/wp-content\/uploads\/2024\/03\/foveaip-social-share-afbeelding-voor-yoast.jpg\" \/>\n\t<meta property=\"og:image:width\" content=\"1200\" \/>\n\t<meta property=\"og:image:height\" content=\"630\" \/>\n\t<meta property=\"og:image:type\" content=\"image\/jpeg\" \/>\n<meta name=\"twitter:card\" content=\"summary_large_image\" \/>\n<meta name=\"twitter:label1\" content=\"Tiempo de lectura\" \/>\n\t<meta name=\"twitter:data1\" content=\"1 minuto\" \/>\n<script type=\"application\/ld+json\" class=\"yoast-schema-graph\">{\"@context\":\"https:\/\/schema.org\",\"@graph\":[{\"@type\":\"WebPage\",\"@id\":\"https:\/\/www.foveaip.com\/es\/descargas\/prueba-gratis\/\",\"url\":\"https:\/\/www.foveaip.com\/es\/descargas\/prueba-gratis\/\",\"name\":\"Prueba gratis | Fovea IP\",\"isPartOf\":{\"@id\":\"https:\/\/www.foveaip.com\/es\/#website\"},\"datePublished\":\"2024-10-18T11:16:51+00:00\",\"dateModified\":\"2024-10-21T11:20:31+00:00\",\"description\":\"Solicite una prueba gratis de las b\u00fasquedas en l\u00ednea de Fovea IP durante una semana\",\"breadcrumb\":{\"@id\":\"https:\/\/www.foveaip.com\/es\/descargas\/prueba-gratis\/#breadcrumb\"},\"inLanguage\":\"es\",\"potentialAction\":[{\"@type\":\"ReadAction\",\"target\":[\"https:\/\/www.foveaip.com\/es\/descargas\/prueba-gratis\/\"]}]},{\"@type\":\"BreadcrumbList\",\"@id\":\"https:\/\/www.foveaip.com\/es\/descargas\/prueba-gratis\/#breadcrumb\",\"itemListElement\":[{\"@type\":\"ListItem\",\"position\":1,\"name\":\"Home\",\"item\":\"https:\/\/www.foveaip.com\/es\/\"},{\"@type\":\"ListItem\",\"position\":2,\"name\":\"Descargas\",\"item\":\"https:\/\/www.foveaip.com\/es\/descargas\/\"},{\"@type\":\"ListItem\",\"position\":3,\"name\":\"Prueba gratis\"}]},{\"@type\":\"WebSite\",\"@id\":\"https:\/\/www.foveaip.com\/es\/#website\",\"url\":\"https:\/\/www.foveaip.com\/es\/\",\"name\":\"Fovea IP\",\"description\":\"The sharpest Eye on IP\",\"publisher\":{\"@id\":\"https:\/\/www.foveaip.com\/es\/#organization\"},\"inLanguage\":\"es\"},{\"@type\":\"Organization\",\"@id\":\"https:\/\/www.foveaip.com\/es\/#organization\",\"name\":\"Fovea IP\",\"url\":\"https:\/\/www.foveaip.com\/es\/\",\"logo\":{\"@type\":\"ImageObject\",\"inLanguage\":\"es\",\"@id\":\"https:\/\/www.foveaip.com\/es\/#\/schema\/logo\/image\/\",\"url\":\"https:\/\/www.foveaip.com\/wp-content\/uploads\/2024\/03\/foveaip-social-share-afbeelding-voor-yoast.jpg\",\"contentUrl\":\"https:\/\/www.foveaip.com\/wp-content\/uploads\/2024\/03\/foveaip-social-share-afbeelding-voor-yoast.jpg\",\"width\":1200,\"height\":630,\"caption\":\"Fovea IP\"},\"image\":{\"@id\":\"https:\/\/www.foveaip.com\/es\/#\/schema\/logo\/image\/\"},\"sameAs\":[\"https:\/\/www.linkedin.com\/company\/foveaip\/\"]}]}<\/script>\n<!-- \/ Yoast SEO plugin. -->","yoast_head_json":{"title":"Prueba gratis | Fovea IP","description":"Solicite una prueba gratis de las b\u00fasquedas en l\u00ednea de Fovea IP durante una semana","robots":{"index":"index","follow":"follow","max-snippet":"max-snippet:-1","max-image-preview":"max-image-preview:large","max-video-preview":"max-video-preview:-1"},"canonical":"https:\/\/www.foveaip.com\/es\/descargas\/prueba-gratis\/","og_locale":"es_ES","og_type":"article","og_title":"Prueba gratis | Fovea IP","og_description":"Solicite una prueba gratis de las b\u00fasquedas en l\u00ednea de Fovea IP durante una semana","og_url":"https:\/\/www.foveaip.com\/es\/descargas\/prueba-gratis\/","og_site_name":"Fovea IP","article_modified_time":"2024-10-21T11:20:31+00:00","og_image":[{"width":1200,"height":630,"url":"https:\/\/www.foveaip.com\/wp-content\/uploads\/2024\/03\/foveaip-social-share-afbeelding-voor-yoast.jpg","type":"image\/jpeg"}],"twitter_card":"summary_large_image","twitter_misc":{"Tiempo de lectura":"1 minuto"},"schema":{"@context":"https:\/\/schema.org","@graph":[{"@type":"WebPage","@id":"https:\/\/www.foveaip.com\/es\/descargas\/prueba-gratis\/","url":"https:\/\/www.foveaip.com\/es\/descargas\/prueba-gratis\/","name":"Prueba gratis | Fovea IP","isPartOf":{"@id":"https:\/\/www.foveaip.com\/es\/#website"},"datePublished":"2024-10-18T11:16:51+00:00","dateModified":"2024-10-21T11:20:31+00:00","description":"Solicite una prueba gratis de las b\u00fasquedas en l\u00ednea de Fovea IP durante una semana","breadcrumb":{"@id":"https:\/\/www.foveaip.com\/es\/descargas\/prueba-gratis\/#breadcrumb"},"inLanguage":"es","potentialAction":[{"@type":"ReadAction","target":["https:\/\/www.foveaip.com\/es\/descargas\/prueba-gratis\/"]}]},{"@type":"BreadcrumbList","@id":"https:\/\/www.foveaip.com\/es\/descargas\/prueba-gratis\/#breadcrumb","itemListElement":[{"@type":"ListItem","position":1,"name":"Home","item":"https:\/\/www.foveaip.com\/es\/"},{"@type":"ListItem","position":2,"name":"Descargas","item":"https:\/\/www.foveaip.com\/es\/descargas\/"},{"@type":"ListItem","position":3,"name":"Prueba gratis"}]},{"@type":"WebSite","@id":"https:\/\/www.foveaip.com\/es\/#website","url":"https:\/\/www.foveaip.com\/es\/","name":"Fovea IP","description":"The sharpest Eye on IP","publisher":{"@id":"https:\/\/www.foveaip.com\/es\/#organization"},"inLanguage":"es"},{"@type":"Organization","@id":"https:\/\/www.foveaip.com\/es\/#organization","name":"Fovea IP","url":"https:\/\/www.foveaip.com\/es\/","logo":{"@type":"ImageObject","inLanguage":"es","@id":"https:\/\/www.foveaip.com\/es\/#\/schema\/logo\/image\/","url":"https:\/\/www.foveaip.com\/wp-content\/uploads\/2024\/03\/foveaip-social-share-afbeelding-voor-yoast.jpg","contentUrl":"https:\/\/www.foveaip.com\/wp-content\/uploads\/2024\/03\/foveaip-social-share-afbeelding-voor-yoast.jpg","width":1200,"height":630,"caption":"Fovea IP"},"image":{"@id":"https:\/\/www.foveaip.com\/es\/#\/schema\/logo\/image\/"},"sameAs":["https:\/\/www.linkedin.com\/company\/foveaip\/"]}]}},"_links":{"self":[{"href":"https:\/\/www.foveaip.com\/es\/wp-json\/wp\/v2\/pages\/9275","targetHints":{"allow":["GET"]}}],"collection":[{"href":"https:\/\/www.foveaip.com\/es\/wp-json\/wp\/v2\/pages"}],"about":[{"href":"https:\/\/www.foveaip.com\/es\/wp-json\/wp\/v2\/types\/page"}],"author":[{"embeddable":true,"href":"https:\/\/www.foveaip.com\/es\/wp-json\/wp\/v2\/users\/10"}],"replies":[{"embeddable":true,"href":"https:\/\/www.foveaip.com\/es\/wp-json\/wp\/v2\/comments?post=9275"}],"version-history":[{"count":2,"href":"https:\/\/www.foveaip.com\/es\/wp-json\/wp\/v2\/pages\/9275\/revisions"}],"predecessor-version":[{"id":9885,"href":"https:\/\/www.foveaip.com\/es\/wp-json\/wp\/v2\/pages\/9275\/revisions\/9885"}],"up":[{"embeddable":true,"href":"https:\/\/www.foveaip.com\/es\/wp-json\/wp\/v2\/pages\/9272"}],"wp:attachment":[{"href":"https:\/\/www.foveaip.com\/es\/wp-json\/wp\/v2\/media?parent=9275"}],"curies":[{"name":"wp","href":"https:\/\/api.w.org\/{rel}","templated":true}]}}