{"id":9606,"date":"2024-10-18T13:15:27","date_gmt":"2024-10-18T11:15:27","guid":{"rendered":"https:\/\/www.foveaip.com\/?page_id=9606"},"modified":"2024-10-21T13:17:26","modified_gmt":"2024-10-21T11:17:26","slug":"mision","status":"publish","type":"page","link":"https:\/\/www.foveaip.com\/es\/acerca-de-nosotros\/mision\/","title":{"rendered":"Misi\u00f3n"},"content":{"rendered":"<div class=\"wpb-content-wrapper\"><p>[vc_row full_width=\u00bbstretch_row\u00bb content_placement=\u00bbmiddle\u00bb row_height=\u00bbrow_500px\u00bb row_color=\u00bbblue\u00bb cat_circle=\u00bbcta-circle-yes\u00bb][vc_column]\r\n        <div class=\"sd-cta-circle\">\r\n            <div class=\"circle-inner color-blue\">\r\n        <div class=\"sd-block-title \">\r\n            <h1 class=\"sd-block-title-htag  font-huge color-white align-center margin-bottom-30px\">Misi\u00f3n y valores<\/h1>\r\n        <\/div>\r\n        <div class=\"sd-block-text margin-bottom-0px \r\n            size-large \r\n            color-white\r\n            \r\n            \r\n            \">\r\n            <p>Capacitamos a los profesionales de la PI para que trabajen de forma m\u00e1s inteligente y r\u00e1pida a la vez que reducen los costes.<\/p>\n\r\n        <\/div>\r\n            <\/div>\r\n        <\/div>[\/vc_column][\/vc_row][vc_row][vc_column width=\u00bb5\/12&#8243;]\r\n        <div class=\"sd-block-text margin-bottom-30px \r\n            size-large \r\n            color-black\r\n            \r\n            \r\n            \">\r\n            <p>La misi\u00f3n de Fovea IP consiste en capacitar a los profesionales de la PI en todo el mundo con los servicios globales de PI m\u00e1s receptivos, relevantes y asequibles para maximizar el crecimiento y reducir los riesgos.<\/p>\n\r\n        <\/div>\r\n        <div class=\"sd-block-text margin-bottom-0px \r\n            size-regular \r\n            color-black\r\n            \r\n             mobile-margin-bottom-60px\r\n            \">\r\n            <p>Somos su socio experto para la identificaci\u00f3n y protecci\u00f3n de la propiedad intelectual durante el ciclo de vida completo del proceso de innovaci\u00f3n, en consonancia con sus objetivos comerciales. Nos aseguramos de que compruebe todas las posibilidades y proteja todos los activos de sus clientes, a fin de obtener los mejores resultados de sus marcas, productos, servicios y su reputaci\u00f3n.<\/p>\n\r\n        <\/div>[\/vc_column][vc_column width=\u00bb1\/12&#8243;][\/vc_column][vc_column width=\u00bb6\/12&#8243;]\r\n        <div class=\"sd-block-accordion margin-bottom-30px background-light-blue\">\r\n            <div class=\"accordion-inner opened\">\r\n                <div class=\"accordion-title\">\r\n                    \r\n        <div class=\"sd-block-title \">\r\n            <h3 class=\"sd-block-title-htag  font-tiny color-black align-left margin-bottom-30px\">Receptiva<\/h3>\r\n        <\/div>\r\n                    <svg xmlns=\"http:\/\/www.w3.org\/2000\/svg\" viewBox=\"0 0 14 14\"><path fill=\"currentColor\" d=\"M6,8H0V6h6V0h2v6h6v2H8v6H6V8z\"\/><\/svg>\r\n                <\/div>\r\n                <div class=\"accordion-content\">\r\n                    <p>La plataforma de Fovea IP procesa a una velocidad hasta cinco veces superior a la media, gracias en parte a nuestro propio algoritmo de b\u00fasqueda desarrollado internamente. Abarca casi todas las necesidades de PI de forma instant\u00e1nea e intuitiva, con un solo proceso de trabajo que integra herramientas, plantillas, API y opciones personalizadas de notificaci\u00f3n. Fovea IP tambi\u00e9n ofrece el servicio de asistencia al cliente m\u00e1s receptivo en Am\u00e9rica del Norte, Asia Pac\u00edfico y Europa.<\/p>\n\r\n                <\/div>\r\n            <\/div>\r\n        <\/div>\r\n        <div class=\"sd-block-accordion margin-bottom-30px background-light-blue\">\r\n            <div class=\"accordion-inner \">\r\n                <div class=\"accordion-title\">\r\n                    \r\n        <div class=\"sd-block-title \">\r\n            <h3 class=\"sd-block-title-htag  font-tiny color-black align-left margin-bottom-30px\">Relevante<\/h3>\r\n        <\/div>\r\n                    <svg xmlns=\"http:\/\/www.w3.org\/2000\/svg\" viewBox=\"0 0 14 14\"><path fill=\"currentColor\" d=\"M6,8H0V6h6V0h2v6h6v2H8v6H6V8z\"\/><\/svg>\r\n                <\/div>\r\n                <div class=\"accordion-content\">\r\n                    <p>Fovea IP ha creado una plataforma que ofrece los datos de propiedad intelectual m\u00e1s relevantes y completos del mundo en lo que respecta a su clasificaci\u00f3n, categor\u00edas, pa\u00edses, etc. Esto se debe a los m\u00e1s de 15 a\u00f1os de experiencia en b\u00fasquedas y vigilancias globales y los datos exclusivos procedentes directamente de varias oficinas de patentes y las gacetas publicadas<\/p>\n\r\n                <\/div>\r\n            <\/div>\r\n        <\/div>\r\n        <div class=\"sd-block-accordion margin-bottom-0px background-light-blue\">\r\n            <div class=\"accordion-inner \">\r\n                <div class=\"accordion-title\">\r\n                    \r\n        <div class=\"sd-block-title \">\r\n            <h3 class=\"sd-block-title-htag  font-tiny color-black align-left margin-bottom-30px\">A un precio razonable<\/h3>\r\n        <\/div>\r\n                    <svg xmlns=\"http:\/\/www.w3.org\/2000\/svg\" viewBox=\"0 0 14 14\"><path fill=\"currentColor\" d=\"M6,8H0V6h6V0h2v6h6v2H8v6H6V8z\"\/><\/svg>\r\n                <\/div>\r\n                <div class=\"accordion-content\">\r\n                    <p>La exclusividad de los datos y la tecnolog\u00eda desarrollada internamente de Fovea IP, junto a una forma revolucionaria de fijar los precios, \u00a0a\u00f1aden una mayor eficiencia y reducen los costes. Por eso Fovea IP ofrece el precio m\u00e1s asequible, hasta un 60 % menos que el precio medio del mercado.<\/p>\n\r\n                <\/div>\r\n            <\/div>\r\n        <\/div>[\/vc_column][\/vc_row][vc_row full_width=\u00bbstretch_row\u00bb row_color=\u00bblight-blue\u00bb][vc_column width=\u00bb4\/12&#8243;]\r\n        <div class=\"sd-cta-text \r\n            margin-bottom-0px \r\n            cta-text. \r\n            bg-blue mobile-margin-bottom-60px\"\r\n            >\r\n                <a href=\"https:\/\/www.foveaip.com\/es\/contacte\/\">\r\n                <p>Estaremos encantados de ayudarle. Cont\u00e1ctenos con cualquier consulta sobre PI.<\/p>\r\n        <div class=\"sd-block-button  margin-bottom-0px no-background size-regular text-color-white align-left\">\r\n                <span class=\"inner-button\"\r\n                href=\"\" title=\"Contact us\">Contact us<svg xmlns=\"http:\/\/www.w3.org\/2000\/svg\" viewBox=\"0 0 16 16\"><path fill=\"currentColor\" d=\"M12.2,9H0V7h12.2L6.6,1.4L8,0l8,8l-8,8l-1.4-1.4L12.2,9z\"\/><\/svg><\/span>\r\n        <\/div>\r\n                <\/a>\r\n        <\/div>[\/vc_column][vc_column width=\u00bb2\/12&#8243;][\/vc_column][vc_column width=\u00bb6\/12&#8243;]\r\n        <div class=\"sd-block-title \">\r\n            <h2 class=\"sd-block-title-htag  font-large color-black align-left margin-bottom-30px\">Your true eye-opening global IP partner<\/h2>\r\n        <\/div>\r\n        <div class=\"sd-block-text margin-bottom-0px \r\n            size-regular \r\n            color-black\r\n            \r\n            \r\n            \">\r\n            <p>At Fovea IP, our values define who we are. We empower IP professionals with efficient tools, prioritizing reliability, honesty, innovation, flexibility, promptness, and continuous learning.<\/p>\n<p>Reliability and honesty are non-negotiable; they build trust and respect. Innovation drives our progress, while flexibility enables us to adapt swiftly. Promptness underscores our commitment to exceptional service. We value continuous learning, fostering personal and professional growth.<\/p>\n<p>We are honored to be your true eye-opening global IP partner.<\/p>\n\r\n        <\/div>[\/vc_column][\/vc_row]<\/p>\n<\/div>","protected":false},"excerpt":{"rendered":"<p>[vc_row full_width=\u00bbstretch_row\u00bb content_placement=\u00bbmiddle\u00bb row_height=\u00bbrow_500px\u00bb row_color=\u00bbblue\u00bb cat_circle=\u00bbcta-circle-yes\u00bb][vc_column][\/vc_column][\/vc_row][vc_row][vc_column width=\u00bb5\/12&#8243;][\/vc_column][vc_column width=\u00bb1\/12&#8243;][\/vc_column][vc_column width=\u00bb6\/12&#8243;][\/vc_column][\/vc_row][vc_row full_width=\u00bbstretch_row\u00bb row_color=\u00bblight-blue\u00bb][vc_column width=\u00bb4\/12&#8243;][\/vc_column][vc_column width=\u00bb2\/12&#8243;][\/vc_column][vc_column width=\u00bb6\/12&#8243;][\/vc_column][\/vc_row]<\/p>\n","protected":false},"author":10,"featured_media":0,"parent":9242,"menu_order":0,"comment_status":"closed","ping_status":"closed","template":"","meta":{"_acf_changed":false,"content-type":"","footnotes":""},"class_list":["post-9606","page","type-page","status-publish","hentry"],"acf":[],"yoast_head":"<!-- This site is optimized with the Yoast SEO plugin v26.8 - https:\/\/yoast.com\/product\/yoast-seo-wordpress\/ -->\n<title>Misi\u00f3n | Fovea IP<\/title>\n<meta name=\"description\" content=\"Fovea IP capacita a los profesionales de la PI para que trabajen de forma m\u00e1s inteligente y r\u00e1pida a la vez que reducen los coste\" \/>\n<meta name=\"robots\" content=\"index, follow, max-snippet:-1, max-image-preview:large, max-video-preview:-1\" \/>\n<link rel=\"canonical\" href=\"https:\/\/www.foveaip.com\/es\/acerca-de-nosotros\/mision\/\" \/>\n<meta property=\"og:locale\" content=\"es_ES\" \/>\n<meta property=\"og:type\" content=\"article\" \/>\n<meta property=\"og:title\" content=\"Misi\u00f3n | Fovea IP\" \/>\n<meta property=\"og:description\" content=\"Fovea IP capacita a los profesionales de la PI para que trabajen de forma m\u00e1s inteligente y r\u00e1pida a la vez que reducen los coste\" \/>\n<meta property=\"og:url\" content=\"https:\/\/www.foveaip.com\/es\/acerca-de-nosotros\/mision\/\" \/>\n<meta property=\"og:site_name\" content=\"Fovea IP\" \/>\n<meta property=\"article:modified_time\" content=\"2024-10-21T11:17:26+00:00\" \/>\n<meta property=\"og:image\" content=\"https:\/\/www.foveaip.com\/wp-content\/uploads\/2024\/03\/foveaip-social-share-afbeelding-voor-yoast.jpg\" \/>\n\t<meta property=\"og:image:width\" content=\"1200\" \/>\n\t<meta property=\"og:image:height\" content=\"630\" \/>\n\t<meta property=\"og:image:type\" content=\"image\/jpeg\" \/>\n<meta name=\"twitter:card\" content=\"summary_large_image\" \/>\n<meta name=\"twitter:label1\" content=\"Tiempo de lectura\" \/>\n\t<meta name=\"twitter:data1\" content=\"2 minutos\" \/>\n<script type=\"application\/ld+json\" class=\"yoast-schema-graph\">{\"@context\":\"https:\/\/schema.org\",\"@graph\":[{\"@type\":\"WebPage\",\"@id\":\"https:\/\/www.foveaip.com\/es\/acerca-de-nosotros\/mision\/\",\"url\":\"https:\/\/www.foveaip.com\/es\/acerca-de-nosotros\/mision\/\",\"name\":\"Misi\u00f3n | Fovea IP\",\"isPartOf\":{\"@id\":\"https:\/\/www.foveaip.com\/es\/#website\"},\"datePublished\":\"2024-10-18T11:15:27+00:00\",\"dateModified\":\"2024-10-21T11:17:26+00:00\",\"description\":\"Fovea IP capacita a los profesionales de la PI para que trabajen de forma m\u00e1s inteligente y r\u00e1pida a la vez que reducen los coste\",\"breadcrumb\":{\"@id\":\"https:\/\/www.foveaip.com\/es\/acerca-de-nosotros\/mision\/#breadcrumb\"},\"inLanguage\":\"es\",\"potentialAction\":[{\"@type\":\"ReadAction\",\"target\":[\"https:\/\/www.foveaip.com\/es\/acerca-de-nosotros\/mision\/\"]}]},{\"@type\":\"BreadcrumbList\",\"@id\":\"https:\/\/www.foveaip.com\/es\/acerca-de-nosotros\/mision\/#breadcrumb\",\"itemListElement\":[{\"@type\":\"ListItem\",\"position\":1,\"name\":\"Home\",\"item\":\"https:\/\/www.foveaip.com\/es\/\"},{\"@type\":\"ListItem\",\"position\":2,\"name\":\"Acerca de nosotros\",\"item\":\"https:\/\/www.foveaip.com\/es\/acerca-de-nosotros\/\"},{\"@type\":\"ListItem\",\"position\":3,\"name\":\"Misi\u00f3n\"}]},{\"@type\":\"WebSite\",\"@id\":\"https:\/\/www.foveaip.com\/es\/#website\",\"url\":\"https:\/\/www.foveaip.com\/es\/\",\"name\":\"Fovea IP\",\"description\":\"The sharpest Eye on IP\",\"publisher\":{\"@id\":\"https:\/\/www.foveaip.com\/es\/#organization\"},\"inLanguage\":\"es\"},{\"@type\":\"Organization\",\"@id\":\"https:\/\/www.foveaip.com\/es\/#organization\",\"name\":\"Fovea IP\",\"url\":\"https:\/\/www.foveaip.com\/es\/\",\"logo\":{\"@type\":\"ImageObject\",\"inLanguage\":\"es\",\"@id\":\"https:\/\/www.foveaip.com\/es\/#\/schema\/logo\/image\/\",\"url\":\"https:\/\/www.foveaip.com\/wp-content\/uploads\/2024\/03\/foveaip-social-share-afbeelding-voor-yoast.jpg\",\"contentUrl\":\"https:\/\/www.foveaip.com\/wp-content\/uploads\/2024\/03\/foveaip-social-share-afbeelding-voor-yoast.jpg\",\"width\":1200,\"height\":630,\"caption\":\"Fovea IP\"},\"image\":{\"@id\":\"https:\/\/www.foveaip.com\/es\/#\/schema\/logo\/image\/\"},\"sameAs\":[\"https:\/\/www.linkedin.com\/company\/foveaip\/\"]}]}<\/script>\n<!-- \/ Yoast SEO plugin. -->","yoast_head_json":{"title":"Misi\u00f3n | Fovea IP","description":"Fovea IP capacita a los profesionales de la PI para que trabajen de forma m\u00e1s inteligente y r\u00e1pida a la vez que reducen los coste","robots":{"index":"index","follow":"follow","max-snippet":"max-snippet:-1","max-image-preview":"max-image-preview:large","max-video-preview":"max-video-preview:-1"},"canonical":"https:\/\/www.foveaip.com\/es\/acerca-de-nosotros\/mision\/","og_locale":"es_ES","og_type":"article","og_title":"Misi\u00f3n | Fovea IP","og_description":"Fovea IP capacita a los profesionales de la PI para que trabajen de forma m\u00e1s inteligente y r\u00e1pida a la vez que reducen los coste","og_url":"https:\/\/www.foveaip.com\/es\/acerca-de-nosotros\/mision\/","og_site_name":"Fovea IP","article_modified_time":"2024-10-21T11:17:26+00:00","og_image":[{"width":1200,"height":630,"url":"https:\/\/www.foveaip.com\/wp-content\/uploads\/2024\/03\/foveaip-social-share-afbeelding-voor-yoast.jpg","type":"image\/jpeg"}],"twitter_card":"summary_large_image","twitter_misc":{"Tiempo de lectura":"2 minutos"},"schema":{"@context":"https:\/\/schema.org","@graph":[{"@type":"WebPage","@id":"https:\/\/www.foveaip.com\/es\/acerca-de-nosotros\/mision\/","url":"https:\/\/www.foveaip.com\/es\/acerca-de-nosotros\/mision\/","name":"Misi\u00f3n | Fovea IP","isPartOf":{"@id":"https:\/\/www.foveaip.com\/es\/#website"},"datePublished":"2024-10-18T11:15:27+00:00","dateModified":"2024-10-21T11:17:26+00:00","description":"Fovea IP capacita a los profesionales de la PI para que trabajen de forma m\u00e1s inteligente y r\u00e1pida a la vez que reducen los coste","breadcrumb":{"@id":"https:\/\/www.foveaip.com\/es\/acerca-de-nosotros\/mision\/#breadcrumb"},"inLanguage":"es","potentialAction":[{"@type":"ReadAction","target":["https:\/\/www.foveaip.com\/es\/acerca-de-nosotros\/mision\/"]}]},{"@type":"BreadcrumbList","@id":"https:\/\/www.foveaip.com\/es\/acerca-de-nosotros\/mision\/#breadcrumb","itemListElement":[{"@type":"ListItem","position":1,"name":"Home","item":"https:\/\/www.foveaip.com\/es\/"},{"@type":"ListItem","position":2,"name":"Acerca de nosotros","item":"https:\/\/www.foveaip.com\/es\/acerca-de-nosotros\/"},{"@type":"ListItem","position":3,"name":"Misi\u00f3n"}]},{"@type":"WebSite","@id":"https:\/\/www.foveaip.com\/es\/#website","url":"https:\/\/www.foveaip.com\/es\/","name":"Fovea IP","description":"The sharpest Eye on IP","publisher":{"@id":"https:\/\/www.foveaip.com\/es\/#organization"},"inLanguage":"es"},{"@type":"Organization","@id":"https:\/\/www.foveaip.com\/es\/#organization","name":"Fovea IP","url":"https:\/\/www.foveaip.com\/es\/","logo":{"@type":"ImageObject","inLanguage":"es","@id":"https:\/\/www.foveaip.com\/es\/#\/schema\/logo\/image\/","url":"https:\/\/www.foveaip.com\/wp-content\/uploads\/2024\/03\/foveaip-social-share-afbeelding-voor-yoast.jpg","contentUrl":"https:\/\/www.foveaip.com\/wp-content\/uploads\/2024\/03\/foveaip-social-share-afbeelding-voor-yoast.jpg","width":1200,"height":630,"caption":"Fovea IP"},"image":{"@id":"https:\/\/www.foveaip.com\/es\/#\/schema\/logo\/image\/"},"sameAs":["https:\/\/www.linkedin.com\/company\/foveaip\/"]}]}},"_links":{"self":[{"href":"https:\/\/www.foveaip.com\/es\/wp-json\/wp\/v2\/pages\/9606","targetHints":{"allow":["GET"]}}],"collection":[{"href":"https:\/\/www.foveaip.com\/es\/wp-json\/wp\/v2\/pages"}],"about":[{"href":"https:\/\/www.foveaip.com\/es\/wp-json\/wp\/v2\/types\/page"}],"author":[{"embeddable":true,"href":"https:\/\/www.foveaip.com\/es\/wp-json\/wp\/v2\/users\/10"}],"replies":[{"embeddable":true,"href":"https:\/\/www.foveaip.com\/es\/wp-json\/wp\/v2\/comments?post=9606"}],"version-history":[{"count":3,"href":"https:\/\/www.foveaip.com\/es\/wp-json\/wp\/v2\/pages\/9606\/revisions"}],"predecessor-version":[{"id":9876,"href":"https:\/\/www.foveaip.com\/es\/wp-json\/wp\/v2\/pages\/9606\/revisions\/9876"}],"up":[{"embeddable":true,"href":"https:\/\/www.foveaip.com\/es\/wp-json\/wp\/v2\/pages\/9242"}],"wp:attachment":[{"href":"https:\/\/www.foveaip.com\/es\/wp-json\/wp\/v2\/media?parent=9606"}],"curies":[{"name":"wp","href":"https:\/\/api.w.org\/{rel}","templated":true}]}}