{"id":10080,"date":"2024-10-22T10:50:42","date_gmt":"2024-10-22T08:50:42","guid":{"rendered":"https:\/\/www.foveaip.com\/?page_id=10080"},"modified":"2024-11-04T12:12:12","modified_gmt":"2024-11-04T10:12:12","slug":"actualites-et-evenements","status":"publish","type":"page","link":"https:\/\/www.foveaip.com\/fr\/actualites-et-evenements\/","title":{"rendered":"Actualit\u00e9s"},"content":{"rendered":"<div class=\"wpb-content-wrapper\"><p>[vc_row full_width=\u00a0\u00bbstretch_row\u00a0\u00bb content_placement=\u00a0\u00bbmiddle\u00a0\u00bb row_height=\u00a0\u00bbrow_500px\u00a0\u00bb row_color=\u00a0\u00bbblack\u00a0\u00bb cat_circle=\u00a0\u00bbcta-circle-yes\u00a0\u00bb css=\u00a0\u00bb.vc_custom_1713439586703{background-image: url(https:\/\/www.foveaip.com\/wp-content\/uploads\/2024\/03\/news-and-events.jpg?id=4220) !important;}\u00a0\u00bb][vc_column]\r\n        <div class=\"sd-cta-circle\">\r\n            <div class=\"circle-inner color-blue\">\r\n        <div class=\"sd-block-title \">\r\n            <h1 class=\"sd-block-title-htag  font-huge color-white align-center margin-bottom-30px\">Actualit\u00e9s et \u00e9v\u00e9nements<\/h1>\r\n        <\/div>\r\n        <div class=\"sd-block-text margin-bottom-0px \r\n            size-large \r\n            color-white\r\n            \r\n            \r\n            \">\r\n            <p>Mises \u00e0 jour, rapports, webinaires, podcasts et \u00e9v\u00e9nement de Fovea IP.<\/p>\n\r\n        <\/div>\r\n        <div class=\"sd-block-button  margin-bottom-0px background size-regular background-color-yellow align-left\">\r\n                <a class=\"inner-button\"\r\n                href=\"https:\/\/www.foveaip.com\/fr\/qui-sommes-nous\/lettre-dinformation\/\" title=\"Inscrivez-vous \u00e0 notre lettre d\u2019information.\">Inscrivez-vous \u00e0 notre lettre d\u2019information.<svg xmlns=\"http:\/\/www.w3.org\/2000\/svg\" viewBox=\"0 0 16 16\"><path fill=\"currentColor\" d=\"M12.2,9H0V7h12.2L6.6,1.4L8,0l8,8l-8,8l-1.4-1.4L12.2,9z\"\/><\/svg><\/a>\r\n        <\/div>\r\n            <\/div>\r\n        <\/div>[\/vc_column][\/vc_row][vc_row full_width=\u00a0\u00bbstretch_row\u00a0\u00bb row_color=\u00a0\u00bblight-blue\u00a0\u00bb][vc_column width=\u00a0\u00bb1\/4&Prime;]\r\n            <div id=\"filter-anchor\" class=\"sd-custom-post-type-filters sd-form  basic \">              \r\n                <form action=\"\" method=\"get\" data-target_div=\".sd-news-overview-block\">\r\n                    <input type=\"reset\" value=\"R\u00e9initialiser le filtre\">\r\n                    <input type=\"hidden\" name=\"post_type\" value=\"news\">\r\n                    <input type=\"hidden\" name=\"filter_type\" value=\"basic\">\r\n                    <input type=\"hidden\" name=\"from_start\" value=\"\"><input type=\"hidden\" name=\"language\" value=\"fr\"><div class=\"vc_col-md-12\" style=\"float: none; margin-left: auto; margin-right: auto;\">\r\n                                    <div class=\"sd-custom-post-type-filter sd-custom-post-type-filter-type-keyword vc_col-md-12\">\r\n                            <div class=\"sd-custom-post-type-filter-input\"><input type=\"text\" placeholder=\"Que recherchez-vous ? \" name=\"keyword\" value=\"\">\r\n                                <\/div>\r\n                            <\/div>\r\n                                    <div class=\"sd-custom-post-type-filter sd-custom-post-type-filter-type-checkbox vc_col-md-12 eventType\">\r\n        <div class=\"sd-block-title \">\r\n            <h4 class=\"sd-block-title-htag  font-tiny color-black align-left margin-bottom-0px\">Type<\/h4>\r\n        <\/div>\r\n                            <div class=\"sd-custom-post-type-filter-input\">\r\n                                            <div class=\"checkbox-container\">\r\n                                                <input type=\"checkbox\" name=\"news_type[]\" id=\"News\" value=\"News\" >\r\n                                                <label for=\"News\">Actualit\u00e9s<\/label>\r\n                                            <\/div>\r\n                                <\/div>\r\n                            <\/div>\r\n                        <div style=\"clear: both;\"><\/div><\/div>\r\n                <\/form>\r\n            <\/div>[\/vc_column][vc_column width=\u00a0\u00bb3\/4&Prime;]\r\n        <div class=\"sd-news-overview-block  margin-bottom-0px  posts-in-row-2\" data-atts=\"{&quot;number_of_posts&quot;:&quot;6&quot;,&quot;pagination&quot;:&quot;yes&quot;}\" data-page-id=\"0\">\r\n                     <div class=\"single-news-item\">\r\n                        <div class=\"news-inner\">\r\n                            <a href=\"https:\/\/www.foveaip.com\/fr\/article-dactualite\/la-solution-revolutionnaire-pour-acceder-a-des-donnees-de-pi-completes\/\">\r\n                                <div class=\"news-image\" style=\"background-image: url(https:\/\/www.foveaip.com\/wp-content\/uploads\/2024\/04\/Fovea-IP-five-times-faster-thumbnail.jpg);\"><\/div>\r\n                                <div class=\"news-content\">\r\n                                    <div class=\"news-title\">\r\n                                        \r\n        <div class=\"sd-block-title \">\r\n            <h3 class=\"sd-block-title-htag  font-small color-black align-left margin-bottom-30px\">La solution r\u00e9volutionnaire pour acc\u00e9der \u00e0 des donn\u00e9es de PI compl\u00e8tes<\/h3>\r\n        <\/div>\r\n                                    <\/div>\r\n                                    <div class=\"news-category\">\r\n                                        Actualit\u00e9s\r\n                                    <\/div>\r\n                                    <div class=\"news-intro\">\r\n                                        \r\n        <div class=\"sd-block-text margin-bottom-30px \r\n            size-regular \r\n            color-black\r\n            \r\n            \r\n            \">\r\n            <p>D\u00e9couvrez IP Fovea Advantage : la solution r\u00e9volutionnaire pour acc\u00e9de&#8230;<\/p>\n\r\n        <\/div>\r\n                                    <\/div>\r\n                                    <div class=\"news-read-more\">\r\n                                        \r\n        <div class=\"sd-block-button  margin-bottom-0px no-background size-regular text-color-black align-left\">\r\n                <span class=\"inner-button\"\r\n                href=\"\" title=\"En savoir plus \">En savoir plus <svg xmlns=\"http:\/\/www.w3.org\/2000\/svg\" viewBox=\"0 0 16 16\"><path fill=\"currentColor\" d=\"M12.2,9H0V7h12.2L6.6,1.4L8,0l8,8l-8,8l-1.4-1.4L12.2,9z\"\/><\/svg><\/span>\r\n        <\/div>\r\n                                    <\/div>\r\n                                <\/div>\r\n                            <\/a>\r\n                        <\/div>\r\n                    <\/div>\r\n                     <div class=\"single-news-item\">\r\n                        <div class=\"news-inner\">\r\n                            <a href=\"https:\/\/www.foveaip.com\/fr\/article-dactualite\/comment-fovea-ip-peut-vous-revenir-jusqua-60-moins-cher\/\">\r\n                                <div class=\"news-image\" style=\"background-image: url(https:\/\/www.foveaip.com\/wp-content\/uploads\/2024\/04\/Fovea-IP-pricingblog-1.jpg);\"><\/div>\r\n                                <div class=\"news-content\">\r\n                                    <div class=\"news-title\">\r\n                                        \r\n        <div class=\"sd-block-title \">\r\n            <h3 class=\"sd-block-title-htag  font-small color-black align-left margin-bottom-30px\">Comment Fovea IP peut vous revenir jusqu\u2019\u00e0 60 % moins cher.<\/h3>\r\n        <\/div>\r\n                                    <\/div>\r\n                                    <div class=\"news-category\">\r\n                                        Actualit\u00e9s\r\n                                    <\/div>\r\n                                    <div class=\"news-intro\">\r\n                                        \r\n        <div class=\"sd-block-text margin-bottom-30px \r\n            size-regular \r\n            color-black\r\n            \r\n            \r\n            \">\r\n            <p>Pour d\u00e9voiler le secret \u00e0 l\u2019origine des tarifs imbattables que pratiqu&#8230;<\/p>\n\r\n        <\/div>\r\n                                    <\/div>\r\n                                    <div class=\"news-read-more\">\r\n                                        \r\n        <div class=\"sd-block-button  margin-bottom-0px no-background size-regular text-color-black align-left\">\r\n                <span class=\"inner-button\"\r\n                href=\"\" title=\"En savoir plus \">En savoir plus <svg xmlns=\"http:\/\/www.w3.org\/2000\/svg\" viewBox=\"0 0 16 16\"><path fill=\"currentColor\" d=\"M12.2,9H0V7h12.2L6.6,1.4L8,0l8,8l-8,8l-1.4-1.4L12.2,9z\"\/><\/svg><\/span>\r\n        <\/div>\r\n                                    <\/div>\r\n                                <\/div>\r\n                            <\/a>\r\n                        <\/div>\r\n                    <\/div>\r\n                     <div class=\"single-news-item\">\r\n                        <div class=\"news-inner\">\r\n                            <a href=\"https:\/\/www.foveaip.com\/fr\/article-dactualite\/connecteur-dopposition-fovea-ip\/\">\r\n                                <div class=\"news-image\" style=\"background-image: url(https:\/\/www.foveaip.com\/wp-content\/uploads\/2024\/04\/featured.jpg);\"><\/div>\r\n                                <div class=\"news-content\">\r\n                                    <div class=\"news-title\">\r\n                                        \r\n        <div class=\"sd-block-title \">\r\n            <h3 class=\"sd-block-title-htag  font-small color-black align-left margin-bottom-30px\">Connecteur d\u2019opposition Fovea IP<\/h3>\r\n        <\/div>\r\n                                    <\/div>\r\n                                    <div class=\"news-category\">\r\n                                        Actualit\u00e9s\r\n                                    <\/div>\r\n                                    <div class=\"news-intro\">\r\n                                        \r\n        <div class=\"sd-block-text margin-bottom-30px \r\n            size-regular \r\n            color-black\r\n            \r\n            \r\n            \">\r\n            <p>Votre solution sans souci pour les oppositions internationales. Elle v&#8230;<\/p>\n\r\n        <\/div>\r\n                                    <\/div>\r\n                                    <div class=\"news-read-more\">\r\n                                        \r\n        <div class=\"sd-block-button  margin-bottom-0px no-background size-regular text-color-black align-left\">\r\n                <span class=\"inner-button\"\r\n                href=\"\" title=\"En savoir plus \">En savoir plus <svg xmlns=\"http:\/\/www.w3.org\/2000\/svg\" viewBox=\"0 0 16 16\"><path fill=\"currentColor\" d=\"M12.2,9H0V7h12.2L6.6,1.4L8,0l8,8l-8,8l-1.4-1.4L12.2,9z\"\/><\/svg><\/span>\r\n        <\/div>\r\n                                    <\/div>\r\n                                <\/div>\r\n                            <\/a>\r\n                        <\/div>\r\n                    <\/div>\r\n                     <div class=\"single-news-item\">\r\n                        <div class=\"news-inner\">\r\n                            <a href=\"https:\/\/www.foveaip.com\/fr\/article-dactualite\/meilleurs-cabinets-de-depot-de-marques\/\">\r\n                                <div class=\"news-image\" style=\"background-image: url(https:\/\/www.foveaip.com\/wp-content\/uploads\/2024\/04\/Fovea-IP-top-filers-thumbnail.jpg);\"><\/div>\r\n                                <div class=\"news-content\">\r\n                                    <div class=\"news-title\">\r\n                                        \r\n        <div class=\"sd-block-title \">\r\n            <h3 class=\"sd-block-title-htag  font-small color-black align-left margin-bottom-30px\">Meilleurs cabinets de d\u00e9p\u00f4t de marques<\/h3>\r\n        <\/div>\r\n                                    <\/div>\r\n                                    <div class=\"news-category\">\r\n                                        Actualit\u00e9s\r\n                                    <\/div>\r\n                                    <div class=\"news-intro\">\r\n                                        \r\n        <div class=\"sd-block-text margin-bottom-30px \r\n            size-regular \r\n            color-black\r\n            \r\n            \r\n            \">\r\n            <p>Les derniers rapports \u00ab 2023 TOP 25 Trademark Filers \u00bb ont \u00e9t\u00e9 publi\u00e9s&#8230;<\/p>\n\r\n        <\/div>\r\n                                    <\/div>\r\n                                    <div class=\"news-read-more\">\r\n                                        \r\n        <div class=\"sd-block-button  margin-bottom-0px no-background size-regular text-color-black align-left\">\r\n                <span class=\"inner-button\"\r\n                href=\"\" title=\"En savoir plus \">En savoir plus <svg xmlns=\"http:\/\/www.w3.org\/2000\/svg\" viewBox=\"0 0 16 16\"><path fill=\"currentColor\" d=\"M12.2,9H0V7h12.2L6.6,1.4L8,0l8,8l-8,8l-1.4-1.4L12.2,9z\"\/><\/svg><\/span>\r\n        <\/div>\r\n                                    <\/div>\r\n                                <\/div>\r\n                            <\/a>\r\n                        <\/div>\r\n                    <\/div>\r\n                <div class=\"news-pagination\">\r\n                    \r\n                <\/div>\r\n        <\/div>[\/vc_column][\/vc_row]<\/p>\n<\/div>","protected":false},"excerpt":{"rendered":"<p>[vc_row full_width=\u00a0\u00bbstretch_row\u00a0\u00bb content_placement=\u00a0\u00bbmiddle\u00a0\u00bb row_height=\u00a0\u00bbrow_500px\u00a0\u00bb row_color=\u00a0\u00bbblack\u00a0\u00bb cat_circle=\u00a0\u00bbcta-circle-yes\u00a0\u00bb css=\u00a0\u00bb.vc_custom_1713439586703{background-image: url(https:\/\/www.foveaip.com\/wp-content\/uploads\/2024\/03\/news-and-events.jpg?id=4220) !important;}\u00a0\u00bb][vc_column][\/vc_column][\/vc_row][vc_row full_width=\u00a0\u00bbstretch_row\u00a0\u00bb row_color=\u00a0\u00bblight-blue\u00a0\u00bb][vc_column width=\u00a0\u00bb1\/4&Prime;][\/vc_column][vc_column width=\u00a0\u00bb3\/4&Prime;][\/vc_column][\/vc_row]<\/p>\n","protected":false},"author":1,"featured_media":0,"parent":0,"menu_order":0,"comment_status":"closed","ping_status":"closed","template":"","meta":{"_acf_changed":false,"content-type":"","footnotes":""},"class_list":["post-10080","page","type-page","status-publish","hentry"],"acf":[],"yoast_head":"<!-- This site is optimized with the Yoast SEO plugin v26.8 - https:\/\/yoast.com\/product\/yoast-seo-wordpress\/ -->\n<title>Actualit\u00e9s | Fovea IP<\/title>\n<meta name=\"description\" content=\"Mises \u00e0 jour, rapports, webinaires, podcasts et \u00e9v\u00e9nement de Fovea IP.\" \/>\n<meta name=\"robots\" content=\"index, follow, max-snippet:-1, max-image-preview:large, max-video-preview:-1\" \/>\n<link rel=\"canonical\" href=\"https:\/\/www.foveaip.com\/fr\/actualites-et-evenements\/\" \/>\n<meta property=\"og:locale\" content=\"fr_FR\" \/>\n<meta property=\"og:type\" content=\"article\" \/>\n<meta property=\"og:title\" content=\"Actualit\u00e9s | Fovea IP\" \/>\n<meta property=\"og:description\" content=\"Mises \u00e0 jour, rapports, webinaires, podcasts et \u00e9v\u00e9nement de Fovea IP.\" \/>\n<meta property=\"og:url\" content=\"https:\/\/www.foveaip.com\/fr\/actualites-et-evenements\/\" \/>\n<meta property=\"og:site_name\" content=\"Fovea IP\" \/>\n<meta property=\"article:modified_time\" content=\"2024-11-04T10:12:12+00:00\" \/>\n<meta property=\"og:image\" content=\"https:\/\/www.foveaip.com\/wp-content\/uploads\/2024\/03\/foveaip-social-share-afbeelding-voor-yoast.jpg\" \/>\n\t<meta property=\"og:image:width\" content=\"1200\" \/>\n\t<meta property=\"og:image:height\" content=\"630\" \/>\n\t<meta property=\"og:image:type\" content=\"image\/jpeg\" \/>\n<meta name=\"twitter:card\" content=\"summary_large_image\" \/>\n<meta name=\"twitter:label1\" content=\"Dur\u00e9e de lecture estim\u00e9e\" \/>\n\t<meta name=\"twitter:data1\" content=\"1 minute\" \/>\n<script type=\"application\/ld+json\" class=\"yoast-schema-graph\">{\"@context\":\"https:\/\/schema.org\",\"@graph\":[{\"@type\":\"WebPage\",\"@id\":\"https:\/\/www.foveaip.com\/fr\/actualites-et-evenements\/\",\"url\":\"https:\/\/www.foveaip.com\/fr\/actualites-et-evenements\/\",\"name\":\"Actualit\u00e9s | Fovea IP\",\"isPartOf\":{\"@id\":\"https:\/\/www.foveaip.com\/fr\/#website\"},\"datePublished\":\"2024-10-22T08:50:42+00:00\",\"dateModified\":\"2024-11-04T10:12:12+00:00\",\"description\":\"Mises \u00e0 jour, rapports, webinaires, podcasts et \u00e9v\u00e9nement de Fovea IP.\",\"breadcrumb\":{\"@id\":\"https:\/\/www.foveaip.com\/fr\/actualites-et-evenements\/#breadcrumb\"},\"inLanguage\":\"fr-FR\",\"potentialAction\":[{\"@type\":\"ReadAction\",\"target\":[\"https:\/\/www.foveaip.com\/fr\/actualites-et-evenements\/\"]}]},{\"@type\":\"BreadcrumbList\",\"@id\":\"https:\/\/www.foveaip.com\/fr\/actualites-et-evenements\/#breadcrumb\",\"itemListElement\":[{\"@type\":\"ListItem\",\"position\":1,\"name\":\"Home\",\"item\":\"https:\/\/www.foveaip.com\/fr\/\"},{\"@type\":\"ListItem\",\"position\":2,\"name\":\"Actualit\u00e9s\"}]},{\"@type\":\"WebSite\",\"@id\":\"https:\/\/www.foveaip.com\/fr\/#website\",\"url\":\"https:\/\/www.foveaip.com\/fr\/\",\"name\":\"Fovea IP\",\"description\":\"The sharpest Eye on IP\",\"publisher\":{\"@id\":\"https:\/\/www.foveaip.com\/fr\/#organization\"},\"inLanguage\":\"fr-FR\"},{\"@type\":\"Organization\",\"@id\":\"https:\/\/www.foveaip.com\/fr\/#organization\",\"name\":\"Fovea IP\",\"url\":\"https:\/\/www.foveaip.com\/fr\/\",\"logo\":{\"@type\":\"ImageObject\",\"inLanguage\":\"fr-FR\",\"@id\":\"https:\/\/www.foveaip.com\/fr\/#\/schema\/logo\/image\/\",\"url\":\"https:\/\/www.foveaip.com\/wp-content\/uploads\/2024\/03\/foveaip-social-share-afbeelding-voor-yoast.jpg\",\"contentUrl\":\"https:\/\/www.foveaip.com\/wp-content\/uploads\/2024\/03\/foveaip-social-share-afbeelding-voor-yoast.jpg\",\"width\":1200,\"height\":630,\"caption\":\"Fovea IP\"},\"image\":{\"@id\":\"https:\/\/www.foveaip.com\/fr\/#\/schema\/logo\/image\/\"},\"sameAs\":[\"https:\/\/www.linkedin.com\/company\/foveaip\/\"]}]}<\/script>\n<!-- \/ Yoast SEO plugin. -->","yoast_head_json":{"title":"Actualit\u00e9s | Fovea IP","description":"Mises \u00e0 jour, rapports, webinaires, podcasts et \u00e9v\u00e9nement de Fovea IP.","robots":{"index":"index","follow":"follow","max-snippet":"max-snippet:-1","max-image-preview":"max-image-preview:large","max-video-preview":"max-video-preview:-1"},"canonical":"https:\/\/www.foveaip.com\/fr\/actualites-et-evenements\/","og_locale":"fr_FR","og_type":"article","og_title":"Actualit\u00e9s | Fovea IP","og_description":"Mises \u00e0 jour, rapports, webinaires, podcasts et \u00e9v\u00e9nement de Fovea IP.","og_url":"https:\/\/www.foveaip.com\/fr\/actualites-et-evenements\/","og_site_name":"Fovea IP","article_modified_time":"2024-11-04T10:12:12+00:00","og_image":[{"width":1200,"height":630,"url":"https:\/\/www.foveaip.com\/wp-content\/uploads\/2024\/03\/foveaip-social-share-afbeelding-voor-yoast.jpg","type":"image\/jpeg"}],"twitter_card":"summary_large_image","twitter_misc":{"Dur\u00e9e de lecture estim\u00e9e":"1 minute"},"schema":{"@context":"https:\/\/schema.org","@graph":[{"@type":"WebPage","@id":"https:\/\/www.foveaip.com\/fr\/actualites-et-evenements\/","url":"https:\/\/www.foveaip.com\/fr\/actualites-et-evenements\/","name":"Actualit\u00e9s | Fovea IP","isPartOf":{"@id":"https:\/\/www.foveaip.com\/fr\/#website"},"datePublished":"2024-10-22T08:50:42+00:00","dateModified":"2024-11-04T10:12:12+00:00","description":"Mises \u00e0 jour, rapports, webinaires, podcasts et \u00e9v\u00e9nement de Fovea IP.","breadcrumb":{"@id":"https:\/\/www.foveaip.com\/fr\/actualites-et-evenements\/#breadcrumb"},"inLanguage":"fr-FR","potentialAction":[{"@type":"ReadAction","target":["https:\/\/www.foveaip.com\/fr\/actualites-et-evenements\/"]}]},{"@type":"BreadcrumbList","@id":"https:\/\/www.foveaip.com\/fr\/actualites-et-evenements\/#breadcrumb","itemListElement":[{"@type":"ListItem","position":1,"name":"Home","item":"https:\/\/www.foveaip.com\/fr\/"},{"@type":"ListItem","position":2,"name":"Actualit\u00e9s"}]},{"@type":"WebSite","@id":"https:\/\/www.foveaip.com\/fr\/#website","url":"https:\/\/www.foveaip.com\/fr\/","name":"Fovea IP","description":"The sharpest Eye on IP","publisher":{"@id":"https:\/\/www.foveaip.com\/fr\/#organization"},"inLanguage":"fr-FR"},{"@type":"Organization","@id":"https:\/\/www.foveaip.com\/fr\/#organization","name":"Fovea IP","url":"https:\/\/www.foveaip.com\/fr\/","logo":{"@type":"ImageObject","inLanguage":"fr-FR","@id":"https:\/\/www.foveaip.com\/fr\/#\/schema\/logo\/image\/","url":"https:\/\/www.foveaip.com\/wp-content\/uploads\/2024\/03\/foveaip-social-share-afbeelding-voor-yoast.jpg","contentUrl":"https:\/\/www.foveaip.com\/wp-content\/uploads\/2024\/03\/foveaip-social-share-afbeelding-voor-yoast.jpg","width":1200,"height":630,"caption":"Fovea IP"},"image":{"@id":"https:\/\/www.foveaip.com\/fr\/#\/schema\/logo\/image\/"},"sameAs":["https:\/\/www.linkedin.com\/company\/foveaip\/"]}]}},"_links":{"self":[{"href":"https:\/\/www.foveaip.com\/fr\/wp-json\/wp\/v2\/pages\/10080","targetHints":{"allow":["GET"]}}],"collection":[{"href":"https:\/\/www.foveaip.com\/fr\/wp-json\/wp\/v2\/pages"}],"about":[{"href":"https:\/\/www.foveaip.com\/fr\/wp-json\/wp\/v2\/types\/page"}],"author":[{"embeddable":true,"href":"https:\/\/www.foveaip.com\/fr\/wp-json\/wp\/v2\/users\/1"}],"replies":[{"embeddable":true,"href":"https:\/\/www.foveaip.com\/fr\/wp-json\/wp\/v2\/comments?post=10080"}],"version-history":[{"count":3,"href":"https:\/\/www.foveaip.com\/fr\/wp-json\/wp\/v2\/pages\/10080\/revisions"}],"predecessor-version":[{"id":10320,"href":"https:\/\/www.foveaip.com\/fr\/wp-json\/wp\/v2\/pages\/10080\/revisions\/10320"}],"wp:attachment":[{"href":"https:\/\/www.foveaip.com\/fr\/wp-json\/wp\/v2\/media?parent=10080"}],"curies":[{"name":"wp","href":"https:\/\/api.w.org\/{rel}","templated":true}]}}