{"id":9341,"date":"2024-10-21T09:39:29","date_gmt":"2024-10-21T07:39:29","guid":{"rendered":"https:\/\/www.foveaip.com\/?page_id=9341"},"modified":"2024-10-23T12:18:09","modified_gmt":"2024-10-23T10:18:09","slug":"noms-de-domaine","status":"publish","type":"page","link":"https:\/\/www.foveaip.com\/fr\/recherche-en-ligne\/noms-de-domaine\/","title":{"rendered":"Noms de domaine"},"content":{"rendered":"<div class=\"wpb-content-wrapper\"><p>[vc_row full_width=\u00a0\u00bbstretch_row\u00a0\u00bb content_placement=\u00a0\u00bbmiddle\u00a0\u00bb row_height=\u00a0\u00bbrow_500px\u00a0\u00bb row_color=\u00a0\u00bblight-green\u00a0\u00bb cat_circle=\u00a0\u00bbcta-circle-yes\u00a0\u00bb css=\u00a0\u00bb.vc_custom_1713603880099{background-image: url(https:\/\/www.foveaip.com\/wp-content\/uploads\/2024\/03\/FoveaIP_corporate-1920&#215;500-2.jpg?id=3838) !important;background-position: center !important;background-repeat: no-repeat !important;background-size: cover !important;}\u00a0\u00bb][vc_column]\r\n        <div class=\"sd-cta-circle\">\r\n            <div class=\"circle-inner color-green\">\r\n        <div class=\"sd-block-title \">\r\n            <h1 class=\"sd-block-title-htag  font-huge color-white align-center margin-bottom-30px\">Recherche en ligne noms de domaine<\/h1>\r\n        <\/div>\r\n        <div class=\"sd-block-text margin-bottom-0px \r\n            size-large \r\n            color-white\r\n            \r\n            \r\n            \">\r\n            <p>Des r\u00e9sultats obtenus jusqu\u2019\u00e0 cinq fois plus rapidement et des tarifs jusqu\u2019\u00e0 60 % moins chers.<\/p>\n\r\n        <\/div>\r\n            <\/div>\r\n        <\/div>[\/vc_column][\/vc_row][vc_row][vc_column width=\u00a0\u00bb7\/12&Prime;]\r\n        <div class=\"sd-block-title \">\r\n            <h2 class=\"sd-block-title-htag  font-middle color-black align-left margin-bottom-30px\">Fovea IP est le seul fournisseur au monde \u00e0 proposer l\u2019\u00e9ventail complet de donn\u00e9es de PI, noms de domaine inclus, sur une seule et m\u00eame plateforme.<\/h2>\r\n        <\/div>\r\n        <div class=\"sd-block-text margin-bottom-30px \r\n            size-large \r\n            color-black\r\n            \r\n            \r\n            \">\r\n            <p>Vous recherchez les noms de domaine dans les m\u00eames conditions d\u2019ex\u00e9cution optimales, avec la m\u00eame exp\u00e9rience utilisateur que dans les cas de recherches d\u2019autres types de donn\u00e9es de PI. L\u2019acc\u00e8s passe par l\u2019interface intuitive d\u00e9j\u00e0 mise \u00e0 disposition par Fovea IP pour les marques, brevets, dessins industriels et produits pharmaceutiques. En combinant ces sources de donn\u00e9es, Fovea IP est le seul fournisseur mondial d\u2019une solution de recherche de donn\u00e9es de propri\u00e9t\u00e9 intellectuelle sur une seule plateforme, avec une seule interface.<\/p>\n\r\n        <\/div>\r\n        <div class=\"sd-block-text margin-bottom-60px \r\n            size-large \r\n            color-black\r\n            \r\n            \r\n            \">\r\n            <p><strong>S\u00e9lectionnez divers modules de recherche, d\u2019analyse et de production de rapports efficaces et professionnels sur les noms de domaine, jusqu\u2019\u00e0 cinq fois plus rapidement et \u00e0 des tarifs jusqu\u2019\u00e0 60\u00a0% moins chers.<\/strong><\/p>\n\r\n        <\/div>\r\n        <div class=\"sd-block-title \">\r\n            <h3 class=\"sd-block-title-htag  font-middle color-black align-left margin-bottom-30px\">Des r\u00e9sultats en cinq petites \u00e9tapes<\/h3>\r\n        <\/div>\r\n        <div class=\"sd-block-text margin-bottom-60px \r\n            size-regular \r\n            color-black\r\n            \r\n            \r\n            \">\r\n            <ol>\n<li>S\u00e9lectionnez la r\u00e9gion g\u00e9ographique\u00a0;<\/li>\n<li>Cr\u00e9ez votre strat\u00e9gie de recherche \u00e0 l\u2019aide de 40 options de crit\u00e8res de recherche\u00a0;<\/li>\n<li>Analysez vos donn\u00e9es\u00a0;<\/li>\n<li>Triez et s\u00e9lectionnez les informations de la mani\u00e8re dont vous souhaitez les pr\u00e9senter \u00e0 votre client\u00a0;<\/li>\n<li>Produisez vos rapports sur mesure, personnalis\u00e9s en choisissant vos propres textes et graphiques.<\/li>\n<\/ol>\n\r\n        <\/div>\r\n        <div class=\"sd-block-title \">\r\n            <h3 class=\"sd-block-title-htag  font-middle color-black align-left margin-bottom-30px\">Recherches multicrit\u00e8res<\/h3>\r\n        <\/div>\r\n        <div class=\"sd-block-text margin-bottom-60px \r\n            size-regular \r\n            color-black\r\n            \r\n            \r\n            \">\r\n            <p>G\u00e9n\u00e9rez vos recherches pertinentes en fonction de vos besoins.<\/p>\n\r\n        <\/div>\r\n        <div class=\"sd-block-accordion margin-bottom-30px background-light-blue\">\r\n            <div class=\"accordion-inner \">\r\n                <div class=\"accordion-title\">\r\n                    \r\n        <div class=\"sd-block-title \">\r\n            <h3 class=\"sd-block-title-htag  font-tiny color-black align-left margin-bottom-30px\">Recherches multicrit\u00e8res<\/h3>\r\n        <\/div>\r\n                    <svg xmlns=\"http:\/\/www.w3.org\/2000\/svg\" viewBox=\"0 0 14 14\"><path fill=\"currentColor\" d=\"M6,8H0V6h6V0h2v6h6v2H8v6H6V8z\"\/><\/svg>\r\n                <\/div>\r\n                <div class=\"accordion-content\">\r\n                    <p>Les besoins de la plupart des professionnels de la propri\u00e9t\u00e9 intellectuelle sont sp\u00e9cifiques et d\u00e9pendent de la question \u00e0 traiter. Le module de recherches multicrit\u00e8res est l\u2019outil id\u00e9al pour g\u00e9rer ces besoins. Combinez plus de 40 crit\u00e8res de recherche diff\u00e9rents et des op\u00e9rateurs bool\u00e9ens, puis utilisez des caract\u00e8res g\u00e9n\u00e9riques pour affiner les r\u00e9sultats de la recherche.<\/p>\n\r\n                <\/div>\r\n            <\/div>\r\n        <\/div>\r\n        <div class=\"sd-block-title \">\r\n            <h3 class=\"sd-block-title-htag  font-middle color-black align-left margin-bottom-30px\">Services compl\u00e9mentaires compris<\/h3>\r\n        <\/div>\r\n        <div class=\"sd-block-accordion margin-bottom-30px background-light-blue\">\r\n            <div class=\"accordion-inner \">\r\n                <div class=\"accordion-title\">\r\n                    \r\n        <div class=\"sd-block-title \">\r\n            <h3 class=\"sd-block-title-htag  font-tiny color-black align-left margin-bottom-30px\">Services compl\u00e9mentaires compris<\/h3>\r\n        <\/div>\r\n                    <svg xmlns=\"http:\/\/www.w3.org\/2000\/svg\" viewBox=\"0 0 14 14\"><path fill=\"currentColor\" d=\"M6,8H0V6h6V0h2v6h6v2H8v6H6V8z\"\/><\/svg>\r\n                <\/div>\r\n                <div class=\"accordion-content\">\r\n                    <ul>\n<li>Fovea IP met \u00e0 votre disposition une bo\u00eete \u00e0 outils compl\u00e8te et innovante pour faciliter l\u2019analyse efficace des donn\u00e9es en appliquant divers filtres intuitifs associ\u00e9s \u00e0 des fonctions de tri et de mise en \u00e9vidence.<\/li>\n<li>Des options d\u2019affichage adaptatif vous permettent de voir les donn\u00e9es selon leur pertinence (affichage de d\u00e9tails, listes, galeries, dessins, infographie et cartes).<\/li>\n<\/ul>\n\r\n                <\/div>\r\n            <\/div>\r\n        <\/div>\r\n        <div class=\"sd-block-accordion margin-bottom-30px background-light-blue\">\r\n            <div class=\"accordion-inner \">\r\n                <div class=\"accordion-title\">\r\n                    \r\n        <div class=\"sd-block-title \">\r\n            <h3 class=\"sd-block-title-htag  font-tiny color-black align-left margin-bottom-30px\">Rapports personnalis\u00e9s<\/h3>\r\n        <\/div>\r\n                    <svg xmlns=\"http:\/\/www.w3.org\/2000\/svg\" viewBox=\"0 0 14 14\"><path fill=\"currentColor\" d=\"M6,8H0V6h6V0h2v6h6v2H8v6H6V8z\"\/><\/svg>\r\n                <\/div>\r\n                <div class=\"accordion-content\">\r\n                    <ul>\n<li>Les diverses possibilit\u00e9s d\u2019adaptation de contenu (de style, entre autres) des rapports personnalisables facilitent la publication des r\u00e9sultats de recherche en fonction des besoins de l\u2019utilisateur.<\/li>\n<li>Des mod\u00e8les enti\u00e8rement personnalis\u00e9s peuvent \u00eatre cr\u00e9\u00e9s pour Word et Excel, puis partag\u00e9s avec d\u2019autres utilisateurs.<\/li>\n<\/ul>\n\r\n                <\/div>\r\n            <\/div>\r\n        <\/div>\r\n        <div class=\"sd-block-accordion margin-bottom-30px background-light-blue\">\r\n            <div class=\"accordion-inner \">\r\n                <div class=\"accordion-title\">\r\n                    \r\n        <div class=\"sd-block-title \">\r\n            <h3 class=\"sd-block-title-htag  font-tiny color-black align-left margin-bottom-30px\">Le plus r\u00e9actif des supports clients inclus.<\/h3>\r\n        <\/div>\r\n                    <svg xmlns=\"http:\/\/www.w3.org\/2000\/svg\" viewBox=\"0 0 14 14\"><path fill=\"currentColor\" d=\"M6,8H0V6h6V0h2v6h6v2H8v6H6V8z\"\/><\/svg>\r\n                <\/div>\r\n                <div class=\"accordion-content\">\r\n                    <p>Fovea IP dispose du support client le plus r\u00e9actif en Am\u00e9rique du Nord, en Asie-Pacifique et en Europe.<\/p>\n<p>Notre \u00e9quipe de support client se compose de professionnels exp\u00e9riment\u00e9s dans le domaine de la propri\u00e9t\u00e9 intellectuelle. Ils sont joignables par courriel (info@foveaip.com) ou au t\u00e9l\u00e9phone (+32 2 425 35 37) et form\u00e9s pour r\u00e9pondre \u00e0 toutes vos questions sur les devis, informations g\u00e9n\u00e9rales, l\u2019assistance technique et toutes autres requ\u00eates pendant les heures ouvr\u00e9es, du lundi au vendredi.<\/p>\n\r\n                <\/div>\r\n            <\/div>\r\n        <\/div>\r\n        <div class=\"sd-block-accordion margin-bottom-30px background-light-blue\">\r\n            <div class=\"accordion-inner \">\r\n                <div class=\"accordion-title\">\r\n                    \r\n        <div class=\"sd-block-title \">\r\n            <h3 class=\"sd-block-title-htag  font-tiny color-black align-left margin-bottom-30px\">Formation en ligne gratuite.<\/h3>\r\n        <\/div>\r\n                    <svg xmlns=\"http:\/\/www.w3.org\/2000\/svg\" viewBox=\"0 0 14 14\"><path fill=\"currentColor\" d=\"M6,8H0V6h6V0h2v6h6v2H8v6H6V8z\"\/><\/svg>\r\n                <\/div>\r\n                <div class=\"accordion-content\">\r\n                    <p>Les outils de Fovea IP sont intuitifs et faciles \u00e0 utiliser. Nous organisons fr\u00e9quemment et gratuitement des webinaires et sessions de formation priv\u00e9es.<\/p>\n\r\n                <\/div>\r\n            <\/div>\r\n        <\/div>\r\n        <div class=\"sd-block-accordion margin-bottom-0px background-light-blue mobile-margin-bottom-60px\">\r\n            <div class=\"accordion-inner \">\r\n                <div class=\"accordion-title\">\r\n                    \r\n        <div class=\"sd-block-title \">\r\n            <h3 class=\"sd-block-title-htag  font-tiny color-black align-left margin-bottom-30px\">Notre plateforme en ligne est disponible en 10 langues.<\/h3>\r\n        <\/div>\r\n                    <svg xmlns=\"http:\/\/www.w3.org\/2000\/svg\" viewBox=\"0 0 14 14\"><path fill=\"currentColor\" d=\"M6,8H0V6h6V0h2v6h6v2H8v6H6V8z\"\/><\/svg>\r\n                <\/div>\r\n                <div class=\"accordion-content\">\r\n                    <ol>\n<li>Anglais (GB)<\/li>\n<li>Anglais (US)<\/li>\n<li>Fran\u00e7ais<\/li>\n<li>Allemand<\/li>\n<li>N\u00e9erlandais<\/li>\n<li>Italien<\/li>\n<li>Espagnol<\/li>\n<li>Portugais<\/li>\n<li>Chinois<\/li>\n<li style=\"text-align: left;\">Japonais<\/li>\n<\/ol>\n\r\n                <\/div>\r\n            <\/div>\r\n        <\/div>[\/vc_column][vc_column width=\u00a0\u00bb1\/12&Prime;][\/vc_column][vc_column width=\u00a0\u00bb4\/12&Prime;]\r\n        <div class=\"sd-cta-text \r\n            margin-bottom-0px \r\n            cta-text. \r\n            bg-green sticky\"\r\n             data-sticky=\"Contactez-nous\">\r\n                <a href=\"https:\/\/www.foveaip.com\/fr\/contactez-nous\/\">\r\n                <p>Des questions ? Nous sommes l\u00e0 pour vous aider.<\/p>\r\n        <div class=\"sd-block-button  margin-bottom-0px no-background size-regular text-color-white align-left\">\r\n                <span class=\"inner-button\"\r\n                href=\"\" title=\"Contact us\">Contact us<svg xmlns=\"http:\/\/www.w3.org\/2000\/svg\" viewBox=\"0 0 16 16\"><path fill=\"currentColor\" d=\"M12.2,9H0V7h12.2L6.6,1.4L8,0l8,8l-8,8l-1.4-1.4L12.2,9z\"\/><\/svg><\/span>\r\n        <\/div>\r\n                <\/a>\r\n        <\/div>[\/vc_column][\/vc_row][vc_row full_width=\u00a0\u00bbstretch_row\u00a0\u00bb row_color=\u00a0\u00bblight-blue\u00a0\u00bb][vc_column width=\u00a0\u00bb7\/12&Prime;]\r\n        <div class=\"sd-block-title \">\r\n            <h3 class=\"sd-block-title-htag  font-middle color-black align-left margin-bottom-30px\">La plus compl\u00e8te des couvertures de donn\u00e9es mondiales.<\/h3>\r\n        <\/div>\r\n        <div class=\"sd-block-text margin-bottom-60px \r\n            size-regular \r\n            color-black\r\n            \r\n            \r\n            \">\r\n            <p>La base de donn\u00e9es de Fovea IP comprend plus de 300 millions de noms de domaine, dont les suivants\u00a0:<\/p>\n<ul>\n<li>toutes les extensions .COM, .EU et nationales\u00a0;<\/li>\n<li>plus de 1\u00a0200 \u00ab\u00a0generic Top-Level Domains\u00a0\u00bb\u00a0;<\/li>\n<li>plus de 300 \u00ab\u00a0country code Top-Level Domains\u00a0\u00bb\u00a0;<\/li>\n<li>les nouveaux ccTLD et gTLD sont ajout\u00e9s d\u00e8s que possible\u00a0;<\/li>\n<\/ul>\n<p>les domaines ci-dessus sont constamment mis \u00e0 jour. Cliquez ici pour consulter le tout dernier aper\u00e7u des registres et pays.<\/p>\n<p>Les contenus de la base de donn\u00e9es de noms de domaine de Fovea IP sont fournis par une tierce partie.<\/p>\n\r\n        <\/div>\r\n        <div class=\"sd-block-title \">\r\n            <h3 class=\"sd-block-title-htag  font-middle color-black align-left margin-bottom-30px\">Tarifs<\/h3>\r\n        <\/div>\r\n        <div class=\"sd-block-text margin-bottom-0px \r\n            size-regular \r\n            color-black\r\n            \r\n             mobile-margin-bottom-0px\r\n            \">\r\n            <p>L\u2019acc\u00e8s en ligne est propos\u00e9 \u00e0 un tarif forfaitaire avec usage illimit\u00e9. Fovea IP propose ses services de recherche et de surveillance de la PI mondiaux et de haute qualit\u00e9 \u00e0 des tarifs imbattables.<\/p>\n<p>N\u2019h\u00e9sitez pas \u00e0 consulter <a href=\"https:\/\/www.foveaip.com\/fr\/telechargements\/guide-tarifaire\/\">notre brochure tarifaire<\/a>.<\/p>\n\r\n        <\/div>[\/vc_column][vc_column width=\u00a0\u00bb1\/12&Prime;][\/vc_column][vc_column width=\u00a0\u00bb4\/12&Prime;][\/vc_column][\/vc_row][vc_row full_width=\u00a0\u00bbstretch_row\u00a0\u00bb el_id=\u00a0\u00bbcontact\u00a0\u00bb][vc_column width=\u00a0\u00bb1\/2&Prime;]\r\n        <div class=\"sd-block-title \">\r\n            <h2 class=\"sd-block-title-htag  font-large color-black align-left margin-bottom-30px\">Vous voulez essayer notre plateforme de recherche et de surveillance ?<\/h2>\r\n        <\/div>\r\n        <div class=\"sd-block-text margin-bottom-30px \r\n            size-regular \r\n            color-black\r\n            \r\n            \r\n            \">\r\n            <p>Profitez d\u2019une semaine d\u2019essai gratuite.<\/p>\n\r\n        <\/div>\r\n        <div class=\"sd-block-button  margin-bottom-0px background size-regular background-color-yellow align-inline mobile-margin-bottom-0px\">\r\n                <a class=\"inner-button\"\r\n                href=\"https:\/\/www.foveaip.com\/fr\/telechargements\/essai-gratuit\/\" title=\"Essayez-nous gratuitement.\">Essayez-nous gratuitement.<svg xmlns=\"http:\/\/www.w3.org\/2000\/svg\" viewBox=\"0 0 16 16\"><path fill=\"currentColor\" d=\"M12.2,9H0V7h12.2L6.6,1.4L8,0l8,8l-8,8l-1.4-1.4L12.2,9z\"\/><\/svg><\/a>\r\n        <\/div>\r\n        <div class=\"sd-block-button  margin-bottom-0px background size-regular background-color-black-outline align-inline mobile-margin-bottom-0px\">\r\n                <a class=\"inner-button\"\r\n                href=\"https:\/\/www.foveaip.com\/fr\/contactez-nous\/\" title=\"Ou contactez-nous.\">Ou contactez-nous.<svg xmlns=\"http:\/\/www.w3.org\/2000\/svg\" viewBox=\"0 0 16 16\"><path fill=\"currentColor\" d=\"M12.2,9H0V7h12.2L6.6,1.4L8,0l8,8l-8,8l-1.4-1.4L12.2,9z\"\/><\/svg><\/a>\r\n        <\/div>[\/vc_column][vc_column width=\u00a0\u00bb1\/2&Prime;][\/vc_column][\/vc_row]<\/p>\n<\/div>","protected":false},"excerpt":{"rendered":"<p>[vc_row full_width=\u00a0\u00bbstretch_row\u00a0\u00bb content_placement=\u00a0\u00bbmiddle\u00a0\u00bb row_height=\u00a0\u00bbrow_500px\u00a0\u00bb row_color=\u00a0\u00bblight-green\u00a0\u00bb cat_circle=\u00a0\u00bbcta-circle-yes\u00a0\u00bb css=\u00a0\u00bb.vc_custom_1713603880099{background-image: url(https:\/\/www.foveaip.com\/wp-content\/uploads\/2024\/03\/FoveaIP_corporate-1920&#215;500-2.jpg?id=3838) !important;background-position: center !important;background-repeat: no-repeat !important;background-size: cover !important;}\u00a0\u00bb][vc_column][\/vc_column][\/vc_row][vc_row][vc_column width=\u00a0\u00bb7\/12&Prime;][\/vc_column][vc_column width=\u00a0\u00bb1\/12&Prime;][\/vc_column][vc_column width=\u00a0\u00bb4\/12&Prime;][\/vc_column][\/vc_row][vc_row full_width=\u00a0\u00bbstretch_row\u00a0\u00bb row_color=\u00a0\u00bblight-blue\u00a0\u00bb][vc_column width=\u00a0\u00bb7\/12&Prime;][\/vc_column][vc_column width=\u00a0\u00bb1\/12&Prime;][\/vc_column][vc_column width=\u00a0\u00bb4\/12&Prime;][\/vc_column][\/vc_row][vc_row full_width=\u00a0\u00bbstretch_row\u00a0\u00bb el_id=\u00a0\u00bbcontact\u00a0\u00bb][vc_column width=\u00a0\u00bb1\/2&Prime;][\/vc_column][vc_column width=\u00a0\u00bb1\/2&Prime;][\/vc_column][\/vc_row]<\/p>\n","protected":false},"author":10,"featured_media":0,"parent":9321,"menu_order":4,"comment_status":"closed","ping_status":"closed","template":"","meta":{"_acf_changed":false,"content-type":"","footnotes":""},"class_list":["post-9341","page","type-page","status-publish","hentry"],"acf":[],"yoast_head":"<!-- This site is optimized with the Yoast SEO plugin v26.8 - https:\/\/yoast.com\/product\/yoast-seo-wordpress\/ -->\n<title>Noms de domaine | Fovea IP<\/title>\n<meta name=\"description\" content=\"Fovea IP est le seul fournisseur au monde \u00e0 proposer l\u2019\u00e9ventail complet de donn\u00e9es de PI, noms de domaine inclus, sur une seule et m\u00eame plateforme.\" \/>\n<meta name=\"robots\" content=\"index, follow, max-snippet:-1, max-image-preview:large, max-video-preview:-1\" \/>\n<link rel=\"canonical\" href=\"https:\/\/www.foveaip.com\/fr\/recherche-en-ligne\/noms-de-domaine\/\" \/>\n<meta property=\"og:locale\" content=\"fr_FR\" \/>\n<meta property=\"og:type\" content=\"article\" \/>\n<meta property=\"og:title\" content=\"Noms de domaine | Fovea IP\" \/>\n<meta property=\"og:description\" content=\"Fovea IP est le seul fournisseur au monde \u00e0 proposer l\u2019\u00e9ventail complet de donn\u00e9es de PI, noms de domaine inclus, sur une seule et m\u00eame plateforme.\" \/>\n<meta property=\"og:url\" content=\"https:\/\/www.foveaip.com\/fr\/recherche-en-ligne\/noms-de-domaine\/\" \/>\n<meta property=\"og:site_name\" content=\"Fovea IP\" \/>\n<meta property=\"article:modified_time\" content=\"2024-10-23T10:18:09+00:00\" \/>\n<meta property=\"og:image\" content=\"https:\/\/www.foveaip.com\/wp-content\/uploads\/2024\/03\/foveaip-social-share-afbeelding-voor-yoast.jpg\" \/>\n\t<meta property=\"og:image:width\" content=\"1200\" \/>\n\t<meta property=\"og:image:height\" content=\"630\" \/>\n\t<meta property=\"og:image:type\" content=\"image\/jpeg\" \/>\n<meta name=\"twitter:card\" content=\"summary_large_image\" \/>\n<meta name=\"twitter:label1\" content=\"Dur\u00e9e de lecture estim\u00e9e\" \/>\n\t<meta name=\"twitter:data1\" content=\"4 minutes\" \/>\n<script type=\"application\/ld+json\" class=\"yoast-schema-graph\">{\"@context\":\"https:\/\/schema.org\",\"@graph\":[{\"@type\":\"WebPage\",\"@id\":\"https:\/\/www.foveaip.com\/fr\/recherche-en-ligne\/noms-de-domaine\/\",\"url\":\"https:\/\/www.foveaip.com\/fr\/recherche-en-ligne\/noms-de-domaine\/\",\"name\":\"Noms de domaine | Fovea IP\",\"isPartOf\":{\"@id\":\"https:\/\/www.foveaip.com\/fr\/#website\"},\"datePublished\":\"2024-10-21T07:39:29+00:00\",\"dateModified\":\"2024-10-23T10:18:09+00:00\",\"description\":\"Fovea IP est le seul fournisseur au monde \u00e0 proposer l\u2019\u00e9ventail complet de donn\u00e9es de PI, noms de domaine inclus, sur une seule et m\u00eame plateforme.\",\"breadcrumb\":{\"@id\":\"https:\/\/www.foveaip.com\/fr\/recherche-en-ligne\/noms-de-domaine\/#breadcrumb\"},\"inLanguage\":\"fr-FR\",\"potentialAction\":[{\"@type\":\"ReadAction\",\"target\":[\"https:\/\/www.foveaip.com\/fr\/recherche-en-ligne\/noms-de-domaine\/\"]}]},{\"@type\":\"BreadcrumbList\",\"@id\":\"https:\/\/www.foveaip.com\/fr\/recherche-en-ligne\/noms-de-domaine\/#breadcrumb\",\"itemListElement\":[{\"@type\":\"ListItem\",\"position\":1,\"name\":\"Home\",\"item\":\"https:\/\/www.foveaip.com\/fr\/\"},{\"@type\":\"ListItem\",\"position\":2,\"name\":\"Recherche en ligne\",\"item\":\"https:\/\/www.foveaip.com\/fr\/recherche-en-ligne\/\"},{\"@type\":\"ListItem\",\"position\":3,\"name\":\"Noms de domaine\"}]},{\"@type\":\"WebSite\",\"@id\":\"https:\/\/www.foveaip.com\/fr\/#website\",\"url\":\"https:\/\/www.foveaip.com\/fr\/\",\"name\":\"Fovea IP\",\"description\":\"The sharpest Eye on IP\",\"publisher\":{\"@id\":\"https:\/\/www.foveaip.com\/fr\/#organization\"},\"inLanguage\":\"fr-FR\"},{\"@type\":\"Organization\",\"@id\":\"https:\/\/www.foveaip.com\/fr\/#organization\",\"name\":\"Fovea IP\",\"url\":\"https:\/\/www.foveaip.com\/fr\/\",\"logo\":{\"@type\":\"ImageObject\",\"inLanguage\":\"fr-FR\",\"@id\":\"https:\/\/www.foveaip.com\/fr\/#\/schema\/logo\/image\/\",\"url\":\"https:\/\/www.foveaip.com\/wp-content\/uploads\/2024\/03\/foveaip-social-share-afbeelding-voor-yoast.jpg\",\"contentUrl\":\"https:\/\/www.foveaip.com\/wp-content\/uploads\/2024\/03\/foveaip-social-share-afbeelding-voor-yoast.jpg\",\"width\":1200,\"height\":630,\"caption\":\"Fovea IP\"},\"image\":{\"@id\":\"https:\/\/www.foveaip.com\/fr\/#\/schema\/logo\/image\/\"},\"sameAs\":[\"https:\/\/www.linkedin.com\/company\/foveaip\/\"]}]}<\/script>\n<!-- \/ Yoast SEO plugin. -->","yoast_head_json":{"title":"Noms de domaine | Fovea IP","description":"Fovea IP est le seul fournisseur au monde \u00e0 proposer l\u2019\u00e9ventail complet de donn\u00e9es de PI, noms de domaine inclus, sur une seule et m\u00eame plateforme.","robots":{"index":"index","follow":"follow","max-snippet":"max-snippet:-1","max-image-preview":"max-image-preview:large","max-video-preview":"max-video-preview:-1"},"canonical":"https:\/\/www.foveaip.com\/fr\/recherche-en-ligne\/noms-de-domaine\/","og_locale":"fr_FR","og_type":"article","og_title":"Noms de domaine | Fovea IP","og_description":"Fovea IP est le seul fournisseur au monde \u00e0 proposer l\u2019\u00e9ventail complet de donn\u00e9es de PI, noms de domaine inclus, sur une seule et m\u00eame plateforme.","og_url":"https:\/\/www.foveaip.com\/fr\/recherche-en-ligne\/noms-de-domaine\/","og_site_name":"Fovea IP","article_modified_time":"2024-10-23T10:18:09+00:00","og_image":[{"width":1200,"height":630,"url":"https:\/\/www.foveaip.com\/wp-content\/uploads\/2024\/03\/foveaip-social-share-afbeelding-voor-yoast.jpg","type":"image\/jpeg"}],"twitter_card":"summary_large_image","twitter_misc":{"Dur\u00e9e de lecture estim\u00e9e":"4 minutes"},"schema":{"@context":"https:\/\/schema.org","@graph":[{"@type":"WebPage","@id":"https:\/\/www.foveaip.com\/fr\/recherche-en-ligne\/noms-de-domaine\/","url":"https:\/\/www.foveaip.com\/fr\/recherche-en-ligne\/noms-de-domaine\/","name":"Noms de domaine | Fovea IP","isPartOf":{"@id":"https:\/\/www.foveaip.com\/fr\/#website"},"datePublished":"2024-10-21T07:39:29+00:00","dateModified":"2024-10-23T10:18:09+00:00","description":"Fovea IP est le seul fournisseur au monde \u00e0 proposer l\u2019\u00e9ventail complet de donn\u00e9es de PI, noms de domaine inclus, sur une seule et m\u00eame plateforme.","breadcrumb":{"@id":"https:\/\/www.foveaip.com\/fr\/recherche-en-ligne\/noms-de-domaine\/#breadcrumb"},"inLanguage":"fr-FR","potentialAction":[{"@type":"ReadAction","target":["https:\/\/www.foveaip.com\/fr\/recherche-en-ligne\/noms-de-domaine\/"]}]},{"@type":"BreadcrumbList","@id":"https:\/\/www.foveaip.com\/fr\/recherche-en-ligne\/noms-de-domaine\/#breadcrumb","itemListElement":[{"@type":"ListItem","position":1,"name":"Home","item":"https:\/\/www.foveaip.com\/fr\/"},{"@type":"ListItem","position":2,"name":"Recherche en ligne","item":"https:\/\/www.foveaip.com\/fr\/recherche-en-ligne\/"},{"@type":"ListItem","position":3,"name":"Noms de domaine"}]},{"@type":"WebSite","@id":"https:\/\/www.foveaip.com\/fr\/#website","url":"https:\/\/www.foveaip.com\/fr\/","name":"Fovea IP","description":"The sharpest Eye on IP","publisher":{"@id":"https:\/\/www.foveaip.com\/fr\/#organization"},"inLanguage":"fr-FR"},{"@type":"Organization","@id":"https:\/\/www.foveaip.com\/fr\/#organization","name":"Fovea IP","url":"https:\/\/www.foveaip.com\/fr\/","logo":{"@type":"ImageObject","inLanguage":"fr-FR","@id":"https:\/\/www.foveaip.com\/fr\/#\/schema\/logo\/image\/","url":"https:\/\/www.foveaip.com\/wp-content\/uploads\/2024\/03\/foveaip-social-share-afbeelding-voor-yoast.jpg","contentUrl":"https:\/\/www.foveaip.com\/wp-content\/uploads\/2024\/03\/foveaip-social-share-afbeelding-voor-yoast.jpg","width":1200,"height":630,"caption":"Fovea IP"},"image":{"@id":"https:\/\/www.foveaip.com\/fr\/#\/schema\/logo\/image\/"},"sameAs":["https:\/\/www.linkedin.com\/company\/foveaip\/"]}]}},"_links":{"self":[{"href":"https:\/\/www.foveaip.com\/fr\/wp-json\/wp\/v2\/pages\/9341","targetHints":{"allow":["GET"]}}],"collection":[{"href":"https:\/\/www.foveaip.com\/fr\/wp-json\/wp\/v2\/pages"}],"about":[{"href":"https:\/\/www.foveaip.com\/fr\/wp-json\/wp\/v2\/types\/page"}],"author":[{"embeddable":true,"href":"https:\/\/www.foveaip.com\/fr\/wp-json\/wp\/v2\/users\/10"}],"replies":[{"embeddable":true,"href":"https:\/\/www.foveaip.com\/fr\/wp-json\/wp\/v2\/comments?post=9341"}],"version-history":[{"count":9,"href":"https:\/\/www.foveaip.com\/fr\/wp-json\/wp\/v2\/pages\/9341\/revisions"}],"predecessor-version":[{"id":10274,"href":"https:\/\/www.foveaip.com\/fr\/wp-json\/wp\/v2\/pages\/9341\/revisions\/10274"}],"up":[{"embeddable":true,"href":"https:\/\/www.foveaip.com\/fr\/wp-json\/wp\/v2\/pages\/9321"}],"wp:attachment":[{"href":"https:\/\/www.foveaip.com\/fr\/wp-json\/wp\/v2\/media?parent=9341"}],"curies":[{"name":"wp","href":"https:\/\/api.w.org\/{rel}","templated":true}]}}