{"id":9350,"date":"2024-10-21T09:39:29","date_gmt":"2024-10-21T07:39:29","guid":{"rendered":"https:\/\/www.foveaip.com\/?page_id=9350"},"modified":"2024-11-04T11:07:06","modified_gmt":"2024-11-04T09:07:06","slug":"surveillances-commandees","status":"publish","type":"page","link":"https:\/\/www.foveaip.com\/fr\/surveillances-commandees\/","title":{"rendered":"Surveillances command\u00e9es"},"content":{"rendered":"<div class=\"wpb-content-wrapper\"><p>[vc_row full_width=\u00a0\u00bbstretch_row\u00a0\u00bb content_placement=\u00a0\u00bbmiddle\u00a0\u00bb row_height=\u00a0\u00bbrow_500px\u00a0\u00bb row_color=\u00a0\u00bbblack\u00a0\u00bb cat_circle=\u00a0\u00bbcta-circle-yes\u00a0\u00bb css=\u00a0\u00bb.vc_custom_1712318964242{background-image: url(https:\/\/www.foveaip.com\/wp-content\/uploads\/2024\/03\/istockphoto-501655814-corp_breed_LR-1920&#215;500-1.jpg?id=3849) !important;background-position: center !important;background-repeat: no-repeat !important;background-size: cover !important;}\u00a0\u00bb][vc_column]\r\n        <div class=\"sd-cta-circle\">\r\n            <div class=\"circle-inner color-orange\">\r\n        <div class=\"sd-block-title \">\r\n            <h1 class=\"sd-block-title-htag  font-huge color-white align-center margin-bottom-30px\">Surveillances command\u00e9es<\/h1>\r\n        <\/div>\r\n        <div class=\"sd-block-text margin-bottom-0px \r\n            size-large \r\n            color-white\r\n            \r\n            \r\n            \">\r\n            <p>Surveillances command\u00e9es, analyses et rapports<\/p>\n\r\n        <\/div>\r\n            <\/div>\r\n        <\/div>[\/vc_column][\/vc_row][vc_row][vc_column width=\u00a0\u00bb7\/12&Prime;]\r\n        <div class=\"sd-block-title \">\r\n            <h2 class=\"sd-block-title-htag  font-large color-black align-left margin-bottom-30px\">Notre solution de surveillances command\u00e9es vous permet de travailler plus intelligemment et plus rapidement.<\/h2>\r\n        <\/div>\r\n        <div class=\"sd-block-text margin-bottom-60px \r\n            size-large \r\n            color-black\r\n            \r\n            \r\n            \">\r\n            <p>La surveillance des marques est une activit\u00e9 cruciale, mais chronophage. Fovea IP fait une diff\u00e9rence en aidant ses clients \u00e0 gagner du temps en profitant de diverses fonctionnalit\u00e9s tout en leur garantissant la qualit\u00e9, la pertinence et la promptitude des notifications.<\/p>\n<p>Fovea IP propose quatre possibilit\u00e9s de surveillance de la PI.<\/p>\n\r\n        <\/div>\r\n        <div class=\"sd-block-title \">\r\n            <h3 class=\"sd-block-title-htag  font-middle color-black align-left margin-bottom-30px\">Surveillance de titulaires<\/h3>\r\n        <\/div>\r\n        <div class=\"sd-block-text margin-bottom-60px \r\n            size-regular \r\n            color-black\r\n            \r\n            \r\n            \">\r\n            <p>La marque est souvent consid\u00e9r\u00e9e comme l\u2019actif primaire d\u2019une soci\u00e9t\u00e9. Prot\u00e9ger son int\u00e9grit\u00e9 est primordial. La surveillance de marque est une activit\u00e9 cruciale certes, mais \u00e0 forte intensit\u00e9 de main-d\u2019\u0153uvre. Fovea IP se distingue en aidant ses clients \u00e0 \u00e9conomiser du temps gr\u00e2ce \u00e0 diverses fonctionnalit\u00e9s, tout en leur garantissant la qualit\u00e9, la pertinence et la promptitude des notifications. Fovea IP avertit promptement ses clients d\u00e8s la publication des marques contest\u00e9es dans diverses juridictions. Nous fournissons des rapports sur les marques identiques ou similaires aux marques surveill\u00e9es dans les classes apparent\u00e9es. En outre, nous attirons l\u2019attention sur les marques pr\u00e9sentant des similitudes phon\u00e9tiques dans les classes apparent\u00e9es.<\/p>\n\r\n        <\/div>\r\n        <div class=\"sd-block-title \">\r\n            <h3 class=\"sd-block-title-htag  font-middle color-black align-left margin-bottom-30px\">Surveillance de titulaires<\/h3>\r\n        <\/div>\r\n        <div class=\"sd-block-text margin-bottom-60px \r\n            size-regular \r\n            color-black\r\n            \r\n            \r\n            \">\r\n            <p>Armez-vous d\u2019informations concurrentielles en recourant \u00e0 la surveillance de marques. Restez inform\u00e9 des nouvelles marques publi\u00e9es par des titulaires ou demandeurs sp\u00e9cifiques. Ce type de surveillance pourrait s\u2019av\u00e9rer utile pour rester au courant de vos concurrents, mais aussi pour b\u00e9n\u00e9ficier d\u2019une perspective plus g\u00e9n\u00e9rale de l\u2019industrie.<\/p>\n\r\n        <\/div>\r\n        <div class=\"sd-block-title \">\r\n            <h3 class=\"sd-block-title-htag  font-middle color-black align-left margin-bottom-30px\">Surveillance de d\u00e9nominations sociales<\/h3>\r\n        <\/div>\r\n        <div class=\"sd-block-text margin-bottom-60px \r\n            size-regular \r\n            color-black\r\n            \r\n            \r\n            \">\r\n            <p>Surveillez l\u2019enregistrement de d\u00e9nominations sociales identiques et soyez averti des nouvelles d\u00e9nominations sociales enregistr\u00e9es dans le monde entier ou dans les pays qui vous int\u00e9ressent.<\/p>\n\r\n        <\/div>\r\n        <div class=\"sd-block-title \">\r\n            <h3 class=\"sd-block-title-htag  font-middle color-black align-left margin-bottom-30px\">Surveillance de noms de domaine<\/h3>\r\n        <\/div>\r\n        <div class=\"sd-block-text margin-bottom-60px \r\n            size-regular \r\n            color-black\r\n            \r\n            \r\n            \">\r\n            <p>La plateforme de Fovea IP surveille les noms de domaine et inclut le typosquatting. La base de donn\u00e9es comprend plus de 300 millions de noms de domaine, dont les suivants\u00a0:<\/p>\n<ul>\n<li>toutes les extensions com, .eu et nationales\u00a0;<\/li>\n<li>plus de 1\u00a0200 \u00ab\u00a0generic Top-Level Domains\u00a0\u00bb\u00a0;<\/li>\n<li>plus de 300 \u00ab\u00a0country code Top-Level Domains\u00a0\u00bb\u00a0;<\/li>\n<li>les nouveaux ccTLD et gTLD sont ajout\u00e9s d\u00e8s que possible.<\/li>\n<\/ul>\n\r\n        <\/div>\r\n        <div class=\"sd-block-accordion margin-bottom-0px background-light-blue mobile-margin-bottom-30px\">\r\n            <div class=\"accordion-inner \">\r\n                <div class=\"accordion-title\">\r\n                    \r\n        <div class=\"sd-block-title \">\r\n            <h3 class=\"sd-block-title-htag  font-tiny color-black align-left margin-bottom-30px\">Consultez les fonctionnalit\u00e9s de surveillance propos\u00e9es par Fovea IP pour vous faire gagner du temps.<\/h3>\r\n        <\/div>\r\n                    <svg xmlns=\"http:\/\/www.w3.org\/2000\/svg\" viewBox=\"0 0 14 14\"><path fill=\"currentColor\" d=\"M6,8H0V6h6V0h2v6h6v2H8v6H6V8z\"\/><\/svg>\r\n                <\/div>\r\n                <div class=\"accordion-content\">\r\n                    <ul>\n<li>mise en \u00e9vidence des principaux biens et services sur l\u2019ensemble des r\u00e9sultats de la surveillance\u00a0;<\/li>\n<li>avertissement dans le cas o\u00f9 des marques verbales identiques ont \u00e9t\u00e9 modifi\u00e9es auparavant\u00a0;<\/li>\n<li>information cl\u00e9 sur les titulaires de marques publi\u00e9es et sur l\u2019activit\u00e9 d\u2019opposition\u00a0;<\/li>\n<li>information sur les droits ant\u00e9rieurs\u00a0;<\/li>\n<li>acc\u00e8s \u00e0 des informations cl\u00e9s pour conna\u00eetre la proc\u00e9dure de d\u00e9p\u00f4t d\u2019une opposition et l\u2019entit\u00e9 \u00e0 contacter pour cette d\u00e9marche dans chaque juridiction (cf. connecteur d\u2019opposition)\u00a0;<\/li>\n<li>capacit\u00e9 unique d\u2019analyse et de diminution du nombre de notifications hors sujet envoy\u00e9es\u00a0;<\/li>\n<li>envoi aux clients de notifications personnalis\u00e9es, conseils inclus, en un seul clic\u00a0;<\/li>\n<\/ul>\n\r\n                <\/div>\r\n            <\/div>\r\n        <\/div>[\/vc_column][vc_column width=\u00a0\u00bb1\/12&Prime;][\/vc_column][vc_column width=\u00a0\u00bb4\/12&Prime;]\r\n        <div class=\"sd-cta-text \r\n            margin-bottom-0px \r\n            cta-text. \r\n            bg-orange sticky\"\r\n             data-sticky=\"contact\">\r\n                <a href=\"https:\/\/www.foveaip.com\/fr\/contactez-nous\/\">\r\n                <p>Des questions ? Nous sommes l\u00e0 pour vous aider.<\/p>\r\n        <div class=\"sd-block-button  margin-bottom-0px no-background size-regular text-color-white align-left\">\r\n                <span class=\"inner-button\"\r\n                href=\"\" title=\"Contactez-nous\">Contactez-nous<svg xmlns=\"http:\/\/www.w3.org\/2000\/svg\" viewBox=\"0 0 16 16\"><path fill=\"currentColor\" d=\"M12.2,9H0V7h12.2L6.6,1.4L8,0l8,8l-8,8l-1.4-1.4L12.2,9z\"\/><\/svg><\/span>\r\n        <\/div>\r\n                <\/a>\r\n        <\/div>[\/vc_column][\/vc_row][vc_row full_width=\u00a0\u00bbstretch_row\u00a0\u00bb row_color=\u00a0\u00bblight-blue\u00a0\u00bb][vc_column width=\u00a0\u00bb7\/12&Prime;]\r\n        <div class=\"sd-block-title \">\r\n            <h2 class=\"sd-block-title-htag  font-large color-black align-left margin-bottom-30px\">Nos services uniques de surveillance<\/h2>\r\n        <\/div>\r\n        <div class=\"sd-block-text margin-bottom-30px \r\n            size-regular \r\n            color-black\r\n            \r\n            \r\n            \">\r\n            <p>Recherche d\u2019ant\u00e9riorit\u00e9 de droit \u00e0 effet boomerang et connecteur d\u2019opposition.<\/p>\n\r\n        <\/div>\r\n        <div class=\"sd-block-accordion margin-bottom-30px background-white\">\r\n            <div class=\"accordion-inner opened\">\r\n                <div class=\"accordion-title\">\r\n                    \r\n        <div class=\"sd-block-title \">\r\n            <h3 class=\"sd-block-title-htag  font-tiny color-black align-left margin-bottom-30px\">Recherche d\u2019ant\u00e9riorit\u00e9 de droit \u00e0 effet boomerang<\/h3>\r\n        <\/div>\r\n                    <svg xmlns=\"http:\/\/www.w3.org\/2000\/svg\" viewBox=\"0 0 14 14\"><path fill=\"currentColor\" d=\"M6,8H0V6h6V0h2v6h6v2H8v6H6V8z\"\/><\/svg>\r\n                <\/div>\r\n                <div class=\"accordion-content\">\r\n                    <p>Cette recherche donne aux opposants potentiels les informations dont ils ont besoin sur les droits d\u00e9tenus par un \u00e9ventuel d\u00e9fendeur et dont il pourrait se servir pour contre-attaquer les droits appartenant aux opposants potentiels.<\/p>\n<p>Si de tels droits existent, la recherche d\u2019ant\u00e9riorit\u00e9 de droit \u00e0 effet boomerang avertit l\u2019opposant potentiel de l\u2019existence de droits susceptibles de se retourner contre un ou plusieurs de ses droits (cette recherche est accessible par la plateforme de Fovea IP).<\/p>\n<p>La recherche d\u2019ant\u00e9riorit\u00e9 de droit \u00e0 effet boomerang signale les applications et enregistrements d\u00e9pos\u00e9s ou enregistr\u00e9s par le d\u00e9fendeur (potentiel)\u00a0:<\/p>\n<ul>\n<li>dans le pays d\u2019origine du d\u00e9fendeur (potentiel) ou<\/li>\n<li>dans la juridiction de l\u2019opposition plus<\/li>\n<li>dans le monde entier, pour toute marque identique \u00e0 la marque devant faire l\u2019objet de l\u2019opposition.<\/li>\n<\/ul>\n<p>Cette recherche est limit\u00e9e \u00e0 la ou aux classes communes des marques de l\u2019opposant et du d\u00e9fendeur potentiels ou en cas d\u2019absence de classe commune, \u00e0 n\u2019importe quelle classe s\u00e9lectionn\u00e9e par l\u2019opposant potentiel.<\/p>\n\r\n                <\/div>\r\n            <\/div>\r\n        <\/div>\r\n        <div class=\"sd-block-accordion margin-bottom-30px background-white\">\r\n            <div class=\"accordion-inner \">\r\n                <div class=\"accordion-title\">\r\n                    \r\n        <div class=\"sd-block-title \">\r\n            <h3 class=\"sd-block-title-htag  font-tiny color-black align-left margin-bottom-30px\">D\u00e9lais d\u2019opposition<\/h3>\r\n        <\/div>\r\n                    <svg xmlns=\"http:\/\/www.w3.org\/2000\/svg\" viewBox=\"0 0 14 14\"><path fill=\"currentColor\" d=\"M6,8H0V6h6V0h2v6h6v2H8v6H6V8z\"\/><\/svg>\r\n                <\/div>\r\n                <div class=\"accordion-content\">\r\n                    <p>Les rapports de surveillance sont habituellement envoy\u00e9s quelques jours apr\u00e8s la publication de la marque et, en g\u00e9n\u00e9ral, bien avant l\u2019expiration du d\u00e9lai d\u2019opposition.<\/p>\n<p>Dans les rares cas o\u00f9 nous ne sommes pas en mesure de respecter ce d\u00e9lai (habituellement dans des circonstances impr\u00e9vues ind\u00e9pendantes de la volont\u00e9 de Fovea IP), le rapport est envoy\u00e9 d\u00e8s que possible.<\/p>\n\r\n                <\/div>\r\n            <\/div>\r\n        <\/div>\r\n        <div class=\"sd-block-accordion margin-bottom-30px background-white\">\r\n            <div class=\"accordion-inner \">\r\n                <div class=\"accordion-title\">\r\n                    \r\n        <div class=\"sd-block-title \">\r\n            <h3 class=\"sd-block-title-htag  font-tiny color-black align-left margin-bottom-30px\">The opposition connector<\/h3>\r\n        <\/div>\r\n                    <svg xmlns=\"http:\/\/www.w3.org\/2000\/svg\" viewBox=\"0 0 14 14\"><path fill=\"currentColor\" d=\"M6,8H0V6h6V0h2v6h6v2H8v6H6V8z\"\/><\/svg>\r\n                <\/div>\r\n                <div class=\"accordion-content\">\r\n                    <p>Fovea IP surveille activement des milliers de marques \u00e0 l\u2019\u00e9chelle mondiale. Nous avons dot\u00e9 notre plateforme de la fonctionnalit\u00e9 Connecteur d\u2019opposition, par laquelle les clients qui prennent connaissance de leurs avis de surveillance peuvent acc\u00e9der, d\u2019un seul clic, aux exigences de contact et d\u2019opposition du ou des registres pertinents, directement \u00e0 partir des avis de surveillance eux-m\u00eames.<\/p>\n<p>Le nom des cabinets juridiques qui s\u2019enregistrent pour cette fonctionnalit\u00e9 s\u2019affiche et peut \u00eatre s\u00e9lectionn\u00e9 par nos clients qui souhaitent en faire leurs repr\u00e9sentants dans le cadre du d\u00e9p\u00f4t du dossier d\u2019opposition.<\/p>\n\r\n                <\/div>\r\n            <\/div>\r\n        <\/div>\r\n        <div class=\"sd-block-button  margin-bottom-30px background size-regular background-color-yellow align-inline mobile-margin-bottom-30px\">\r\n                <a class=\"inner-button\"\r\n                href=\"https:\/\/www.foveaip.com\/fr\/article-dactualite\/connecteur-dopposition-fovea-ip\/\" title=\"Rejoignez le connecteur d\u2019opposition.\">Rejoignez le connecteur d\u2019opposition.<svg xmlns=\"http:\/\/www.w3.org\/2000\/svg\" viewBox=\"0 0 16 16\"><path fill=\"currentColor\" d=\"M12.2,9H0V7h12.2L6.6,1.4L8,0l8,8l-8,8l-1.4-1.4L12.2,9z\"\/><\/svg><\/a>\r\n        <\/div>\r\n        <div class=\"sd-block-accordion margin-bottom-30px background-white\">\r\n            <div class=\"accordion-inner \">\r\n                <div class=\"accordion-title\">\r\n                    \r\n        <div class=\"sd-block-title \">\r\n            <h3 class=\"sd-block-title-htag  font-tiny color-black align-left margin-bottom-30px\">Nos analystes \u00e0 votre disposition.<\/h3>\r\n        <\/div>\r\n                    <svg xmlns=\"http:\/\/www.w3.org\/2000\/svg\" viewBox=\"0 0 14 14\"><path fill=\"currentColor\" d=\"M6,8H0V6h6V0h2v6h6v2H8v6H6V8z\"\/><\/svg>\r\n                <\/div>\r\n                <div class=\"accordion-content\">\r\n                    <p>Notre \u00e9quipe d\u2019analystes exp\u00e9riment\u00e9s est joignable par courriel ou au bout du fil pendant l&rsquo;ex\u00e9cution de la recherche ou de la surveillance et\u00a0\/\u00a0ou apr\u00e8s l\u2019envoi du rapport.<\/p>\n<p><strong>Nice, Vienna, Locarno<br \/>\n<\/strong>Sauf dans de rares cas n\u00e9cessitant une recherche manuelle, le recours \u00e0 l\u2019intelligence artificielle nous permet de ne plus avoir \u00e0 faire appel aux classifications de Nice, Vienne ou Locarno.<\/p>\n\r\n                <\/div>\r\n            <\/div>\r\n        <\/div>[\/vc_column][vc_column width=\u00a0\u00bb1\/12&Prime;][\/vc_column][vc_column width=\u00a0\u00bb4\/12&Prime;][\/vc_column][\/vc_row][vc_row full_width=\u00a0\u00bbstretch_row\u00a0\u00bb el_id=\u00a0\u00bbcontact\u00a0\u00bb][vc_column width=\u00a0\u00bb1\/2&Prime;]\r\n        <div class=\"sd-block-title \">\r\n            <h2 class=\"sd-block-title-htag  font-large color-black align-left margin-bottom-30px\">Les recherches command\u00e9es vous int\u00e9ressent ?<\/h2>\r\n        <\/div>\r\n        <div class=\"sd-block-button  margin-bottom-0px background size-regular background-color-black-outline align-inline mobile-margin-bottom-30px\">\r\n                <a class=\"inner-button\"\r\n                href=\"https:\/\/www.foveaip.com\/fr\/contactez-nous\/\" title=\"Contactez-nous\">Contactez-nous<svg xmlns=\"http:\/\/www.w3.org\/2000\/svg\" viewBox=\"0 0 16 16\"><path fill=\"currentColor\" d=\"M12.2,9H0V7h12.2L6.6,1.4L8,0l8,8l-8,8l-1.4-1.4L12.2,9z\"\/><\/svg><\/a>\r\n        <\/div>[\/vc_column][vc_column width=\u00a0\u00bb1\/2&Prime;][\/vc_column][\/vc_row]<\/p>\n<\/div>","protected":false},"excerpt":{"rendered":"<p>[vc_row full_width=\u00a0\u00bbstretch_row\u00a0\u00bb content_placement=\u00a0\u00bbmiddle\u00a0\u00bb row_height=\u00a0\u00bbrow_500px\u00a0\u00bb row_color=\u00a0\u00bbblack\u00a0\u00bb cat_circle=\u00a0\u00bbcta-circle-yes\u00a0\u00bb css=\u00a0\u00bb.vc_custom_1712318964242{background-image: url(https:\/\/www.foveaip.com\/wp-content\/uploads\/2024\/03\/istockphoto-501655814-corp_breed_LR-1920&#215;500-1.jpg?id=3849) !important;background-position: center !important;background-repeat: no-repeat !important;background-size: cover !important;}\u00a0\u00bb][vc_column][\/vc_column][\/vc_row][vc_row][vc_column width=\u00a0\u00bb7\/12&Prime;][\/vc_column][vc_column width=\u00a0\u00bb1\/12&Prime;][\/vc_column][vc_column width=\u00a0\u00bb4\/12&Prime;][\/vc_column][\/vc_row][vc_row full_width=\u00a0\u00bbstretch_row\u00a0\u00bb row_color=\u00a0\u00bblight-blue\u00a0\u00bb][vc_column width=\u00a0\u00bb7\/12&Prime;][\/vc_column][vc_column width=\u00a0\u00bb1\/12&Prime;][\/vc_column][vc_column width=\u00a0\u00bb4\/12&Prime;][\/vc_column][\/vc_row][vc_row full_width=\u00a0\u00bbstretch_row\u00a0\u00bb el_id=\u00a0\u00bbcontact\u00a0\u00bb][vc_column width=\u00a0\u00bb1\/2&Prime;][\/vc_column][vc_column width=\u00a0\u00bb1\/2&Prime;][\/vc_column][\/vc_row]<\/p>\n","protected":false},"author":10,"featured_media":0,"parent":0,"menu_order":0,"comment_status":"closed","ping_status":"closed","template":"","meta":{"_acf_changed":false,"content-type":"","footnotes":""},"class_list":["post-9350","page","type-page","status-publish","hentry"],"acf":[],"yoast_head":"<!-- This site is optimized with the Yoast SEO plugin v26.8 - https:\/\/yoast.com\/product\/yoast-seo-wordpress\/ -->\n<title>Surveillances command\u00e9es | Fovea IP<\/title>\n<meta name=\"description\" content=\"Notre solution de surveillances command\u00e9es vous permet de travailler plus intelligemment et plus rapidement.\" \/>\n<meta name=\"robots\" content=\"index, follow, max-snippet:-1, max-image-preview:large, max-video-preview:-1\" \/>\n<link rel=\"canonical\" href=\"https:\/\/www.foveaip.com\/fr\/surveillances-commandees\/\" \/>\n<meta property=\"og:locale\" content=\"fr_FR\" \/>\n<meta property=\"og:type\" content=\"article\" \/>\n<meta property=\"og:title\" content=\"Surveillances command\u00e9es | Fovea IP\" \/>\n<meta property=\"og:description\" content=\"Notre solution de surveillances command\u00e9es vous permet de travailler plus intelligemment et plus rapidement.\" \/>\n<meta property=\"og:url\" content=\"https:\/\/www.foveaip.com\/fr\/surveillances-commandees\/\" \/>\n<meta property=\"og:site_name\" content=\"Fovea IP\" \/>\n<meta property=\"article:modified_time\" content=\"2024-11-04T09:07:06+00:00\" \/>\n<meta property=\"og:image\" content=\"https:\/\/www.foveaip.com\/wp-content\/uploads\/2024\/03\/foveaip-social-share-afbeelding-voor-yoast.jpg\" \/>\n\t<meta property=\"og:image:width\" content=\"1200\" \/>\n\t<meta property=\"og:image:height\" content=\"630\" \/>\n\t<meta property=\"og:image:type\" content=\"image\/jpeg\" \/>\n<meta name=\"twitter:card\" content=\"summary_large_image\" \/>\n<meta name=\"twitter:label1\" content=\"Dur\u00e9e de lecture estim\u00e9e\" \/>\n\t<meta name=\"twitter:data1\" content=\"5 minutes\" \/>\n<script type=\"application\/ld+json\" class=\"yoast-schema-graph\">{\"@context\":\"https:\/\/schema.org\",\"@graph\":[{\"@type\":\"WebPage\",\"@id\":\"https:\/\/www.foveaip.com\/fr\/surveillances-commandees\/\",\"url\":\"https:\/\/www.foveaip.com\/fr\/surveillances-commandees\/\",\"name\":\"Surveillances command\u00e9es | Fovea IP\",\"isPartOf\":{\"@id\":\"https:\/\/www.foveaip.com\/fr\/#website\"},\"datePublished\":\"2024-10-21T07:39:29+00:00\",\"dateModified\":\"2024-11-04T09:07:06+00:00\",\"description\":\"Notre solution de surveillances command\u00e9es vous permet de travailler plus intelligemment et plus rapidement.\",\"breadcrumb\":{\"@id\":\"https:\/\/www.foveaip.com\/fr\/surveillances-commandees\/#breadcrumb\"},\"inLanguage\":\"fr-FR\",\"potentialAction\":[{\"@type\":\"ReadAction\",\"target\":[\"https:\/\/www.foveaip.com\/fr\/surveillances-commandees\/\"]}]},{\"@type\":\"BreadcrumbList\",\"@id\":\"https:\/\/www.foveaip.com\/fr\/surveillances-commandees\/#breadcrumb\",\"itemListElement\":[{\"@type\":\"ListItem\",\"position\":1,\"name\":\"Home\",\"item\":\"https:\/\/www.foveaip.com\/fr\/\"},{\"@type\":\"ListItem\",\"position\":2,\"name\":\"Surveillances command\u00e9es\"}]},{\"@type\":\"WebSite\",\"@id\":\"https:\/\/www.foveaip.com\/fr\/#website\",\"url\":\"https:\/\/www.foveaip.com\/fr\/\",\"name\":\"Fovea IP\",\"description\":\"The sharpest Eye on IP\",\"publisher\":{\"@id\":\"https:\/\/www.foveaip.com\/fr\/#organization\"},\"inLanguage\":\"fr-FR\"},{\"@type\":\"Organization\",\"@id\":\"https:\/\/www.foveaip.com\/fr\/#organization\",\"name\":\"Fovea IP\",\"url\":\"https:\/\/www.foveaip.com\/fr\/\",\"logo\":{\"@type\":\"ImageObject\",\"inLanguage\":\"fr-FR\",\"@id\":\"https:\/\/www.foveaip.com\/fr\/#\/schema\/logo\/image\/\",\"url\":\"https:\/\/www.foveaip.com\/wp-content\/uploads\/2024\/03\/foveaip-social-share-afbeelding-voor-yoast.jpg\",\"contentUrl\":\"https:\/\/www.foveaip.com\/wp-content\/uploads\/2024\/03\/foveaip-social-share-afbeelding-voor-yoast.jpg\",\"width\":1200,\"height\":630,\"caption\":\"Fovea IP\"},\"image\":{\"@id\":\"https:\/\/www.foveaip.com\/fr\/#\/schema\/logo\/image\/\"},\"sameAs\":[\"https:\/\/www.linkedin.com\/company\/foveaip\/\"]}]}<\/script>\n<!-- \/ Yoast SEO plugin. -->","yoast_head_json":{"title":"Surveillances command\u00e9es | Fovea IP","description":"Notre solution de surveillances command\u00e9es vous permet de travailler plus intelligemment et plus rapidement.","robots":{"index":"index","follow":"follow","max-snippet":"max-snippet:-1","max-image-preview":"max-image-preview:large","max-video-preview":"max-video-preview:-1"},"canonical":"https:\/\/www.foveaip.com\/fr\/surveillances-commandees\/","og_locale":"fr_FR","og_type":"article","og_title":"Surveillances command\u00e9es | Fovea IP","og_description":"Notre solution de surveillances command\u00e9es vous permet de travailler plus intelligemment et plus rapidement.","og_url":"https:\/\/www.foveaip.com\/fr\/surveillances-commandees\/","og_site_name":"Fovea IP","article_modified_time":"2024-11-04T09:07:06+00:00","og_image":[{"width":1200,"height":630,"url":"https:\/\/www.foveaip.com\/wp-content\/uploads\/2024\/03\/foveaip-social-share-afbeelding-voor-yoast.jpg","type":"image\/jpeg"}],"twitter_card":"summary_large_image","twitter_misc":{"Dur\u00e9e de lecture estim\u00e9e":"5 minutes"},"schema":{"@context":"https:\/\/schema.org","@graph":[{"@type":"WebPage","@id":"https:\/\/www.foveaip.com\/fr\/surveillances-commandees\/","url":"https:\/\/www.foveaip.com\/fr\/surveillances-commandees\/","name":"Surveillances command\u00e9es | Fovea IP","isPartOf":{"@id":"https:\/\/www.foveaip.com\/fr\/#website"},"datePublished":"2024-10-21T07:39:29+00:00","dateModified":"2024-11-04T09:07:06+00:00","description":"Notre solution de surveillances command\u00e9es vous permet de travailler plus intelligemment et plus rapidement.","breadcrumb":{"@id":"https:\/\/www.foveaip.com\/fr\/surveillances-commandees\/#breadcrumb"},"inLanguage":"fr-FR","potentialAction":[{"@type":"ReadAction","target":["https:\/\/www.foveaip.com\/fr\/surveillances-commandees\/"]}]},{"@type":"BreadcrumbList","@id":"https:\/\/www.foveaip.com\/fr\/surveillances-commandees\/#breadcrumb","itemListElement":[{"@type":"ListItem","position":1,"name":"Home","item":"https:\/\/www.foveaip.com\/fr\/"},{"@type":"ListItem","position":2,"name":"Surveillances command\u00e9es"}]},{"@type":"WebSite","@id":"https:\/\/www.foveaip.com\/fr\/#website","url":"https:\/\/www.foveaip.com\/fr\/","name":"Fovea IP","description":"The sharpest Eye on IP","publisher":{"@id":"https:\/\/www.foveaip.com\/fr\/#organization"},"inLanguage":"fr-FR"},{"@type":"Organization","@id":"https:\/\/www.foveaip.com\/fr\/#organization","name":"Fovea IP","url":"https:\/\/www.foveaip.com\/fr\/","logo":{"@type":"ImageObject","inLanguage":"fr-FR","@id":"https:\/\/www.foveaip.com\/fr\/#\/schema\/logo\/image\/","url":"https:\/\/www.foveaip.com\/wp-content\/uploads\/2024\/03\/foveaip-social-share-afbeelding-voor-yoast.jpg","contentUrl":"https:\/\/www.foveaip.com\/wp-content\/uploads\/2024\/03\/foveaip-social-share-afbeelding-voor-yoast.jpg","width":1200,"height":630,"caption":"Fovea IP"},"image":{"@id":"https:\/\/www.foveaip.com\/fr\/#\/schema\/logo\/image\/"},"sameAs":["https:\/\/www.linkedin.com\/company\/foveaip\/"]}]}},"_links":{"self":[{"href":"https:\/\/www.foveaip.com\/fr\/wp-json\/wp\/v2\/pages\/9350","targetHints":{"allow":["GET"]}}],"collection":[{"href":"https:\/\/www.foveaip.com\/fr\/wp-json\/wp\/v2\/pages"}],"about":[{"href":"https:\/\/www.foveaip.com\/fr\/wp-json\/wp\/v2\/types\/page"}],"author":[{"embeddable":true,"href":"https:\/\/www.foveaip.com\/fr\/wp-json\/wp\/v2\/users\/10"}],"replies":[{"embeddable":true,"href":"https:\/\/www.foveaip.com\/fr\/wp-json\/wp\/v2\/comments?post=9350"}],"version-history":[{"count":8,"href":"https:\/\/www.foveaip.com\/fr\/wp-json\/wp\/v2\/pages\/9350\/revisions"}],"predecessor-version":[{"id":10306,"href":"https:\/\/www.foveaip.com\/fr\/wp-json\/wp\/v2\/pages\/9350\/revisions\/10306"}],"wp:attachment":[{"href":"https:\/\/www.foveaip.com\/fr\/wp-json\/wp\/v2\/media?parent=9350"}],"curies":[{"name":"wp","href":"https:\/\/api.w.org\/{rel}","templated":true}]}}