{"id":9573,"date":"2024-10-21T09:39:27","date_gmt":"2024-10-21T07:39:27","guid":{"rendered":"https:\/\/www.foveaip.com\/?page_id=9573"},"modified":"2024-10-23T14:30:25","modified_gmt":"2024-10-23T12:30:25","slug":"technologie-de-fovea-ip","status":"publish","type":"page","link":"https:\/\/www.foveaip.com\/fr\/qui-sommes-nous\/technologie-de-fovea-ip\/","title":{"rendered":"Technologie"},"content":{"rendered":"<div class=\"wpb-content-wrapper\"><p>[vc_row full_width=\u00a0\u00bbstretch_row\u00a0\u00bb content_placement=\u00a0\u00bbmiddle\u00a0\u00bb row_height=\u00a0\u00bbrow_500px\u00a0\u00bb row_color=\u00a0\u00bbblack\u00a0\u00bb cat_circle=\u00a0\u00bbcta-circle-yes\u00a0\u00bb css=\u00a0\u00bb.vc_custom_1713439298710{background-image: url(https:\/\/www.foveaip.com\/wp-content\/uploads\/2024\/04\/technology.jpg?id=4985) !important;}\u00a0\u00bb][vc_column]\r\n        <div class=\"sd-cta-circle\">\r\n            <div class=\"circle-inner color-blue\">\r\n        <div class=\"sd-block-title \">\r\n            <h1 class=\"sd-block-title-htag  font-huge color-white align-center margin-bottom-30px\">Notre<br \/>\ntechnologie<br \/>\nde pointe<\/h1>\r\n        <\/div>\r\n        <div class=\"sd-block-text margin-bottom-0px \r\n            size-large \r\n            color-white\r\n            \r\n            \r\n            \">\r\n            <p>L\u2019\u0153il le plus avis\u00e9 sur la PI<\/p>\n\r\n        <\/div>\r\n            <\/div>\r\n        <\/div>[\/vc_column][\/vc_row][vc_row full_width=\u00a0\u00bbstretch_row\u00a0\u00bb content_placement=\u00a0\u00bbtop\u00a0\u00bb][vc_column width=\u00a0\u00bb7\/12&Prime;]\r\n        <div class=\"sd-block-title \">\r\n            <h3 class=\"sd-block-title-htag  font-middle color-black align-left margin-bottom-30px\">D\u00e9couvrez la technologie de Fovea IP : une solution r\u00e9volutionnaire pour acc\u00e9der \u00e0 des donn\u00e9es de PI compl\u00e8tes.<\/h3>\r\n        <\/div>\r\n        <div class=\"sd-block-title \">\r\n            <h3 class=\"sd-block-title-htag  font-small color-black align-left margin-bottom-30px\">Syst\u00e8me avanc\u00e9 de recherche et de surveillance<\/h3>\r\n        <\/div>\r\n        <div class=\"sd-block-text margin-bottom-60px \r\n            size-regular \r\n            color-black\r\n            \r\n            \r\n            \">\r\n            <p>Notre plateforme mondiale et avant-gardiste de recherche et de surveillance des donn\u00e9es de PI exploite une technologie de pointe dont elle tire ses capacit\u00e9s incomparables de moteur de recherche. Nous avons investi dans une architecture sophistiqu\u00e9e qui surpasse les solutions de donn\u00e9es traditionnelles, explore les connexions complexes, relations et mod\u00e8les de donn\u00e9es sous-jacents. Ce syst\u00e8me avanc\u00e9 permet \u00e0 Fovea IP d\u2019ex\u00e9cuter des recherches d\u2019une efficacit\u00e9, \u00e0 une vitesse et d\u2019une pertinence exceptionnelle. Exploiter ses technologies IA propri\u00e9taires d\u00e9velopp\u00e9es en interne permet \u00e0 Fovea IP de rationaliser et d\u2019enrichir ses processus, de r\u00e9duire consid\u00e9rablement le temps d\u2019ex\u00e9cution et les ressources n\u00e9cessaires pour proc\u00e9der \u00e0 des analyses de marques compl\u00e8tes.<\/p>\n\r\n        <\/div>\r\n        <div class=\"sd-block-title \">\r\n            <h3 class=\"sd-block-title-htag  font-small color-black align-left margin-bottom-30px\">Exp\u00e9rience et normes de qualit\u00e9 \u00e9tendues<\/h3>\r\n        <\/div>\r\n        <div class=\"sd-block-text margin-bottom-60px \r\n            size-regular \r\n            color-black\r\n            \r\n            \r\n            \">\r\n            <p>\u00c9tay\u00e9e par une \u00e9quipe dynamique et exp\u00e9riment\u00e9e de sp\u00e9cialistes de la recherche et de la surveillance de PI, soutenue par la toute derni\u00e8re technologie moderne, Fovea IP satisfait constamment aux normes de qualit\u00e9 les plus rigoureuses. Non seulement notre plateforme est la plus fiable et la plus pertinente, mais elle s\u2019acquitte \u00e9galement de vitesses d\u2019ex\u00e9cution jusqu\u2019\u00e0 cinq fois sup\u00e9rieures, optimis\u00e9es pour les usages \u00e0 grands volumes. Cette optimisation r\u00e9pond aussi bien aux besoins des utilisateurs professionnels qu\u2019\u00e0 ceux des utilisateurs occasionnels.<\/p>\n<p>Profitez d\u00e8s aujourd\u2019hui de l\u2019avantage Fovea IP et d\u00e9bloquez un acc\u00e8s incomparable \u00e0 des donn\u00e9es de PI compl\u00e8tes, \u00e0 des vitesses in\u00e9gal\u00e9es.<\/p>\n<p>Fovea IP. L\u2019\u0153il avis\u00e9 sur la PI mondiale.<\/p>\n\r\n        <\/div>[\/vc_column][vc_column width=\u00a0\u00bb1\/12&Prime;][\/vc_column][vc_column width=\u00a0\u00bb4\/12&Prime;]\r\n        <div class=\"sd-cta-text \r\n            margin-bottom-0px \r\n            cta-text. \r\n            bg-yellow sticky\"\r\n            >\r\n                <a href=\"https:\/\/www.foveaip.com\/fr\/telechargements\/essai-gratuit\/\">\r\n                <p>D\u00e9couvrez vous-m\u00eame d\u2019o\u00f9 notre plateforme tire sa singularit\u00e9.<\/p>\r\n        <div class=\"sd-block-button  margin-bottom-0px no-background size-regular text-color-black align-left\">\r\n                <span class=\"inner-button\"\r\n                href=\"\" title=\"Demandez votre essai gratuit.\">Demandez votre essai gratuit.<svg xmlns=\"http:\/\/www.w3.org\/2000\/svg\" viewBox=\"0 0 16 16\"><path fill=\"currentColor\" d=\"M12.2,9H0V7h12.2L6.6,1.4L8,0l8,8l-8,8l-1.4-1.4L12.2,9z\"\/><\/svg><\/span>\r\n        <\/div>\r\n                <\/a>\r\n        <\/div>[\/vc_column][\/vc_row]<\/p>\n<\/div>","protected":false},"excerpt":{"rendered":"<p>[vc_row full_width=\u00a0\u00bbstretch_row\u00a0\u00bb content_placement=\u00a0\u00bbmiddle\u00a0\u00bb row_height=\u00a0\u00bbrow_500px\u00a0\u00bb row_color=\u00a0\u00bbblack\u00a0\u00bb cat_circle=\u00a0\u00bbcta-circle-yes\u00a0\u00bb css=\u00a0\u00bb.vc_custom_1713439298710{background-image: url(https:\/\/www.foveaip.com\/wp-content\/uploads\/2024\/04\/technology.jpg?id=4985) !important;}\u00a0\u00bb][vc_column][\/vc_column][\/vc_row][vc_row full_width=\u00a0\u00bbstretch_row\u00a0\u00bb content_placement=\u00a0\u00bbtop\u00a0\u00bb][vc_column width=\u00a0\u00bb7\/12&Prime;][\/vc_column][vc_column width=\u00a0\u00bb1\/12&Prime;][\/vc_column][vc_column width=\u00a0\u00bb4\/12&Prime;][\/vc_column][\/vc_row]<\/p>\n","protected":false},"author":10,"featured_media":0,"parent":9566,"menu_order":5,"comment_status":"closed","ping_status":"closed","template":"","meta":{"_acf_changed":false,"content-type":"","footnotes":""},"class_list":["post-9573","page","type-page","status-publish","hentry"],"acf":[],"yoast_head":"<!-- This site is optimized with the Yoast SEO plugin v26.8 - https:\/\/yoast.com\/product\/yoast-seo-wordpress\/ -->\n<title>Technologie | Fovea IP<\/title>\n<meta name=\"description\" content=\"D\u00e9couvrez la technologie de Fovea IP : une solution r\u00e9volutionnaire pour acc\u00e9der \u00e0 des donn\u00e9es de PI compl\u00e8tes.\" \/>\n<meta name=\"robots\" content=\"index, follow, max-snippet:-1, max-image-preview:large, max-video-preview:-1\" \/>\n<link rel=\"canonical\" href=\"https:\/\/www.foveaip.com\/fr\/qui-sommes-nous\/technologie-de-fovea-ip\/\" \/>\n<meta property=\"og:locale\" content=\"fr_FR\" \/>\n<meta property=\"og:type\" content=\"article\" \/>\n<meta property=\"og:title\" content=\"Technologie | Fovea IP\" \/>\n<meta property=\"og:description\" content=\"D\u00e9couvrez la technologie de Fovea IP : une solution r\u00e9volutionnaire pour acc\u00e9der \u00e0 des donn\u00e9es de PI compl\u00e8tes.\" \/>\n<meta property=\"og:url\" content=\"https:\/\/www.foveaip.com\/fr\/qui-sommes-nous\/technologie-de-fovea-ip\/\" \/>\n<meta property=\"og:site_name\" content=\"Fovea IP\" \/>\n<meta property=\"article:modified_time\" content=\"2024-10-23T12:30:25+00:00\" \/>\n<meta property=\"og:image\" content=\"https:\/\/www.foveaip.com\/wp-content\/uploads\/2024\/03\/foveaip-social-share-afbeelding-voor-yoast.jpg\" \/>\n\t<meta property=\"og:image:width\" content=\"1200\" \/>\n\t<meta property=\"og:image:height\" content=\"630\" \/>\n\t<meta property=\"og:image:type\" content=\"image\/jpeg\" \/>\n<meta name=\"twitter:card\" content=\"summary_large_image\" \/>\n<meta name=\"twitter:label1\" content=\"Dur\u00e9e de lecture estim\u00e9e\" \/>\n\t<meta name=\"twitter:data1\" content=\"2 minutes\" \/>\n<script type=\"application\/ld+json\" class=\"yoast-schema-graph\">{\"@context\":\"https:\/\/schema.org\",\"@graph\":[{\"@type\":\"WebPage\",\"@id\":\"https:\/\/www.foveaip.com\/fr\/qui-sommes-nous\/technologie-de-fovea-ip\/\",\"url\":\"https:\/\/www.foveaip.com\/fr\/qui-sommes-nous\/technologie-de-fovea-ip\/\",\"name\":\"Technologie | Fovea IP\",\"isPartOf\":{\"@id\":\"https:\/\/www.foveaip.com\/fr\/#website\"},\"datePublished\":\"2024-10-21T07:39:27+00:00\",\"dateModified\":\"2024-10-23T12:30:25+00:00\",\"description\":\"D\u00e9couvrez la technologie de Fovea IP : une solution r\u00e9volutionnaire pour acc\u00e9der \u00e0 des donn\u00e9es de PI compl\u00e8tes.\",\"breadcrumb\":{\"@id\":\"https:\/\/www.foveaip.com\/fr\/qui-sommes-nous\/technologie-de-fovea-ip\/#breadcrumb\"},\"inLanguage\":\"fr-FR\",\"potentialAction\":[{\"@type\":\"ReadAction\",\"target\":[\"https:\/\/www.foveaip.com\/fr\/qui-sommes-nous\/technologie-de-fovea-ip\/\"]}]},{\"@type\":\"BreadcrumbList\",\"@id\":\"https:\/\/www.foveaip.com\/fr\/qui-sommes-nous\/technologie-de-fovea-ip\/#breadcrumb\",\"itemListElement\":[{\"@type\":\"ListItem\",\"position\":1,\"name\":\"Home\",\"item\":\"https:\/\/www.foveaip.com\/fr\/\"},{\"@type\":\"ListItem\",\"position\":2,\"name\":\"Qui sommes-nous ?\",\"item\":\"https:\/\/www.foveaip.com\/fr\/qui-sommes-nous\/\"},{\"@type\":\"ListItem\",\"position\":3,\"name\":\"Technologie\"}]},{\"@type\":\"WebSite\",\"@id\":\"https:\/\/www.foveaip.com\/fr\/#website\",\"url\":\"https:\/\/www.foveaip.com\/fr\/\",\"name\":\"Fovea IP\",\"description\":\"The sharpest Eye on IP\",\"publisher\":{\"@id\":\"https:\/\/www.foveaip.com\/fr\/#organization\"},\"inLanguage\":\"fr-FR\"},{\"@type\":\"Organization\",\"@id\":\"https:\/\/www.foveaip.com\/fr\/#organization\",\"name\":\"Fovea IP\",\"url\":\"https:\/\/www.foveaip.com\/fr\/\",\"logo\":{\"@type\":\"ImageObject\",\"inLanguage\":\"fr-FR\",\"@id\":\"https:\/\/www.foveaip.com\/fr\/#\/schema\/logo\/image\/\",\"url\":\"https:\/\/www.foveaip.com\/wp-content\/uploads\/2024\/03\/foveaip-social-share-afbeelding-voor-yoast.jpg\",\"contentUrl\":\"https:\/\/www.foveaip.com\/wp-content\/uploads\/2024\/03\/foveaip-social-share-afbeelding-voor-yoast.jpg\",\"width\":1200,\"height\":630,\"caption\":\"Fovea IP\"},\"image\":{\"@id\":\"https:\/\/www.foveaip.com\/fr\/#\/schema\/logo\/image\/\"},\"sameAs\":[\"https:\/\/www.linkedin.com\/company\/foveaip\/\"]}]}<\/script>\n<!-- \/ Yoast SEO plugin. -->","yoast_head_json":{"title":"Technologie | Fovea IP","description":"D\u00e9couvrez la technologie de Fovea IP : une solution r\u00e9volutionnaire pour acc\u00e9der \u00e0 des donn\u00e9es de PI compl\u00e8tes.","robots":{"index":"index","follow":"follow","max-snippet":"max-snippet:-1","max-image-preview":"max-image-preview:large","max-video-preview":"max-video-preview:-1"},"canonical":"https:\/\/www.foveaip.com\/fr\/qui-sommes-nous\/technologie-de-fovea-ip\/","og_locale":"fr_FR","og_type":"article","og_title":"Technologie | Fovea IP","og_description":"D\u00e9couvrez la technologie de Fovea IP : une solution r\u00e9volutionnaire pour acc\u00e9der \u00e0 des donn\u00e9es de PI compl\u00e8tes.","og_url":"https:\/\/www.foveaip.com\/fr\/qui-sommes-nous\/technologie-de-fovea-ip\/","og_site_name":"Fovea IP","article_modified_time":"2024-10-23T12:30:25+00:00","og_image":[{"width":1200,"height":630,"url":"https:\/\/www.foveaip.com\/wp-content\/uploads\/2024\/03\/foveaip-social-share-afbeelding-voor-yoast.jpg","type":"image\/jpeg"}],"twitter_card":"summary_large_image","twitter_misc":{"Dur\u00e9e de lecture estim\u00e9e":"2 minutes"},"schema":{"@context":"https:\/\/schema.org","@graph":[{"@type":"WebPage","@id":"https:\/\/www.foveaip.com\/fr\/qui-sommes-nous\/technologie-de-fovea-ip\/","url":"https:\/\/www.foveaip.com\/fr\/qui-sommes-nous\/technologie-de-fovea-ip\/","name":"Technologie | Fovea IP","isPartOf":{"@id":"https:\/\/www.foveaip.com\/fr\/#website"},"datePublished":"2024-10-21T07:39:27+00:00","dateModified":"2024-10-23T12:30:25+00:00","description":"D\u00e9couvrez la technologie de Fovea IP : une solution r\u00e9volutionnaire pour acc\u00e9der \u00e0 des donn\u00e9es de PI compl\u00e8tes.","breadcrumb":{"@id":"https:\/\/www.foveaip.com\/fr\/qui-sommes-nous\/technologie-de-fovea-ip\/#breadcrumb"},"inLanguage":"fr-FR","potentialAction":[{"@type":"ReadAction","target":["https:\/\/www.foveaip.com\/fr\/qui-sommes-nous\/technologie-de-fovea-ip\/"]}]},{"@type":"BreadcrumbList","@id":"https:\/\/www.foveaip.com\/fr\/qui-sommes-nous\/technologie-de-fovea-ip\/#breadcrumb","itemListElement":[{"@type":"ListItem","position":1,"name":"Home","item":"https:\/\/www.foveaip.com\/fr\/"},{"@type":"ListItem","position":2,"name":"Qui sommes-nous ?","item":"https:\/\/www.foveaip.com\/fr\/qui-sommes-nous\/"},{"@type":"ListItem","position":3,"name":"Technologie"}]},{"@type":"WebSite","@id":"https:\/\/www.foveaip.com\/fr\/#website","url":"https:\/\/www.foveaip.com\/fr\/","name":"Fovea IP","description":"The sharpest Eye on IP","publisher":{"@id":"https:\/\/www.foveaip.com\/fr\/#organization"},"inLanguage":"fr-FR"},{"@type":"Organization","@id":"https:\/\/www.foveaip.com\/fr\/#organization","name":"Fovea IP","url":"https:\/\/www.foveaip.com\/fr\/","logo":{"@type":"ImageObject","inLanguage":"fr-FR","@id":"https:\/\/www.foveaip.com\/fr\/#\/schema\/logo\/image\/","url":"https:\/\/www.foveaip.com\/wp-content\/uploads\/2024\/03\/foveaip-social-share-afbeelding-voor-yoast.jpg","contentUrl":"https:\/\/www.foveaip.com\/wp-content\/uploads\/2024\/03\/foveaip-social-share-afbeelding-voor-yoast.jpg","width":1200,"height":630,"caption":"Fovea IP"},"image":{"@id":"https:\/\/www.foveaip.com\/fr\/#\/schema\/logo\/image\/"},"sameAs":["https:\/\/www.linkedin.com\/company\/foveaip\/"]}]}},"_links":{"self":[{"href":"https:\/\/www.foveaip.com\/fr\/wp-json\/wp\/v2\/pages\/9573","targetHints":{"allow":["GET"]}}],"collection":[{"href":"https:\/\/www.foveaip.com\/fr\/wp-json\/wp\/v2\/pages"}],"about":[{"href":"https:\/\/www.foveaip.com\/fr\/wp-json\/wp\/v2\/types\/page"}],"author":[{"embeddable":true,"href":"https:\/\/www.foveaip.com\/fr\/wp-json\/wp\/v2\/users\/10"}],"replies":[{"embeddable":true,"href":"https:\/\/www.foveaip.com\/fr\/wp-json\/wp\/v2\/comments?post=9573"}],"version-history":[{"count":4,"href":"https:\/\/www.foveaip.com\/fr\/wp-json\/wp\/v2\/pages\/9573\/revisions"}],"predecessor-version":[{"id":10285,"href":"https:\/\/www.foveaip.com\/fr\/wp-json\/wp\/v2\/pages\/9573\/revisions\/10285"}],"up":[{"embeddable":true,"href":"https:\/\/www.foveaip.com\/fr\/wp-json\/wp\/v2\/pages\/9566"}],"wp:attachment":[{"href":"https:\/\/www.foveaip.com\/fr\/wp-json\/wp\/v2\/media?parent=9573"}],"curies":[{"name":"wp","href":"https:\/\/api.w.org\/{rel}","templated":true}]}}