{"id":9576,"date":"2024-10-21T09:39:27","date_gmt":"2024-10-21T07:39:27","guid":{"rendered":"https:\/\/www.foveaip.com\/?page_id=9576"},"modified":"2024-11-04T12:22:01","modified_gmt":"2024-11-04T10:22:01","slug":"lettre-dinformation","status":"publish","type":"page","link":"https:\/\/www.foveaip.com\/fr\/qui-sommes-nous\/lettre-dinformation\/","title":{"rendered":"Lettre d\u2019information"},"content":{"rendered":"<div class=\"wpb-content-wrapper\"><p>[vc_row full_width=\u00a0\u00bbstretch_row\u00a0\u00bb content_placement=\u00a0\u00bbmiddle\u00a0\u00bb row_height=\u00a0\u00bbrow_500px\u00a0\u00bb row_color=\u00a0\u00bbblue\u00a0\u00bb cat_circle=\u00a0\u00bbcta-circle-yes\u00a0\u00bb][vc_column]\r\n        <div class=\"sd-cta-circle\">\r\n            <div class=\"circle-inner color-blue\">\r\n        <div class=\"sd-block-title \">\r\n            <h1 class=\"sd-block-title-htag  font-huge color-white align-center margin-bottom-30px\">Lettre d\u2019information<\/h1>\r\n        <\/div>\r\n        <div class=\"sd-block-text margin-bottom-0px \r\n            size-large \r\n            color-white\r\n            \r\n            \r\n            \">\r\n            <p>Nouvelles de la PI \u00e0 l\u2019\u00e9chelle mondiale.<\/p>\n\r\n        <\/div>\r\n            <\/div>\r\n        <\/div>[\/vc_column][\/vc_row][vc_row][vc_column width=\u00a0\u00bb5\/12&Prime;]\r\n        <div class=\"sd-block-title \">\r\n            <h2 class=\"sd-block-title-htag  font-middle color-black align-left margin-bottom-30px\">Vos derni\u00e8res nouvelles<br \/>\nsur la Propri\u00e9t\u00e9 Intellectuelle.<\/h2>\r\n        <\/div>\r\n        <div class=\"sd-block-text margin-bottom-0px \r\n            size-regular \r\n            color-black\r\n            \r\n             mobile-margin-bottom-60px\r\n            \">\r\n            <p>Inscrivez-vous pour recevoir notre lettre d\u2019information. Nous renfor\u00e7ons vos connaissances et capacit\u00e9s en partageant des actualit\u00e9s pertinentes sur la PI, des rapports utiles, des webinaires, podcasts, am\u00e9liorations sur notre plateforme et sur les salons auxquels nous participons dans le monde entier.<\/p>\n\r\n        <\/div>[\/vc_column][vc_column width=\u00a0\u00bb1\/12&Prime;][\/vc_column][vc_column width=\u00a0\u00bb6\/12&Prime;][vc_raw_html]JTNDc2NyaXB0JTIwY2hhcnNldCUzRCUyMnV0Zi04JTIyJTIwdHlwZSUzRCUyMnRleHQlMkZqYXZhc2NyaXB0JTIyJTIwc3JjJTNEJTIyJTJGJTJGanMuaHNmb3Jtcy5uZXQlMkZmb3JtcyUyRmVtYmVkJTJGdjIuanMlMjIlM0UlM0MlMkZzY3JpcHQlM0UlMEElM0NzY3JpcHQlM0UlMEElMjAlMjBoYnNwdC5mb3Jtcy5jcmVhdGUlMjglN0IlMEElMjAlMjAlMjAlMjByZWdpb24lM0ElMjAlMjJuYTElMjIlMkMlMEElMjAlMjAlMjAlMjBwb3J0YWxJZCUzQSUyMCUyMjY5NTU1ODMlMjIlMkMlMEElMjAlMjAlMjAlMjBmb3JtSWQlM0ElMjAlMjJjM2MwNGVmMy0wYTkwLTRkZWYtOTBjYS0xMTBkNDM1ZTk0YTQlMjIlMEElMjAlMjAlN0QlMjklM0IlMEElM0MlMkZzY3JpcHQlM0UlMEE=[\/vc_raw_html][\/vc_column][\/vc_row]<\/p>\n<\/div>","protected":false},"excerpt":{"rendered":"<p>[vc_row full_width=\u00a0\u00bbstretch_row\u00a0\u00bb content_placement=\u00a0\u00bbmiddle\u00a0\u00bb row_height=\u00a0\u00bbrow_500px\u00a0\u00bb row_color=\u00a0\u00bbblue\u00a0\u00bb cat_circle=\u00a0\u00bbcta-circle-yes\u00a0\u00bb][vc_column][\/vc_column][\/vc_row][vc_row][vc_column width=\u00a0\u00bb5\/12&Prime;][\/vc_column][vc_column width=\u00a0\u00bb1\/12&Prime;][\/vc_column][vc_column width=\u00a0\u00bb6\/12&Prime;][vc_raw_html]JTNDc2NyaXB0JTIwY2hhcnNldCUzRCUyMnV0Zi04JTIyJTIwdHlwZSUzRCUyMnRleHQlMkZqYXZhc2NyaXB0JTIyJTIwc3JjJTNEJTIyJTJGJTJGanMuaHNmb3Jtcy5uZXQlMkZmb3JtcyUyRmVtYmVkJTJGdjIuanMlMjIlM0UlM0MlMkZzY3JpcHQlM0UlMEElM0NzY3JpcHQlM0UlMEElMjAlMjBoYnNwdC5mb3Jtcy5jcmVhdGUlMjglN0IlMEElMjAlMjAlMjAlMjByZWdpb24lM0ElMjAlMjJuYTElMjIlMkMlMEElMjAlMjAlMjAlMjBwb3J0YWxJZCUzQSUyMCUyMjY5NTU1ODMlMjIlMkMlMEElMjAlMjAlMjAlMjBmb3JtSWQlM0ElMjAlMjJjM2MwNGVmMy0wYTkwLTRkZWYtOTBjYS0xMTBkNDM1ZTk0YTQlMjIlMEElMjAlMjAlN0QlMjklM0IlMEElM0MlMkZzY3JpcHQlM0UlMEE=[\/vc_raw_html][\/vc_column][\/vc_row]<\/p>\n","protected":false},"author":10,"featured_media":0,"parent":9566,"menu_order":10,"comment_status":"closed","ping_status":"closed","template":"","meta":{"_acf_changed":false,"content-type":"","footnotes":""},"class_list":["post-9576","page","type-page","status-publish","hentry"],"acf":[],"yoast_head":"<!-- This site is optimized with the Yoast SEO plugin v26.8 - https:\/\/yoast.com\/product\/yoast-seo-wordpress\/ -->\n<title>Lettre d\u2019information | Fovea IP<\/title>\n<meta name=\"description\" content=\"Vos derni\u00e8res nouvelles sur la Propi\u00e9t\u00e9 Intellectuelle.\" \/>\n<meta name=\"robots\" content=\"index, follow, max-snippet:-1, max-image-preview:large, max-video-preview:-1\" \/>\n<link rel=\"canonical\" href=\"https:\/\/www.foveaip.com\/fr\/qui-sommes-nous\/lettre-dinformation\/\" \/>\n<meta property=\"og:locale\" content=\"fr_FR\" \/>\n<meta property=\"og:type\" content=\"article\" \/>\n<meta property=\"og:title\" content=\"Lettre d\u2019information | Fovea IP\" \/>\n<meta property=\"og:description\" content=\"Vos derni\u00e8res nouvelles sur la Propi\u00e9t\u00e9 Intellectuelle.\" \/>\n<meta property=\"og:url\" content=\"https:\/\/www.foveaip.com\/fr\/qui-sommes-nous\/lettre-dinformation\/\" \/>\n<meta property=\"og:site_name\" content=\"Fovea IP\" \/>\n<meta property=\"article:modified_time\" content=\"2024-11-04T10:22:01+00:00\" \/>\n<meta property=\"og:image\" content=\"https:\/\/www.foveaip.com\/wp-content\/uploads\/2024\/03\/foveaip-social-share-afbeelding-voor-yoast.jpg\" \/>\n\t<meta property=\"og:image:width\" content=\"1200\" \/>\n\t<meta property=\"og:image:height\" content=\"630\" \/>\n\t<meta property=\"og:image:type\" content=\"image\/jpeg\" \/>\n<meta name=\"twitter:card\" content=\"summary_large_image\" \/>\n<meta name=\"twitter:label1\" content=\"Dur\u00e9e de lecture estim\u00e9e\" \/>\n\t<meta name=\"twitter:data1\" content=\"1 minute\" \/>\n<script type=\"application\/ld+json\" class=\"yoast-schema-graph\">{\"@context\":\"https:\/\/schema.org\",\"@graph\":[{\"@type\":\"WebPage\",\"@id\":\"https:\/\/www.foveaip.com\/fr\/qui-sommes-nous\/lettre-dinformation\/\",\"url\":\"https:\/\/www.foveaip.com\/fr\/qui-sommes-nous\/lettre-dinformation\/\",\"name\":\"Lettre d\u2019information | Fovea IP\",\"isPartOf\":{\"@id\":\"https:\/\/www.foveaip.com\/fr\/#website\"},\"datePublished\":\"2024-10-21T07:39:27+00:00\",\"dateModified\":\"2024-11-04T10:22:01+00:00\",\"description\":\"Vos derni\u00e8res nouvelles sur la Propi\u00e9t\u00e9 Intellectuelle.\",\"breadcrumb\":{\"@id\":\"https:\/\/www.foveaip.com\/fr\/qui-sommes-nous\/lettre-dinformation\/#breadcrumb\"},\"inLanguage\":\"fr-FR\",\"potentialAction\":[{\"@type\":\"ReadAction\",\"target\":[\"https:\/\/www.foveaip.com\/fr\/qui-sommes-nous\/lettre-dinformation\/\"]}]},{\"@type\":\"BreadcrumbList\",\"@id\":\"https:\/\/www.foveaip.com\/fr\/qui-sommes-nous\/lettre-dinformation\/#breadcrumb\",\"itemListElement\":[{\"@type\":\"ListItem\",\"position\":1,\"name\":\"Home\",\"item\":\"https:\/\/www.foveaip.com\/fr\/\"},{\"@type\":\"ListItem\",\"position\":2,\"name\":\"Qui sommes-nous ?\",\"item\":\"https:\/\/www.foveaip.com\/fr\/qui-sommes-nous\/\"},{\"@type\":\"ListItem\",\"position\":3,\"name\":\"Lettre d\u2019information\"}]},{\"@type\":\"WebSite\",\"@id\":\"https:\/\/www.foveaip.com\/fr\/#website\",\"url\":\"https:\/\/www.foveaip.com\/fr\/\",\"name\":\"Fovea IP\",\"description\":\"The sharpest Eye on IP\",\"publisher\":{\"@id\":\"https:\/\/www.foveaip.com\/fr\/#organization\"},\"inLanguage\":\"fr-FR\"},{\"@type\":\"Organization\",\"@id\":\"https:\/\/www.foveaip.com\/fr\/#organization\",\"name\":\"Fovea IP\",\"url\":\"https:\/\/www.foveaip.com\/fr\/\",\"logo\":{\"@type\":\"ImageObject\",\"inLanguage\":\"fr-FR\",\"@id\":\"https:\/\/www.foveaip.com\/fr\/#\/schema\/logo\/image\/\",\"url\":\"https:\/\/www.foveaip.com\/wp-content\/uploads\/2024\/03\/foveaip-social-share-afbeelding-voor-yoast.jpg\",\"contentUrl\":\"https:\/\/www.foveaip.com\/wp-content\/uploads\/2024\/03\/foveaip-social-share-afbeelding-voor-yoast.jpg\",\"width\":1200,\"height\":630,\"caption\":\"Fovea IP\"},\"image\":{\"@id\":\"https:\/\/www.foveaip.com\/fr\/#\/schema\/logo\/image\/\"},\"sameAs\":[\"https:\/\/www.linkedin.com\/company\/foveaip\/\"]}]}<\/script>\n<!-- \/ Yoast SEO plugin. -->","yoast_head_json":{"title":"Lettre d\u2019information | Fovea IP","description":"Vos derni\u00e8res nouvelles sur la Propi\u00e9t\u00e9 Intellectuelle.","robots":{"index":"index","follow":"follow","max-snippet":"max-snippet:-1","max-image-preview":"max-image-preview:large","max-video-preview":"max-video-preview:-1"},"canonical":"https:\/\/www.foveaip.com\/fr\/qui-sommes-nous\/lettre-dinformation\/","og_locale":"fr_FR","og_type":"article","og_title":"Lettre d\u2019information | Fovea IP","og_description":"Vos derni\u00e8res nouvelles sur la Propi\u00e9t\u00e9 Intellectuelle.","og_url":"https:\/\/www.foveaip.com\/fr\/qui-sommes-nous\/lettre-dinformation\/","og_site_name":"Fovea IP","article_modified_time":"2024-11-04T10:22:01+00:00","og_image":[{"width":1200,"height":630,"url":"https:\/\/www.foveaip.com\/wp-content\/uploads\/2024\/03\/foveaip-social-share-afbeelding-voor-yoast.jpg","type":"image\/jpeg"}],"twitter_card":"summary_large_image","twitter_misc":{"Dur\u00e9e de lecture estim\u00e9e":"1 minute"},"schema":{"@context":"https:\/\/schema.org","@graph":[{"@type":"WebPage","@id":"https:\/\/www.foveaip.com\/fr\/qui-sommes-nous\/lettre-dinformation\/","url":"https:\/\/www.foveaip.com\/fr\/qui-sommes-nous\/lettre-dinformation\/","name":"Lettre d\u2019information | Fovea IP","isPartOf":{"@id":"https:\/\/www.foveaip.com\/fr\/#website"},"datePublished":"2024-10-21T07:39:27+00:00","dateModified":"2024-11-04T10:22:01+00:00","description":"Vos derni\u00e8res nouvelles sur la Propi\u00e9t\u00e9 Intellectuelle.","breadcrumb":{"@id":"https:\/\/www.foveaip.com\/fr\/qui-sommes-nous\/lettre-dinformation\/#breadcrumb"},"inLanguage":"fr-FR","potentialAction":[{"@type":"ReadAction","target":["https:\/\/www.foveaip.com\/fr\/qui-sommes-nous\/lettre-dinformation\/"]}]},{"@type":"BreadcrumbList","@id":"https:\/\/www.foveaip.com\/fr\/qui-sommes-nous\/lettre-dinformation\/#breadcrumb","itemListElement":[{"@type":"ListItem","position":1,"name":"Home","item":"https:\/\/www.foveaip.com\/fr\/"},{"@type":"ListItem","position":2,"name":"Qui sommes-nous ?","item":"https:\/\/www.foveaip.com\/fr\/qui-sommes-nous\/"},{"@type":"ListItem","position":3,"name":"Lettre d\u2019information"}]},{"@type":"WebSite","@id":"https:\/\/www.foveaip.com\/fr\/#website","url":"https:\/\/www.foveaip.com\/fr\/","name":"Fovea IP","description":"The sharpest Eye on IP","publisher":{"@id":"https:\/\/www.foveaip.com\/fr\/#organization"},"inLanguage":"fr-FR"},{"@type":"Organization","@id":"https:\/\/www.foveaip.com\/fr\/#organization","name":"Fovea IP","url":"https:\/\/www.foveaip.com\/fr\/","logo":{"@type":"ImageObject","inLanguage":"fr-FR","@id":"https:\/\/www.foveaip.com\/fr\/#\/schema\/logo\/image\/","url":"https:\/\/www.foveaip.com\/wp-content\/uploads\/2024\/03\/foveaip-social-share-afbeelding-voor-yoast.jpg","contentUrl":"https:\/\/www.foveaip.com\/wp-content\/uploads\/2024\/03\/foveaip-social-share-afbeelding-voor-yoast.jpg","width":1200,"height":630,"caption":"Fovea IP"},"image":{"@id":"https:\/\/www.foveaip.com\/fr\/#\/schema\/logo\/image\/"},"sameAs":["https:\/\/www.linkedin.com\/company\/foveaip\/"]}]}},"_links":{"self":[{"href":"https:\/\/www.foveaip.com\/fr\/wp-json\/wp\/v2\/pages\/9576","targetHints":{"allow":["GET"]}}],"collection":[{"href":"https:\/\/www.foveaip.com\/fr\/wp-json\/wp\/v2\/pages"}],"about":[{"href":"https:\/\/www.foveaip.com\/fr\/wp-json\/wp\/v2\/types\/page"}],"author":[{"embeddable":true,"href":"https:\/\/www.foveaip.com\/fr\/wp-json\/wp\/v2\/users\/10"}],"replies":[{"embeddable":true,"href":"https:\/\/www.foveaip.com\/fr\/wp-json\/wp\/v2\/comments?post=9576"}],"version-history":[{"count":8,"href":"https:\/\/www.foveaip.com\/fr\/wp-json\/wp\/v2\/pages\/9576\/revisions"}],"predecessor-version":[{"id":10325,"href":"https:\/\/www.foveaip.com\/fr\/wp-json\/wp\/v2\/pages\/9576\/revisions\/10325"}],"up":[{"embeddable":true,"href":"https:\/\/www.foveaip.com\/fr\/wp-json\/wp\/v2\/pages\/9566"}],"wp:attachment":[{"href":"https:\/\/www.foveaip.com\/fr\/wp-json\/wp\/v2\/media?parent=9576"}],"curies":[{"name":"wp","href":"https:\/\/api.w.org\/{rel}","templated":true}]}}