{"id":9030,"date":"2024-10-08T16:29:50","date_gmt":"2024-10-08T14:29:50","guid":{"rendered":"https:\/\/www.foveaip.com\/?page_id=9030"},"modified":"2024-11-08T13:09:48","modified_gmt":"2024-11-08T11:09:48","slug":"pharmaceuticals","status":"publish","type":"page","link":"https:\/\/www.foveaip.com\/it\/strumento-di-ricerca-online\/pharmaceuticals\/","title":{"rendered":"Pharmaceuticals"},"content":{"rendered":"<div class=\"wpb-content-wrapper\"><p>[vc_row full_width=&#8221;stretch_row&#8221; content_placement=&#8221;middle&#8221; row_height=&#8221;row_500px&#8221; row_color=&#8221;light-green&#8221; cat_circle=&#8221;cta-circle-yes&#8221; css=&#8221;.vc_custom_1713603710416{background-image: url(https:\/\/www.foveaip.com\/wp-content\/uploads\/2024\/03\/FoveaIP_corporate-1920&#215;500-2.jpg?id=3838) !important;background-position: center !important;background-repeat: no-repeat !important;background-size: cover !important;}&#8221;][vc_column]\r\n        <div class=\"sd-cta-circle\">\r\n            <div class=\"circle-inner color-green\">\r\n        <div class=\"sd-block-title \">\r\n            <h1 class=\"sd-block-title-htag  font-huge color-white align-center margin-bottom-30px\">Strumento per<br \/>\nla ricerca online<br \/>\ndel settore<br \/>\nfarmaceutico<\/h1>\r\n        <\/div>\r\n        <div class=\"sd-block-text margin-bottom-0px \r\n            size-large \r\n            color-white\r\n            \r\n            \r\n            \">\r\n            <p>Quintuplica la velocit\u00e0 di ricerca e risparmia fino al 60%<\/p>\n\r\n        <\/div>\r\n            <\/div>\r\n        <\/div>[\/vc_column][\/vc_row][vc_row][vc_column width=&#8221;7\/12&#8243;]\r\n        <div class=\"sd-block-title \">\r\n            <h2 class=\"sd-block-title-htag  font-middle color-black align-left margin-bottom-30px\">Fovea IP \u00e8 l\u2019unica azienda al mondo a offrire accesso a una libreria di portata globale contenente tutte le informazioni relative all\u2019IP, compresi dati sul settore farmaceutico, creata aggregando le diverse fonti disponibili.<\/h2>\r\n        <\/div>\r\n        <div class=\"sd-block-text margin-bottom-30px \r\n            size-large \r\n            color-black\r\n            \r\n            \r\n            \">\r\n            <p>L\u2019utente pu\u00f2 effettuare ricerche sul settore farmaceutico potendo usufruire della stessa esperienza offerta per altri dati sull\u2019IP e delle stesse eccellenti prestazioni. \u00c8 possibile accedere alla libreria di dati tramite la stessa intuitiva interfaccia disponibile per marchi depositati, brevetti, nomi a dominio e disegni. Fovea IP \u00e8 l\u2019unica azienda al mondo che permette di consultare tutti i dati relativi all\u2019IP utilizzando un\u2019unica piattaforma e una sola interfaccia, aggregando le diverse fonti disponibili. Le ricerche comprendono <strong>POCA<\/strong> e <strong>STEM<\/strong>.<\/p>\n\r\n        <\/div>\r\n        <div class=\"sd-block-text margin-bottom-60px \r\n            size-large \r\n            color-black\r\n            \r\n            \r\n            \">\r\n            <p><strong>\u00c8 possibile selezionare i diversi moduli per cercare, analizzare e presentare informazioni sui nomi farmaceutici in modo efficiente e professionale, fino a cinque volte pi\u00f9 velocemente e risparmiando fino al 60%.<\/strong><\/p>\n\r\n        <\/div>\r\n        <div class=\"sd-block-title \">\r\n            <h3 class=\"sd-block-title-htag  font-middle color-black align-left margin-bottom-30px\">5 semplici azioni per risultati garantiti<\/h3>\r\n        <\/div>\r\n        <div class=\"sd-block-text margin-bottom-60px \r\n            size-regular \r\n            color-black\r\n            \r\n            \r\n            \">\r\n            <ol>\n<li>Seleziona l\u2019area geografica<\/li>\n<li>Personalizza la query di ricerca utilizzando i 40 filtri disponibili<\/li>\n<li>Analizza le informazioni<\/li>\n<li>Ordina i dati e seleziona il formato con cui presentarli ai clienti<\/li>\n<li>Seleziona i grafici e i testi per ultimare il report personalizzato<\/li>\n<\/ol>\n\r\n        <\/div>\r\n        <div class=\"sd-block-title \">\r\n            <h3 class=\"sd-block-title-htag  font-middle color-black align-left margin-bottom-30px\">Moduli di ricerca<\/h3>\r\n        <\/div>\r\n        <div class=\"sd-block-text margin-bottom-60px \r\n            size-regular \r\n            color-black\r\n            \r\n            \r\n            \">\r\n            <p>Per creare query di ricerca pertinenti alle singole necessit\u00e0<\/p>\n\r\n        <\/div>\r\n        <div class=\"sd-block-accordion margin-bottom-30px background-light-blue\">\r\n            <div class=\"accordion-inner \">\r\n                <div class=\"accordion-title\">\r\n                    \r\n        <div class=\"sd-block-title \">\r\n            <h3 class=\"sd-block-title-htag  font-tiny color-black align-left margin-bottom-30px\">Ricerca multicriterio<\/h3>\r\n        <\/div>\r\n                    <svg xmlns=\"http:\/\/www.w3.org\/2000\/svg\" viewBox=\"0 0 14 14\"><path fill=\"currentColor\" d=\"M6,8H0V6h6V0h2v6h6v2H8v6H6V8z\"\/><\/svg>\r\n                <\/div>\r\n                <div class=\"accordion-content\">\r\n                    <p>La maggior parte delle ricerche effettuate dai professionisti del settore \u00e8 altamente specifica e strettamente collegata alla situazione. In questi casi, la ricerca multicriterio \u00e8 lo strumento perfetto. I professionisti avranno a propria disposizione pi\u00f9 di 40 criteri diversi di ricerca con operatori logici e caratteri jolly per affinare i risultati.<\/p>\n\r\n                <\/div>\r\n            <\/div>\r\n        <\/div>\r\n        <div class=\"sd-block-title \">\r\n            <h3 class=\"sd-block-title-htag  font-middle color-black align-left margin-bottom-30px\">Servizi aggiuntivi compresi nel pacchetto<\/h3>\r\n        <\/div>\r\n        <div class=\"sd-block-accordion margin-bottom-30px background-light-blue\">\r\n            <div class=\"accordion-inner \">\r\n                <div class=\"accordion-title\">\r\n                    \r\n        <div class=\"sd-block-title \">\r\n            <h3 class=\"sd-block-title-htag  font-tiny color-black align-left margin-bottom-30px\">Strumenti per l\u2019analisi dei dati<\/h3>\r\n        <\/div>\r\n                    <svg xmlns=\"http:\/\/www.w3.org\/2000\/svg\" viewBox=\"0 0 14 14\"><path fill=\"currentColor\" d=\"M6,8H0V6h6V0h2v6h6v2H8v6H6V8z\"\/><\/svg>\r\n                <\/div>\r\n                <div class=\"accordion-content\">\r\n                    <ul>\n<li>Il completo e innovativo pacchetto di strumenti messo a disposizione da Fovea IP permette di analizzare dati e informazioni in maniera efficace grazie a un\u2019ampia gamma di intuitivi filtri e funzioni (classificazione, messa in evidenza, ecc&#8230;).<\/li>\n<li>Le diverse opzioni di visualizzazione permettono di mostrare i dati nella maniera pi\u00f9 pertinente (vista dettagliata, lista, galleria, prodotto, infografica, mappa, ecc&#8230;).<\/li>\n<\/ul>\n\r\n                <\/div>\r\n            <\/div>\r\n        <\/div>\r\n        <div class=\"sd-block-accordion margin-bottom-30px background-light-blue\">\r\n            <div class=\"accordion-inner \">\r\n                <div class=\"accordion-title\">\r\n                    \r\n        <div class=\"sd-block-title \">\r\n            <h3 class=\"sd-block-title-htag  font-tiny color-black align-left margin-bottom-30px\">Report personalizzati<\/h3>\r\n        <\/div>\r\n                    <svg xmlns=\"http:\/\/www.w3.org\/2000\/svg\" viewBox=\"0 0 14 14\"><path fill=\"currentColor\" d=\"M6,8H0V6h6V0h2v6h6v2H8v6H6V8z\"\/><\/svg>\r\n                <\/div>\r\n                <div class=\"accordion-content\">\r\n                    <ul>\n<li style=\"text-align: left;\">I risultati delle ricerche possono essere facilmente riassunti utilizzando report altamente personalizzabili, con diverse opzioni di presentazione dei contenuti (stile, ecc\u2026).<\/li>\n<li style=\"text-align: left;\">I modelli preimpostati possono essere poi personalizzati, esportati e condivisi in formato .doc e .xls.<\/li>\n<\/ul>\n\r\n                <\/div>\r\n            <\/div>\r\n        <\/div>\r\n        <div class=\"sd-block-accordion margin-bottom-30px background-light-blue\">\r\n            <div class=\"accordion-inner \">\r\n                <div class=\"accordion-title\">\r\n                    \r\n        <div class=\"sd-block-title \">\r\n            <h3 class=\"sd-block-title-htag  font-tiny color-black align-left margin-bottom-30px\">Assistenza clienti leader del settore compresa nel prezzo<\/h3>\r\n        <\/div>\r\n                    <svg xmlns=\"http:\/\/www.w3.org\/2000\/svg\" viewBox=\"0 0 14 14\"><path fill=\"currentColor\" d=\"M6,8H0V6h6V0h2v6h6v2H8v6H6V8z\"\/><\/svg>\r\n                <\/div>\r\n                <div class=\"accordion-content\">\r\n                    <p>L\u2019offerta di Fovea IP \u00e8 completata dal servizio di assistenza clienti pi\u00f9 reattivo dell\u2019America del Nord, dell\u2019Asia pacifica e d\u2019Europa.<\/p>\n<p>Il team di esperti professionisti del settore, pronto a rispondere a qualsiasi richiesta relativa a preventivi, informazioni generali e assistenza tecnica, \u00e8 raggiungibile via email (<a href=\"mailto:info@foveaip.com\">info@foveaip.com<\/a>) o telefono (+32 2 4253537) da luned\u00ec a venerd\u00ec durante l\u2019orario di ufficio.<\/p>\n\r\n                <\/div>\r\n            <\/div>\r\n        <\/div>\r\n        <div class=\"sd-block-accordion margin-bottom-30px background-light-blue\">\r\n            <div class=\"accordion-inner \">\r\n                <div class=\"accordion-title\">\r\n                    \r\n        <div class=\"sd-block-title \">\r\n            <h3 class=\"sd-block-title-htag  font-tiny color-black align-left margin-bottom-30px\">Formazione online gratuita<\/h3>\r\n        <\/div>\r\n                    <svg xmlns=\"http:\/\/www.w3.org\/2000\/svg\" viewBox=\"0 0 14 14\"><path fill=\"currentColor\" d=\"M6,8H0V6h6V0h2v6h6v2H8v6H6V8z\"\/><\/svg>\r\n                <\/div>\r\n                <div class=\"accordion-content\">\r\n                    <p>Gli strumenti di Fovea IP sono intuitivi e facili da utilizzare. L\u2019azienda organizza con frequenza opportunit\u00e0 gratuite di formazione, come webinar o sessioni private.<\/p>\n\r\n                <\/div>\r\n            <\/div>\r\n        <\/div>\r\n        <div class=\"sd-block-accordion margin-bottom-0px background-light-blue mobile-margin-bottom-60px\">\r\n            <div class=\"accordion-inner \">\r\n                <div class=\"accordion-title\">\r\n                    \r\n        <div class=\"sd-block-title \">\r\n            <h3 class=\"sd-block-title-htag  font-tiny color-black align-left margin-bottom-30px\">La piattaforma online \u00e8 disponibile in 10 lingue<\/h3>\r\n        <\/div>\r\n                    <svg xmlns=\"http:\/\/www.w3.org\/2000\/svg\" viewBox=\"0 0 14 14\"><path fill=\"currentColor\" d=\"M6,8H0V6h6V0h2v6h6v2H8v6H6V8z\"\/><\/svg>\r\n                <\/div>\r\n                <div class=\"accordion-content\">\r\n                    <ol>\n<li>Inglese (UK)<\/li>\n<li>Inglese (US)<\/li>\n<li>Francese<\/li>\n<li>Tedesco<\/li>\n<li>Olandese<\/li>\n<li>Italiano<\/li>\n<li>Spagnolo<\/li>\n<li>Portoghese<\/li>\n<li>Cinese<\/li>\n<li style=\"text-align: left;\">Giapponese<\/li>\n<\/ol>\n\r\n                <\/div>\r\n            <\/div>\r\n        <\/div>[\/vc_column][vc_column width=&#8221;1\/12&#8243;][\/vc_column][vc_column width=&#8221;4\/12&#8243;]\r\n        <div class=\"sd-cta-text \r\n            margin-bottom-0px \r\n            cta-text. \r\n            bg-green sticky\"\r\n             data-sticky=\"contact\">\r\n                <a href=\"https:\/\/www.foveaip.com\/it\/contatta-gli-esperti-di-fovea-ip-o-lufficio-commerciale-dellazienda\/\">\r\n                <p>Domande? Il team di Fovea IP \u00e8 a completa disposizione!<\/p>\r\n        <div class=\"sd-block-button  margin-bottom-0px no-background size-regular text-color-white align-left\">\r\n                <span class=\"inner-button\"\r\n                href=\"\" title=\"Contattaci\">Contattaci<svg xmlns=\"http:\/\/www.w3.org\/2000\/svg\" viewBox=\"0 0 16 16\"><path fill=\"currentColor\" d=\"M12.2,9H0V7h12.2L6.6,1.4L8,0l8,8l-8,8l-1.4-1.4L12.2,9z\"\/><\/svg><\/span>\r\n        <\/div>\r\n                <\/a>\r\n        <\/div>[\/vc_column][\/vc_row][vc_row full_width=&#8221;stretch_row&#8221; row_color=&#8221;light-blue&#8221;][vc_column width=&#8221;7\/12&#8243;]\r\n        <div class=\"sd-block-title \">\r\n            <h3 class=\"sd-block-title-htag  font-middle color-black align-left margin-bottom-30px\">La libreria di informazioni su scala globale pi\u00f9 completa al mondo<\/h3>\r\n        <\/div>\r\n        <div class=\"sd-block-text margin-bottom-60px \r\n            size-regular \r\n            color-black\r\n            \r\n            \r\n            \">\r\n            <p>La libreria di Fovea IP include il database \u201cPharma in use\u201d compilato e reso disponibile da IQVIA World Publications Limited, che lo aggiorna due volte all\u2019anno. Quando la ricerca copre la classe 5, le DCI vengono cercate automaticamente.<\/p>\n<p>Consulta subito <a href=\"https:\/\/www.foveaip.com\/it\/libreria-di-dati-sullip-di-portata-globale\/\">la lista aggiornata di registri<\/a> e Paesi che comprende 87 database farmaceutici.<\/p>\n\r\n        <\/div>\r\n        <div class=\"sd-block-title \">\r\n            <h3 class=\"sd-block-title-htag  font-middle color-black align-left margin-bottom-30px\">Prezzi<\/h3>\r\n        <\/div>\r\n        <div class=\"sd-block-text margin-bottom-0px \r\n            size-regular \r\n            color-black\r\n            \r\n             mobile-margin-bottom-0px\r\n            \">\r\n            <p>Fovea IP offre accesso illimitato alla propria suite di strumenti a fronte di una tariffa fissa. I servizi di alta qualit\u00e0 per la ricerca e il monitoraggio di informazioni sull\u2019IP all\u2019interno di una libreria di portata globale sono disponibili a prezzi estremamente concorrenziali. Per maggiori informazioni, <a href=\"https:\/\/www.foveaip.com\/it\/scarica\/listino-prezzi\/\">consulta il listino prezzi disponibile<\/a>.<\/p>\n\r\n        <\/div>[\/vc_column][vc_column width=&#8221;1\/12&#8243;][\/vc_column][vc_column width=&#8221;4\/12&#8243;][\/vc_column][\/vc_row][vc_row full_width=&#8221;stretch_row&#8221; el_id=&#8221;contact&#8221;][vc_column width=&#8221;1\/2&#8243;]\r\n        <div class=\"sd-block-title \">\r\n            <h2 class=\"sd-block-title-htag  font-large color-black align-left margin-bottom-30px\">Una piattaforma, tutte le informazioni di cui hai bisogno. Provare per credere!<\/h2>\r\n        <\/div>\r\n        <div class=\"sd-block-text margin-bottom-30px \r\n            size-regular \r\n            color-black\r\n            \r\n            \r\n            \">\r\n            <p>Richiedi la settimana di prova gratuita.<\/p>\n\r\n        <\/div>\r\n        <div class=\"sd-block-button  margin-bottom-0px background size-regular background-color-yellow align-inline mobile-margin-bottom-0px\">\r\n                <a class=\"inner-button\"\r\n                href=\"https:\/\/www.foveaip.com\/it\/scarica\/prova-gratuita\/\" title=\"Prova gratuita\">Prova gratuita<svg xmlns=\"http:\/\/www.w3.org\/2000\/svg\" viewBox=\"0 0 16 16\"><path fill=\"currentColor\" d=\"M12.2,9H0V7h12.2L6.6,1.4L8,0l8,8l-8,8l-1.4-1.4L12.2,9z\"\/><\/svg><\/a>\r\n        <\/div>\r\n        <div class=\"sd-block-button  margin-bottom-0px background size-regular background-color-black-outline align-inline mobile-margin-bottom-0px\">\r\n                <a class=\"inner-button\"\r\n                href=\"https:\/\/www.foveaip.com\/it\/contatta-gli-esperti-di-fovea-ip-o-lufficio-commerciale-dellazienda\/\" title=\"Contattaci\">Contattaci<svg xmlns=\"http:\/\/www.w3.org\/2000\/svg\" viewBox=\"0 0 16 16\"><path fill=\"currentColor\" d=\"M12.2,9H0V7h12.2L6.6,1.4L8,0l8,8l-8,8l-1.4-1.4L12.2,9z\"\/><\/svg><\/a>\r\n        <\/div>[\/vc_column][vc_column width=&#8221;1\/2&#8243;][\/vc_column][\/vc_row]<\/p>\n<\/div>","protected":false},"excerpt":{"rendered":"<p>[vc_row full_width=&#8221;stretch_row&#8221; content_placement=&#8221;middle&#8221; row_height=&#8221;row_500px&#8221; row_color=&#8221;light-green&#8221; cat_circle=&#8221;cta-circle-yes&#8221; css=&#8221;.vc_custom_1713603710416{background-image: url(https:\/\/www.foveaip.com\/wp-content\/uploads\/2024\/03\/FoveaIP_corporate-1920&#215;500-2.jpg?id=3838) !important;background-position: center !important;background-repeat: no-repeat !important;background-size: cover !important;}&#8221;][vc_column][\/vc_column][\/vc_row][vc_row][vc_column width=&#8221;7\/12&#8243;][\/vc_column][vc_column width=&#8221;1\/12&#8243;][\/vc_column][vc_column width=&#8221;4\/12&#8243;][\/vc_column][\/vc_row][vc_row full_width=&#8221;stretch_row&#8221; row_color=&#8221;light-blue&#8221;][vc_column width=&#8221;7\/12&#8243;][\/vc_column][vc_column width=&#8221;1\/12&#8243;][\/vc_column][vc_column width=&#8221;4\/12&#8243;][\/vc_column][\/vc_row][vc_row full_width=&#8221;stretch_row&#8221; el_id=&#8221;contact&#8221;][vc_column width=&#8221;1\/2&#8243;][\/vc_column][vc_column width=&#8221;1\/2&#8243;][\/vc_column][\/vc_row]<\/p>\n","protected":false},"author":10,"featured_media":0,"parent":9004,"menu_order":3,"comment_status":"closed","ping_status":"closed","template":"","meta":{"_acf_changed":false,"content-type":"","footnotes":""},"class_list":["post-9030","page","type-page","status-publish","hentry"],"acf":[],"yoast_head":"<!-- This site is optimized with the Yoast SEO plugin v26.8 - https:\/\/yoast.com\/product\/yoast-seo-wordpress\/ -->\n<title>Pharmaceuticals | Fovea IP<\/title>\n<meta name=\"robots\" content=\"index, follow, max-snippet:-1, max-image-preview:large, max-video-preview:-1\" \/>\n<link rel=\"canonical\" href=\"https:\/\/www.foveaip.com\/it\/strumento-di-ricerca-online\/pharmaceuticals\/\" \/>\n<meta property=\"og:locale\" content=\"it_IT\" \/>\n<meta property=\"og:type\" content=\"article\" \/>\n<meta property=\"og:title\" content=\"Pharmaceuticals | Fovea IP\" \/>\n<meta property=\"og:description\" content=\"[vc_row full_width=&#8221;stretch_row&#8221; content_placement=&#8221;middle&#8221; row_height=&#8221;row_500px&#8221; row_color=&#8221;light-green&#8221; cat_circle=&#8221;cta-circle-yes&#8221; css=&#8221;.vc_custom_1713603710416{background-image: url(https:\/\/www.foveaip.com\/wp-content\/uploads\/2024\/03\/FoveaIP_corporate-1920&#215;500-2.jpg?id=3838) !important;background-position: center !important;background-repeat: no-repeat !important;background-size: cover !important;}&#8221;][vc_column][\/vc_column][\/vc_row][vc_row][vc_column width=&#8221;7\/12&#8243;][\/vc_column][vc_column width=&#8221;1\/12&#8243;][\/vc_column][vc_column width=&#8221;4\/12&#8243;][\/vc_column][\/vc_row][vc_row full_width=&#8221;stretch_row&#8221; row_color=&#8221;light-blue&#8221;][vc_column width=&#8221;7\/12&#8243;][\/vc_column][vc_column width=&#8221;1\/12&#8243;][\/vc_column][vc_column width=&#8221;4\/12&#8243;][\/vc_column][\/vc_row][vc_row full_width=&#8221;stretch_row&#8221; el_id=&#8221;contact&#8221;][vc_column width=&#8221;1\/2&#8243;][\/vc_column][vc_column width=&#8221;1\/2&#8243;][\/vc_column][\/vc_row]\" \/>\n<meta property=\"og:url\" content=\"https:\/\/www.foveaip.com\/it\/strumento-di-ricerca-online\/pharmaceuticals\/\" \/>\n<meta property=\"og:site_name\" content=\"Fovea IP\" \/>\n<meta property=\"article:modified_time\" content=\"2024-11-08T11:09:48+00:00\" \/>\n<meta property=\"og:image\" content=\"https:\/\/www.foveaip.com\/wp-content\/uploads\/2024\/03\/foveaip-social-share-afbeelding-voor-yoast.jpg\" \/>\n\t<meta property=\"og:image:width\" content=\"1200\" \/>\n\t<meta property=\"og:image:height\" content=\"630\" \/>\n\t<meta property=\"og:image:type\" content=\"image\/jpeg\" \/>\n<meta name=\"twitter:card\" content=\"summary_large_image\" \/>\n<meta name=\"twitter:label1\" content=\"Tempo di lettura stimato\" \/>\n\t<meta name=\"twitter:data1\" content=\"4 minuti\" \/>\n<script type=\"application\/ld+json\" class=\"yoast-schema-graph\">{\"@context\":\"https:\/\/schema.org\",\"@graph\":[{\"@type\":\"WebPage\",\"@id\":\"https:\/\/www.foveaip.com\/it\/strumento-di-ricerca-online\/pharmaceuticals\/\",\"url\":\"https:\/\/www.foveaip.com\/it\/strumento-di-ricerca-online\/pharmaceuticals\/\",\"name\":\"Pharmaceuticals | Fovea IP\",\"isPartOf\":{\"@id\":\"https:\/\/www.foveaip.com\/it\/#website\"},\"datePublished\":\"2024-10-08T14:29:50+00:00\",\"dateModified\":\"2024-11-08T11:09:48+00:00\",\"breadcrumb\":{\"@id\":\"https:\/\/www.foveaip.com\/it\/strumento-di-ricerca-online\/pharmaceuticals\/#breadcrumb\"},\"inLanguage\":\"it-IT\",\"potentialAction\":[{\"@type\":\"ReadAction\",\"target\":[\"https:\/\/www.foveaip.com\/it\/strumento-di-ricerca-online\/pharmaceuticals\/\"]}]},{\"@type\":\"BreadcrumbList\",\"@id\":\"https:\/\/www.foveaip.com\/it\/strumento-di-ricerca-online\/pharmaceuticals\/#breadcrumb\",\"itemListElement\":[{\"@type\":\"ListItem\",\"position\":1,\"name\":\"Home\",\"item\":\"https:\/\/www.foveaip.com\/it\/\"},{\"@type\":\"ListItem\",\"position\":2,\"name\":\"Strumento di ricerca online\",\"item\":\"https:\/\/www.foveaip.com\/it\/strumento-di-ricerca-online\/\"},{\"@type\":\"ListItem\",\"position\":3,\"name\":\"Pharmaceuticals\"}]},{\"@type\":\"WebSite\",\"@id\":\"https:\/\/www.foveaip.com\/it\/#website\",\"url\":\"https:\/\/www.foveaip.com\/it\/\",\"name\":\"Fovea IP\",\"description\":\"The sharpest Eye on IP\",\"publisher\":{\"@id\":\"https:\/\/www.foveaip.com\/it\/#organization\"},\"inLanguage\":\"it-IT\"},{\"@type\":\"Organization\",\"@id\":\"https:\/\/www.foveaip.com\/it\/#organization\",\"name\":\"Fovea IP\",\"url\":\"https:\/\/www.foveaip.com\/it\/\",\"logo\":{\"@type\":\"ImageObject\",\"inLanguage\":\"it-IT\",\"@id\":\"https:\/\/www.foveaip.com\/it\/#\/schema\/logo\/image\/\",\"url\":\"https:\/\/www.foveaip.com\/wp-content\/uploads\/2024\/03\/foveaip-social-share-afbeelding-voor-yoast.jpg\",\"contentUrl\":\"https:\/\/www.foveaip.com\/wp-content\/uploads\/2024\/03\/foveaip-social-share-afbeelding-voor-yoast.jpg\",\"width\":1200,\"height\":630,\"caption\":\"Fovea IP\"},\"image\":{\"@id\":\"https:\/\/www.foveaip.com\/it\/#\/schema\/logo\/image\/\"},\"sameAs\":[\"https:\/\/www.linkedin.com\/company\/foveaip\/\"]}]}<\/script>\n<!-- \/ Yoast SEO plugin. -->","yoast_head_json":{"title":"Pharmaceuticals | Fovea IP","robots":{"index":"index","follow":"follow","max-snippet":"max-snippet:-1","max-image-preview":"max-image-preview:large","max-video-preview":"max-video-preview:-1"},"canonical":"https:\/\/www.foveaip.com\/it\/strumento-di-ricerca-online\/pharmaceuticals\/","og_locale":"it_IT","og_type":"article","og_title":"Pharmaceuticals | Fovea IP","og_description":"[vc_row full_width=&#8221;stretch_row&#8221; content_placement=&#8221;middle&#8221; row_height=&#8221;row_500px&#8221; row_color=&#8221;light-green&#8221; cat_circle=&#8221;cta-circle-yes&#8221; css=&#8221;.vc_custom_1713603710416{background-image: url(https:\/\/www.foveaip.com\/wp-content\/uploads\/2024\/03\/FoveaIP_corporate-1920&#215;500-2.jpg?id=3838) !important;background-position: center !important;background-repeat: no-repeat !important;background-size: cover !important;}&#8221;][vc_column][\/vc_column][\/vc_row][vc_row][vc_column width=&#8221;7\/12&#8243;][\/vc_column][vc_column width=&#8221;1\/12&#8243;][\/vc_column][vc_column width=&#8221;4\/12&#8243;][\/vc_column][\/vc_row][vc_row full_width=&#8221;stretch_row&#8221; row_color=&#8221;light-blue&#8221;][vc_column width=&#8221;7\/12&#8243;][\/vc_column][vc_column width=&#8221;1\/12&#8243;][\/vc_column][vc_column width=&#8221;4\/12&#8243;][\/vc_column][\/vc_row][vc_row full_width=&#8221;stretch_row&#8221; el_id=&#8221;contact&#8221;][vc_column width=&#8221;1\/2&#8243;][\/vc_column][vc_column width=&#8221;1\/2&#8243;][\/vc_column][\/vc_row]","og_url":"https:\/\/www.foveaip.com\/it\/strumento-di-ricerca-online\/pharmaceuticals\/","og_site_name":"Fovea IP","article_modified_time":"2024-11-08T11:09:48+00:00","og_image":[{"width":1200,"height":630,"url":"https:\/\/www.foveaip.com\/wp-content\/uploads\/2024\/03\/foveaip-social-share-afbeelding-voor-yoast.jpg","type":"image\/jpeg"}],"twitter_card":"summary_large_image","twitter_misc":{"Tempo di lettura stimato":"4 minuti"},"schema":{"@context":"https:\/\/schema.org","@graph":[{"@type":"WebPage","@id":"https:\/\/www.foveaip.com\/it\/strumento-di-ricerca-online\/pharmaceuticals\/","url":"https:\/\/www.foveaip.com\/it\/strumento-di-ricerca-online\/pharmaceuticals\/","name":"Pharmaceuticals | Fovea IP","isPartOf":{"@id":"https:\/\/www.foveaip.com\/it\/#website"},"datePublished":"2024-10-08T14:29:50+00:00","dateModified":"2024-11-08T11:09:48+00:00","breadcrumb":{"@id":"https:\/\/www.foveaip.com\/it\/strumento-di-ricerca-online\/pharmaceuticals\/#breadcrumb"},"inLanguage":"it-IT","potentialAction":[{"@type":"ReadAction","target":["https:\/\/www.foveaip.com\/it\/strumento-di-ricerca-online\/pharmaceuticals\/"]}]},{"@type":"BreadcrumbList","@id":"https:\/\/www.foveaip.com\/it\/strumento-di-ricerca-online\/pharmaceuticals\/#breadcrumb","itemListElement":[{"@type":"ListItem","position":1,"name":"Home","item":"https:\/\/www.foveaip.com\/it\/"},{"@type":"ListItem","position":2,"name":"Strumento di ricerca online","item":"https:\/\/www.foveaip.com\/it\/strumento-di-ricerca-online\/"},{"@type":"ListItem","position":3,"name":"Pharmaceuticals"}]},{"@type":"WebSite","@id":"https:\/\/www.foveaip.com\/it\/#website","url":"https:\/\/www.foveaip.com\/it\/","name":"Fovea IP","description":"The sharpest Eye on IP","publisher":{"@id":"https:\/\/www.foveaip.com\/it\/#organization"},"inLanguage":"it-IT"},{"@type":"Organization","@id":"https:\/\/www.foveaip.com\/it\/#organization","name":"Fovea IP","url":"https:\/\/www.foveaip.com\/it\/","logo":{"@type":"ImageObject","inLanguage":"it-IT","@id":"https:\/\/www.foveaip.com\/it\/#\/schema\/logo\/image\/","url":"https:\/\/www.foveaip.com\/wp-content\/uploads\/2024\/03\/foveaip-social-share-afbeelding-voor-yoast.jpg","contentUrl":"https:\/\/www.foveaip.com\/wp-content\/uploads\/2024\/03\/foveaip-social-share-afbeelding-voor-yoast.jpg","width":1200,"height":630,"caption":"Fovea IP"},"image":{"@id":"https:\/\/www.foveaip.com\/it\/#\/schema\/logo\/image\/"},"sameAs":["https:\/\/www.linkedin.com\/company\/foveaip\/"]}]}},"_links":{"self":[{"href":"https:\/\/www.foveaip.com\/it\/wp-json\/wp\/v2\/pages\/9030","targetHints":{"allow":["GET"]}}],"collection":[{"href":"https:\/\/www.foveaip.com\/it\/wp-json\/wp\/v2\/pages"}],"about":[{"href":"https:\/\/www.foveaip.com\/it\/wp-json\/wp\/v2\/types\/page"}],"author":[{"embeddable":true,"href":"https:\/\/www.foveaip.com\/it\/wp-json\/wp\/v2\/users\/10"}],"replies":[{"embeddable":true,"href":"https:\/\/www.foveaip.com\/it\/wp-json\/wp\/v2\/comments?post=9030"}],"version-history":[{"count":8,"href":"https:\/\/www.foveaip.com\/it\/wp-json\/wp\/v2\/pages\/9030\/revisions"}],"predecessor-version":[{"id":10368,"href":"https:\/\/www.foveaip.com\/it\/wp-json\/wp\/v2\/pages\/9030\/revisions\/10368"}],"up":[{"embeddable":true,"href":"https:\/\/www.foveaip.com\/it\/wp-json\/wp\/v2\/pages\/9004"}],"wp:attachment":[{"href":"https:\/\/www.foveaip.com\/it\/wp-json\/wp\/v2\/media?parent=9030"}],"curies":[{"name":"wp","href":"https:\/\/api.w.org\/{rel}","templated":true}]}}