{"id":9066,"date":"2024-10-08T16:29:45","date_gmt":"2024-10-08T14:29:45","guid":{"rendered":"https:\/\/www.foveaip.com\/?page_id=9066"},"modified":"2024-10-10T09:41:22","modified_gmt":"2024-10-10T07:41:22","slug":"azienda","status":"publish","type":"page","link":"https:\/\/www.foveaip.com\/it\/azienda\/","title":{"rendered":"Azienda"},"content":{"rendered":"<div class=\"wpb-content-wrapper\"><p>[vc_row full_width=&#8221;stretch_row&#8221; content_placement=&#8221;middle&#8221; row_height=&#8221;row_500px&#8221; row_color=&#8221;blue&#8221; cat_circle=&#8221;cta-circle-yes&#8221;][vc_column]\r\n        <div class=\"sd-cta-circle\">\r\n            <div class=\"circle-inner color-blue\">\r\n        <div class=\"sd-block-title \">\r\n            <h1 class=\"sd-block-title-htag  font-huge color-white align-center margin-bottom-30px\">Azienda<\/h1>\r\n        <\/div>\r\n        <div class=\"sd-block-text margin-bottom-0px \r\n            size-large \r\n            color-white\r\n            \r\n            \r\n            \">\r\n            <p>Il partner per l\u2019IP in grado di aprirti gli occhi<\/p>\n\r\n        <\/div>\r\n            <\/div>\r\n        <\/div>[\/vc_column][\/vc_row][vc_row][vc_column width=&#8221;5\/12&#8243;]\r\n        <div class=\"sd-block-title \">\r\n            <h2 class=\"sd-block-title-htag  font-middle color-black align-left margin-bottom-30px\">Fovea IP. La libreria di dati pi\u00f9 completa. La piattaforma di ricerca pi\u00f9 veloce.<\/h2>\r\n        <\/div>\r\n        <div class=\"sd-block-text margin-bottom-60px \r\n            size-regular \r\n            color-black\r\n            \r\n            \r\n            \">\r\n            <p>I marchi sono i beni pi\u00f9 preziosi di un&#8217;azienda. Il panorama economico attuale sta contribuendo all\u2019aumento del numero di marchi e brevetti depositati. Per proteggere i diritti di propriet\u00e0 intellettuale \u00e8 necessario effettuare costantemente ricerche e monitoraggi di qualit\u00e0.<\/p>\n<p>La piattaforma all\u2019avanguardia di Fovea IP, basata sull\u2019IA, risponde esattamente a queste esigenze. L\u2019azienda si impegna a migliorare costantemente i propri servizi e a innovare per garantire ai propri clienti un vantaggio competitivo: con Fovea IP la crescita aumenta e i rischi diminuiscono.<\/p>\n<p>Una proposta imperdibile.<\/p>\n\r\n        <\/div>[\/vc_column][vc_column width=&#8221;1\/12&#8243;][\/vc_column][vc_column width=&#8221;1\/2&#8243;][vc_row_inner][vc_column_inner width=&#8221;1\/2&#8243;]\r\n        <div class=\"sd-cta-text \r\n            margin-bottom-30px \r\n            cta-text. \r\n            bg-light-blue\"\r\n            >\r\n                <a href=\"https:\/\/www.foveaip.com\/it\/azienda\/missione\/\">\r\n        <div class=\"sd-block-title \">\r\n            <h3 class=\"sd-block-title-htag  font-small color-black align-left margin-bottom-0px\">Missione<\/h3>\r\n        <\/div>\r\n        <div class=\"sd-block-button  margin-bottom-0px no-background size-regular text-color-black align-left\">\r\n                <span class=\"inner-button\"\r\n                href=\"\" title=\"Consulta la pagina\">Consulta la pagina<svg xmlns=\"http:\/\/www.w3.org\/2000\/svg\" viewBox=\"0 0 16 16\"><path fill=\"currentColor\" d=\"M12.2,9H0V7h12.2L6.6,1.4L8,0l8,8l-8,8l-1.4-1.4L12.2,9z\"\/><\/svg><\/span>\r\n        <\/div>\r\n                <\/a>\r\n        <\/div>[\/vc_column_inner][vc_column_inner width=&#8221;1\/2&#8243;]\r\n        <div class=\"sd-cta-text \r\n            margin-bottom-30px \r\n            cta-text. \r\n            bg-light-blue\"\r\n            >\r\n                <a href=\"https:\/\/www.foveaip.com\/it\/azienda\/il-team\/\">\r\n        <div class=\"sd-block-title \">\r\n            <h3 class=\"sd-block-title-htag  font-small color-black align-left margin-bottom-0px\">Il team<\/h3>\r\n        <\/div>\r\n        <div class=\"sd-block-button  margin-bottom-0px no-background size-regular text-color-black align-left\">\r\n                <span class=\"inner-button\"\r\n                href=\"\" title=\"Consulta la pagina\">Consulta la pagina<svg xmlns=\"http:\/\/www.w3.org\/2000\/svg\" viewBox=\"0 0 16 16\"><path fill=\"currentColor\" d=\"M12.2,9H0V7h12.2L6.6,1.4L8,0l8,8l-8,8l-1.4-1.4L12.2,9z\"\/><\/svg><\/span>\r\n        <\/div>\r\n                <\/a>\r\n        <\/div>[\/vc_column_inner][\/vc_row_inner][vc_row_inner][vc_column_inner width=&#8221;1\/2&#8243;]\r\n        <div class=\"sd-cta-text \r\n            margin-bottom-30px \r\n            cta-text. \r\n            bg-light-blue\"\r\n            >\r\n                <a href=\"https:\/\/www.foveaip.com\/it\/azienda\/storia\/\">\r\n        <div class=\"sd-block-title \">\r\n            <h3 class=\"sd-block-title-htag  font-small color-black align-left margin-bottom-0px\">Storia<\/h3>\r\n        <\/div>\r\n        <div class=\"sd-block-button  margin-bottom-0px no-background size-regular text-color-black align-left\">\r\n                <span class=\"inner-button\"\r\n                href=\"\" title=\"Consulta la pagina\">Consulta la pagina<svg xmlns=\"http:\/\/www.w3.org\/2000\/svg\" viewBox=\"0 0 16 16\"><path fill=\"currentColor\" d=\"M12.2,9H0V7h12.2L6.6,1.4L8,0l8,8l-8,8l-1.4-1.4L12.2,9z\"\/><\/svg><\/span>\r\n        <\/div>\r\n                <\/a>\r\n        <\/div>[\/vc_column_inner][vc_column_inner width=&#8221;1\/2&#8243;]\r\n        <div class=\"sd-cta-text \r\n            margin-bottom-30px \r\n            cta-text. \r\n            bg-light-blue\"\r\n            >\r\n                <a href=\"https:\/\/www.foveaip.com\/it\/azienda\/tecnologie-fovea-ip\/\">\r\n        <div class=\"sd-block-title \">\r\n            <h3 class=\"sd-block-title-htag  font-small color-black align-left margin-bottom-0px\">Tecnologie<\/h3>\r\n        <\/div>\r\n        <div class=\"sd-block-button  margin-bottom-0px no-background size-regular text-color-black align-left\">\r\n                <span class=\"inner-button\"\r\n                href=\"\" title=\"Consulta la pagina\">Consulta la pagina<svg xmlns=\"http:\/\/www.w3.org\/2000\/svg\" viewBox=\"0 0 16 16\"><path fill=\"currentColor\" d=\"M12.2,9H0V7h12.2L6.6,1.4L8,0l8,8l-8,8l-1.4-1.4L12.2,9z\"\/><\/svg><\/span>\r\n        <\/div>\r\n                <\/a>\r\n        <\/div>[\/vc_column_inner][\/vc_row_inner][vc_row_inner][vc_column_inner width=&#8221;1\/2&#8243;]\r\n        <div class=\"sd-cta-text \r\n            margin-bottom-30px \r\n            cta-text. \r\n            bg-light-blue\"\r\n            >\r\n                <a href=\"https:\/\/www.foveaip.com\/it\/azienda\/sedi-fovea-ip\/\">\r\n        <div class=\"sd-block-title \">\r\n            <h3 class=\"sd-block-title-htag  font-small color-black align-left margin-bottom-0px\">Sedi<\/h3>\r\n        <\/div>\r\n        <div class=\"sd-block-button  margin-bottom-0px no-background size-regular text-color-black align-left\">\r\n                <span class=\"inner-button\"\r\n                href=\"\" title=\"Consulta la pagina\">Consulta la pagina<svg xmlns=\"http:\/\/www.w3.org\/2000\/svg\" viewBox=\"0 0 16 16\"><path fill=\"currentColor\" d=\"M12.2,9H0V7h12.2L6.6,1.4L8,0l8,8l-8,8l-1.4-1.4L12.2,9z\"\/><\/svg><\/span>\r\n        <\/div>\r\n                <\/a>\r\n        <\/div>[\/vc_column_inner][vc_column_inner width=&#8221;1\/2&#8243;]\r\n        <div class=\"sd-cta-text \r\n            margin-bottom-30px \r\n            cta-text. \r\n            bg-light-blue\"\r\n            >\r\n                <a href=\"https:\/\/www.foveaip.com\/it\/azienda\/responsabilita-sociale\/\">\r\n        <div class=\"sd-block-title \">\r\n            <h3 class=\"sd-block-title-htag  font-small color-black align-left margin-bottom-0px\">Responsabilit\u00e0 sociale<\/h3>\r\n        <\/div>\r\n        <div class=\"sd-block-button  margin-bottom-0px no-background size-regular text-color-black align-left\">\r\n                <span class=\"inner-button\"\r\n                href=\"\" title=\"Consulta la pagina\">Consulta la pagina<svg xmlns=\"http:\/\/www.w3.org\/2000\/svg\" viewBox=\"0 0 16 16\"><path fill=\"currentColor\" d=\"M12.2,9H0V7h12.2L6.6,1.4L8,0l8,8l-8,8l-1.4-1.4L12.2,9z\"\/><\/svg><\/span>\r\n        <\/div>\r\n                <\/a>\r\n        <\/div>[\/vc_column_inner][\/vc_row_inner][vc_row_inner][vc_column_inner width=&#8221;1\/2&#8243;]\r\n        <div class=\"sd-cta-text \r\n            margin-bottom-30px \r\n            cta-text. \r\n            bg-light-blue\"\r\n            >\r\n                <a href=\"https:\/\/www.foveaip.com\/it\/azienda\/ruoli-vacanti\/\">\r\n        <div class=\"sd-block-title \">\r\n            <h3 class=\"sd-block-title-htag  font-small color-black align-left margin-bottom-0px\">Ruoli vacanti<\/h3>\r\n        <\/div>\r\n        <div class=\"sd-block-button  margin-bottom-0px no-background size-regular text-color-black align-left\">\r\n                <span class=\"inner-button\"\r\n                href=\"\" title=\"Consulta la pagina\">Consulta la pagina<svg xmlns=\"http:\/\/www.w3.org\/2000\/svg\" viewBox=\"0 0 16 16\"><path fill=\"currentColor\" d=\"M12.2,9H0V7h12.2L6.6,1.4L8,0l8,8l-8,8l-1.4-1.4L12.2,9z\"\/><\/svg><\/span>\r\n        <\/div>\r\n                <\/a>\r\n        <\/div>[\/vc_column_inner][vc_column_inner width=&#8221;1\/2&#8243;]\r\n        <div class=\"sd-cta-text \r\n            margin-bottom-30px \r\n            cta-text. \r\n            bg-light-blue mobile-margin-bottom-0px\"\r\n            >\r\n                <a href=\"https:\/\/www.foveaip.com\/it\/azienda\/newsletter\/\">\r\n        <div class=\"sd-block-title \">\r\n            <h3 class=\"sd-block-title-htag  font-small color-black align-left margin-bottom-0px\">Newsletter<\/h3>\r\n        <\/div>\r\n        <div class=\"sd-block-button  margin-bottom-0px no-background size-regular text-color-black align-left\">\r\n                <span class=\"inner-button\"\r\n                href=\"\" title=\"Consulta la pagina\">Consulta la pagina<svg xmlns=\"http:\/\/www.w3.org\/2000\/svg\" viewBox=\"0 0 16 16\"><path fill=\"currentColor\" d=\"M12.2,9H0V7h12.2L6.6,1.4L8,0l8,8l-8,8l-1.4-1.4L12.2,9z\"\/><\/svg><\/span>\r\n        <\/div>\r\n                <\/a>\r\n        <\/div>[\/vc_column_inner][\/vc_row_inner][\/vc_column][\/vc_row]<\/p>\n<\/div>","protected":false},"excerpt":{"rendered":"<p>[vc_row full_width=&#8221;stretch_row&#8221; content_placement=&#8221;middle&#8221; row_height=&#8221;row_500px&#8221; row_color=&#8221;blue&#8221; cat_circle=&#8221;cta-circle-yes&#8221;][vc_column][\/vc_column][\/vc_row][vc_row][vc_column width=&#8221;5\/12&#8243;][\/vc_column][vc_column width=&#8221;1\/12&#8243;][\/vc_column][vc_column width=&#8221;1\/2&#8243;][vc_row_inner][vc_column_inner width=&#8221;1\/2&#8243;][\/vc_column_inner][vc_column_inner width=&#8221;1\/2&#8243;][\/vc_column_inner][\/vc_row_inner][vc_row_inner][vc_column_inner width=&#8221;1\/2&#8243;][\/vc_column_inner][vc_column_inner width=&#8221;1\/2&#8243;][\/vc_column_inner][\/vc_row_inner][vc_row_inner][vc_column_inner width=&#8221;1\/2&#8243;][\/vc_column_inner][vc_column_inner width=&#8221;1\/2&#8243;][\/vc_column_inner][\/vc_row_inner][vc_row_inner][vc_column_inner width=&#8221;1\/2&#8243;][\/vc_column_inner][vc_column_inner width=&#8221;1\/2&#8243;][\/vc_column_inner][\/vc_row_inner][\/vc_column][\/vc_row]<\/p>\n","protected":false},"author":10,"featured_media":0,"parent":0,"menu_order":0,"comment_status":"closed","ping_status":"closed","template":"","meta":{"_acf_changed":false,"content-type":"","footnotes":""},"class_list":["post-9066","page","type-page","status-publish","hentry"],"acf":[],"yoast_head":"<!-- This site is optimized with the Yoast SEO plugin v26.8 - https:\/\/yoast.com\/product\/yoast-seo-wordpress\/ -->\n<title>Azienda | Fovea IP<\/title>\n<meta name=\"robots\" content=\"index, follow, max-snippet:-1, max-image-preview:large, max-video-preview:-1\" \/>\n<link rel=\"canonical\" href=\"https:\/\/www.foveaip.com\/it\/azienda\/\" \/>\n<meta property=\"og:locale\" content=\"it_IT\" \/>\n<meta property=\"og:type\" content=\"article\" \/>\n<meta property=\"og:title\" content=\"Azienda | Fovea IP\" \/>\n<meta property=\"og:description\" content=\"[vc_row full_width=&#8221;stretch_row&#8221; content_placement=&#8221;middle&#8221; row_height=&#8221;row_500px&#8221; row_color=&#8221;blue&#8221; cat_circle=&#8221;cta-circle-yes&#8221;][vc_column][\/vc_column][\/vc_row][vc_row][vc_column width=&#8221;5\/12&#8243;][\/vc_column][vc_column width=&#8221;1\/12&#8243;][\/vc_column][vc_column width=&#8221;1\/2&#8243;][vc_row_inner][vc_column_inner width=&#8221;1\/2&#8243;][\/vc_column_inner][vc_column_inner width=&#8221;1\/2&#8243;][\/vc_column_inner][\/vc_row_inner][vc_row_inner][vc_column_inner width=&#8221;1\/2&#8243;][\/vc_column_inner][vc_column_inner width=&#8221;1\/2&#8243;][\/vc_column_inner][\/vc_row_inner][vc_row_inner][vc_column_inner width=&#8221;1\/2&#8243;][\/vc_column_inner][vc_column_inner width=&#8221;1\/2&#8243;][\/vc_column_inner][\/vc_row_inner][vc_row_inner][vc_column_inner width=&#8221;1\/2&#8243;][\/vc_column_inner][vc_column_inner width=&#8221;1\/2&#8243;][\/vc_column_inner][\/vc_row_inner][\/vc_column][\/vc_row]\" \/>\n<meta property=\"og:url\" content=\"https:\/\/www.foveaip.com\/it\/azienda\/\" \/>\n<meta property=\"og:site_name\" content=\"Fovea IP\" \/>\n<meta property=\"article:modified_time\" content=\"2024-10-10T07:41:22+00:00\" \/>\n<meta property=\"og:image\" content=\"https:\/\/www.foveaip.com\/wp-content\/uploads\/2024\/03\/foveaip-social-share-afbeelding-voor-yoast.jpg\" \/>\n\t<meta property=\"og:image:width\" content=\"1200\" \/>\n\t<meta property=\"og:image:height\" content=\"630\" \/>\n\t<meta property=\"og:image:type\" content=\"image\/jpeg\" \/>\n<meta name=\"twitter:card\" content=\"summary_large_image\" \/>\n<meta name=\"twitter:label1\" content=\"Tempo di lettura stimato\" \/>\n\t<meta name=\"twitter:data1\" content=\"1 minuto\" \/>\n<script type=\"application\/ld+json\" class=\"yoast-schema-graph\">{\"@context\":\"https:\/\/schema.org\",\"@graph\":[{\"@type\":\"WebPage\",\"@id\":\"https:\/\/www.foveaip.com\/it\/azienda\/\",\"url\":\"https:\/\/www.foveaip.com\/it\/azienda\/\",\"name\":\"Azienda | Fovea IP\",\"isPartOf\":{\"@id\":\"https:\/\/www.foveaip.com\/it\/#website\"},\"datePublished\":\"2024-10-08T14:29:45+00:00\",\"dateModified\":\"2024-10-10T07:41:22+00:00\",\"breadcrumb\":{\"@id\":\"https:\/\/www.foveaip.com\/it\/azienda\/#breadcrumb\"},\"inLanguage\":\"it-IT\",\"potentialAction\":[{\"@type\":\"ReadAction\",\"target\":[\"https:\/\/www.foveaip.com\/it\/azienda\/\"]}]},{\"@type\":\"BreadcrumbList\",\"@id\":\"https:\/\/www.foveaip.com\/it\/azienda\/#breadcrumb\",\"itemListElement\":[{\"@type\":\"ListItem\",\"position\":1,\"name\":\"Home\",\"item\":\"https:\/\/www.foveaip.com\/it\/\"},{\"@type\":\"ListItem\",\"position\":2,\"name\":\"Azienda\"}]},{\"@type\":\"WebSite\",\"@id\":\"https:\/\/www.foveaip.com\/it\/#website\",\"url\":\"https:\/\/www.foveaip.com\/it\/\",\"name\":\"Fovea IP\",\"description\":\"The sharpest Eye on IP\",\"publisher\":{\"@id\":\"https:\/\/www.foveaip.com\/it\/#organization\"},\"inLanguage\":\"it-IT\"},{\"@type\":\"Organization\",\"@id\":\"https:\/\/www.foveaip.com\/it\/#organization\",\"name\":\"Fovea IP\",\"url\":\"https:\/\/www.foveaip.com\/it\/\",\"logo\":{\"@type\":\"ImageObject\",\"inLanguage\":\"it-IT\",\"@id\":\"https:\/\/www.foveaip.com\/it\/#\/schema\/logo\/image\/\",\"url\":\"https:\/\/www.foveaip.com\/wp-content\/uploads\/2024\/03\/foveaip-social-share-afbeelding-voor-yoast.jpg\",\"contentUrl\":\"https:\/\/www.foveaip.com\/wp-content\/uploads\/2024\/03\/foveaip-social-share-afbeelding-voor-yoast.jpg\",\"width\":1200,\"height\":630,\"caption\":\"Fovea IP\"},\"image\":{\"@id\":\"https:\/\/www.foveaip.com\/it\/#\/schema\/logo\/image\/\"},\"sameAs\":[\"https:\/\/www.linkedin.com\/company\/foveaip\/\"]}]}<\/script>\n<!-- \/ Yoast SEO plugin. -->","yoast_head_json":{"title":"Azienda | Fovea IP","robots":{"index":"index","follow":"follow","max-snippet":"max-snippet:-1","max-image-preview":"max-image-preview:large","max-video-preview":"max-video-preview:-1"},"canonical":"https:\/\/www.foveaip.com\/it\/azienda\/","og_locale":"it_IT","og_type":"article","og_title":"Azienda | Fovea IP","og_description":"[vc_row full_width=&#8221;stretch_row&#8221; content_placement=&#8221;middle&#8221; row_height=&#8221;row_500px&#8221; row_color=&#8221;blue&#8221; cat_circle=&#8221;cta-circle-yes&#8221;][vc_column][\/vc_column][\/vc_row][vc_row][vc_column width=&#8221;5\/12&#8243;][\/vc_column][vc_column width=&#8221;1\/12&#8243;][\/vc_column][vc_column width=&#8221;1\/2&#8243;][vc_row_inner][vc_column_inner width=&#8221;1\/2&#8243;][\/vc_column_inner][vc_column_inner width=&#8221;1\/2&#8243;][\/vc_column_inner][\/vc_row_inner][vc_row_inner][vc_column_inner width=&#8221;1\/2&#8243;][\/vc_column_inner][vc_column_inner width=&#8221;1\/2&#8243;][\/vc_column_inner][\/vc_row_inner][vc_row_inner][vc_column_inner width=&#8221;1\/2&#8243;][\/vc_column_inner][vc_column_inner width=&#8221;1\/2&#8243;][\/vc_column_inner][\/vc_row_inner][vc_row_inner][vc_column_inner width=&#8221;1\/2&#8243;][\/vc_column_inner][vc_column_inner width=&#8221;1\/2&#8243;][\/vc_column_inner][\/vc_row_inner][\/vc_column][\/vc_row]","og_url":"https:\/\/www.foveaip.com\/it\/azienda\/","og_site_name":"Fovea IP","article_modified_time":"2024-10-10T07:41:22+00:00","og_image":[{"width":1200,"height":630,"url":"https:\/\/www.foveaip.com\/wp-content\/uploads\/2024\/03\/foveaip-social-share-afbeelding-voor-yoast.jpg","type":"image\/jpeg"}],"twitter_card":"summary_large_image","twitter_misc":{"Tempo di lettura stimato":"1 minuto"},"schema":{"@context":"https:\/\/schema.org","@graph":[{"@type":"WebPage","@id":"https:\/\/www.foveaip.com\/it\/azienda\/","url":"https:\/\/www.foveaip.com\/it\/azienda\/","name":"Azienda | Fovea IP","isPartOf":{"@id":"https:\/\/www.foveaip.com\/it\/#website"},"datePublished":"2024-10-08T14:29:45+00:00","dateModified":"2024-10-10T07:41:22+00:00","breadcrumb":{"@id":"https:\/\/www.foveaip.com\/it\/azienda\/#breadcrumb"},"inLanguage":"it-IT","potentialAction":[{"@type":"ReadAction","target":["https:\/\/www.foveaip.com\/it\/azienda\/"]}]},{"@type":"BreadcrumbList","@id":"https:\/\/www.foveaip.com\/it\/azienda\/#breadcrumb","itemListElement":[{"@type":"ListItem","position":1,"name":"Home","item":"https:\/\/www.foveaip.com\/it\/"},{"@type":"ListItem","position":2,"name":"Azienda"}]},{"@type":"WebSite","@id":"https:\/\/www.foveaip.com\/it\/#website","url":"https:\/\/www.foveaip.com\/it\/","name":"Fovea IP","description":"The sharpest Eye on IP","publisher":{"@id":"https:\/\/www.foveaip.com\/it\/#organization"},"inLanguage":"it-IT"},{"@type":"Organization","@id":"https:\/\/www.foveaip.com\/it\/#organization","name":"Fovea IP","url":"https:\/\/www.foveaip.com\/it\/","logo":{"@type":"ImageObject","inLanguage":"it-IT","@id":"https:\/\/www.foveaip.com\/it\/#\/schema\/logo\/image\/","url":"https:\/\/www.foveaip.com\/wp-content\/uploads\/2024\/03\/foveaip-social-share-afbeelding-voor-yoast.jpg","contentUrl":"https:\/\/www.foveaip.com\/wp-content\/uploads\/2024\/03\/foveaip-social-share-afbeelding-voor-yoast.jpg","width":1200,"height":630,"caption":"Fovea IP"},"image":{"@id":"https:\/\/www.foveaip.com\/it\/#\/schema\/logo\/image\/"},"sameAs":["https:\/\/www.linkedin.com\/company\/foveaip\/"]}]}},"_links":{"self":[{"href":"https:\/\/www.foveaip.com\/it\/wp-json\/wp\/v2\/pages\/9066","targetHints":{"allow":["GET"]}}],"collection":[{"href":"https:\/\/www.foveaip.com\/it\/wp-json\/wp\/v2\/pages"}],"about":[{"href":"https:\/\/www.foveaip.com\/it\/wp-json\/wp\/v2\/types\/page"}],"author":[{"embeddable":true,"href":"https:\/\/www.foveaip.com\/it\/wp-json\/wp\/v2\/users\/10"}],"replies":[{"embeddable":true,"href":"https:\/\/www.foveaip.com\/it\/wp-json\/wp\/v2\/comments?post=9066"}],"version-history":[{"count":5,"href":"https:\/\/www.foveaip.com\/it\/wp-json\/wp\/v2\/pages\/9066\/revisions"}],"predecessor-version":[{"id":9461,"href":"https:\/\/www.foveaip.com\/it\/wp-json\/wp\/v2\/pages\/9066\/revisions\/9461"}],"wp:attachment":[{"href":"https:\/\/www.foveaip.com\/it\/wp-json\/wp\/v2\/media?parent=9066"}],"curies":[{"name":"wp","href":"https:\/\/api.w.org\/{rel}","templated":true}]}}